{"id":21689,"date":"2021-12-29T11:10:24","date_gmt":"2021-12-29T10:10:24","guid":{"rendered":"https:\/\/bestwayingredients.com\/zakelijk\/"},"modified":"2022-12-16T17:21:21","modified_gmt":"2022-12-16T16:21:21","slug":"geschaeftlich","status":"publish","type":"page","link":"https:\/\/bestwayingredients.com\/de\/geschaeftlich\/","title":{"rendered":"Gesch\u00e4ftlich"},"content":{"rendered":"<p><div id=\"thz-section-holder-sc8bad8c9\" class=\"thz-section-holder section-notcontained none\" data-view-brightness=\"none\">\n\t<section class=\"thz-section thz-flex-section\">\n\t\t<div class=\"thz-section-in\">\n\t\t\t\t\t<div class=\"thz-container content-contained thz-site-width\">\n\t\t\t\t<div class=\"thz-row\">\n\t<div id=\"thz-column-cc90b446b\" class=\"thz-column thz-col-1-2 fcenter\">\n\t<div class=\"thz-column-container\">\n        <div class=\"thz-column-in\">\n                        <div class=\"thz-column-shortcodes\">\t\n                <div id=\"thz-sh-9439a0d5\" class=\"thz-shc thz-heading thz-sh-9439a0d5 thz-sh-plain thz-sh-pos-both\">\n\t<div class=\"thz-heading-holder\">\n\t\t\t\t<h2 class=\"thz-heading-title\">Einfach bestellen<br \/>f\u00fcr <span class=\"Y2IQFc\" lang=\"de\">Gesch\u00e4ftskunden<\/span><\/h2><div class=\"thz-sh-sub\"><p>Melden Sie sich an oder erstellen Sie einen Account<\/p><\/div>\t\t\t<\/div>\n<\/div><div class=\"thz-btn-container thz-mt-25\"><a class=\"thz-button thz-btn-theme thz-btn-normal thz-radius-4 thz-btn-border-1 thz-align-center\" href=\"https:\/\/bestwayingredients.com\/mein-konto\/\"><span class=\"thz-btn-text thz-fs-15 thz-fw-700\">Einloggen<\/span><\/a><\/div><div class=\"thz-btn-container thz-mt-25 thz-mr-15 thz-ml-15\"><a class=\"thz-button thz-btn-theme thz-btn-normal thz-radius-4 thz-btn-border-1 thz-align-center\" href=\"https:\/\/bestwayingredients.com\/en\/register-business-account\/\"><span class=\"thz-btn-text thz-fs-15 thz-fw-700\">Registrieren<\/span><\/a><\/div>            <\/div>\n                                            <\/div>\n    <\/div>\n<\/div><div id=\"thz-column-cc1486cf4\" class=\"thz-column thz-col-1-2 fcenter\">\n\t<div class=\"thz-column-container\">\n        <div class=\"thz-column-in\">\n                        <div class=\"thz-column-shortcodes\">\t\n                            <\/div>\n                                            <\/div>\n    <\/div>\n<\/div><\/div>\t\t\t<\/div>\n\t\t\t\t<\/div>\n\t\t<div class=\"thz-bglayer-container\"><div id=\"thz-bglayer-1831913b\" class=\"thz-basic-bglayer\"><\/div><\/div>\t\t<\/section>\n<\/div>\n<div id=\"thz-section-holder-sa607f0b2\" class=\"thz-section-holder section-notcontained none\" data-view-brightness=\"none\">\n\t<section class=\"thz-section\">\n\t\t<div class=\"thz-section-in\">\n\t\t\t\t\t<div class=\"thz-container content-contained thz-site-width\">\n\t\t\t\t<div class=\"thz-row\">\n\t<div id=\"thz-column-c48aa668b\" class=\"content-block thz-column thz-col-2-3 fstart\">\n\t<div class=\"thz-column-container\">\n        <div class=\"thz-column-in\">\n                        <div class=\"thz-column-shortcodes\">\t\n                <div class=\"thz-row\">\n\t<div id=\"thz-column-c9f8b7f2c\" class=\"thz-column thz-col-1 fstart\">\n\t<div class=\"thz-column-container\">\n        <div class=\"thz-column-in\">\n                        <div class=\"thz-column-shortcodes\">\t\n                <div id=\"thz-sh-cedbbed1\" class=\"thz-shc thz-heading thz-sh-cedbbed1 thz-sh-plain thz-sh-pos-both\">\n\t<div class=\"thz-heading-holder\">\n\t\t\t\t<h1 class=\"thz-heading-title\">Ihre Gesch\u00e4ftsbestellung bei Best Way Ingredients<\/h1>\t\t\t<\/div>\n<\/div>            <\/div>\n                                            <\/div>\n    <\/div>\n<\/div><\/div><div class=\"thz-row\">\n\t<div id=\"thz-column-c4176b523\" class=\"thz-column thz-col-1 fstart\">\n\t<div class=\"thz-column-container\">\n        <div class=\"thz-column-in\">\n                        <div class=\"thz-column-shortcodes\">\t\n                <div id=\"thz-text-block-110dc8e0\" class=\"thz-shc thz-text-block\"><h4><strong>Einfach und intelligent einkaufen<\/strong><\/h4><p class=\"tw-data-text tw-text-large tw-ta\" dir=\"ltr\" data-placeholder=\"Vertaling\"><span class=\"Y2IQFc\" lang=\"de\">Best Way Ingredients liefert auch Milchprodukte an Unternehmen in verschiedenen Branchen. Als Gesch\u00e4ftskunde profitieren Sie von Erm\u00e4<\/span><span class=\"Y2IQFc\" lang=\"de\">\u00df<\/span><span class=\"Y2IQFc\" lang=\"de\">igungen bei gr\u00f6<\/span><span class=\"Y2IQFc\" lang=\"de\">\u00df<\/span><span class=\"Y2IQFc\" lang=\"de\">ere Mengen<\/span><span class=\"Y2IQFc\" lang=\"de\">.<\/span><\/p><\/div>            <\/div>\n                                            <\/div>\n    <\/div>\n<\/div><\/div><div class=\"thz-row\">\n\t<div id=\"thz-column-c4a2988d1\" class=\"thz-column thz-col-1 fstart\">\n\t<div class=\"thz-column-container\">\n        <div class=\"thz-column-in\">\n                        <div class=\"thz-column-shortcodes\">\t\n                            <\/div>\n                                            <\/div>\n    <\/div>\n<\/div><\/div><div class=\"thz-row\">\n\t<div id=\"thz-column-ca4115d81\" class=\"thz-column thz-col-1 fstart\">\n\t<div class=\"thz-column-container\">\n        <div class=\"thz-column-in\">\n                        <div class=\"thz-column-shortcodes\">\t\n                <div id=\"thz-text-block-e7741360\" class=\"thz-shc thz-text-block\"><p><strong>Businessortiment f\u00fcr verschiedene Branchen<br \/><\/strong><span class=\"Y2IQFc\" lang=\"de\">Bei Best Way Ingredients finden Sie Molkereiprodukte, die in verschiedenen Branchen verwendet werden k\u00f6nnen. Wir beliefern verschiedene Kunden wie B\u00e4ckereien, Chocolatiers, Eishersteller, Brauereien, Restaurants und Produktionsbetriebe. Unsere Milchpulver und Molkenproteinpulver sind von hoher und konstanter Qualit\u00e4t und enthalten keine S\u00fc\u00df-, Farb-, Geschmacks- und Verdickungsmittel.<\/span><\/p><p><strong>Gesch\u00e4ftlichen Auftrag<br \/><\/strong><span class=\"Y2IQFc\" lang=\"de\">Als Gesch\u00e4ftskunde k\u00f6nnen Sie oben auf dieser Seite ein Konto erstellen und sich anschlie\u00dfend mit Ihrem gew\u00e4hlten Benutzernamen und Passwort anmelden. Die Preise unserer Produkte werden ohne Mehrwertsteuer angezeigt und wir verwenden spezielle Mengenrabatte f\u00fcr bestimmte Eink\u00e4ufe. Nach der Bestellung erhalten Sie eine digitale Rechnung mit ausgewiesener Mehrwertsteuer.<\/span><\/p><p><strong>Unser Service<br \/><\/strong><span class=\"Y2IQFc\" lang=\"de\">Bei Best Way Ingredients haben Sie einen Ansprechpartner. Neben der Tatsache, dass wir als Unternehmen Wert darauf legen, dass unsere Produkte von h\u00f6chster Qualit\u00e4t sind, legen wir auch gro\u00dfen Wert auf guten Service!<br \/><\/span><span class=\"Y2IQFc\" lang=\"de\">Wir finden es wichtig, dass Sie die gew\u00fcnschten Produkte kurzfristig (innerhalb von 3 Werktagen, je nach Bestimmungsort) und in gutem Zustand erhalten. Es kann immer passieren, dass etwas nicht so l\u00e4uft wie geplant. Wenn leider etwas schief geht, werden wir unser M\u00f6glichstes tun, um eine geeignete L\u00f6sung zu finden.<\/span><\/p><p><strong>Verf\u00fcgbarkeit<br \/><\/strong><span class=\"Y2IQFc\" lang=\"de\">Die meisten unserer Produkte in unserem Sortiment sind ab Lager lieferbar. In diesem Fall k\u00f6nnen wir Ihre Bestellung innerhalb von 3 Werktagen liefern (je nach Bestimmungsort). Bei gr\u00f6\u00dferen Mengen kann die Lieferzeit l\u00e4nger sein. Wir bitten Sie, uns zu kontaktieren, um die Lieferzeit mit Ihnen zu besprechen.<\/span><\/p><p><strong>Haben Sie Fragen?<br \/><\/strong><span class=\"Y2IQFc\" lang=\"de\">Sie haben Fragen zu unseren Produkten, Sammelbestellungen oder interessieren sich f\u00fcr eine Partnerschaft mit uns? Bitte <\/span><a href=\"mailto:info@bestwayingredients.com\">kontaktieren<\/a> Sie us!<\/p><p>Unsere Allgemeinen Gesch\u00e4ftsbedingungen f\u00fcr Gesch\u00e4ftskunden finden Sie <a href=\"https:\/\/bestwayingredients.com\/en\/general-terms-conditions-business\/\"><em><strong>hier<\/strong><\/em><\/a>.<\/p><p><em>Zahlung auf Kredit ist nach Zustimmung unseres Kreditversicherers m\u00f6glich.<br \/><span class=\"Y2IQFc\" lang=\"de\">Sollten die bestellten Produkte nicht vorr\u00e4tig sein, werden Sie schnellstm\u00f6glich \u00fcber den erstm\u00f6glichen Lieferzeitpunkt informiert.<\/span><\/em><\/p><\/div>            <\/div>\n                                            <\/div>\n    <\/div>\n<\/div><\/div>            <\/div>\n                                            <\/div>\n    <\/div>\n<\/div><div id=\"thz-column-c2c38b00e\" class=\"content-block thz-column thz-col-1-3 fstart\">\n\t<div class=\"thz-column-container\">\n        <div class=\"thz-column-in\">\n                        <div class=\"thz-column-shortcodes\">\t\n                <div class=\"thz-row\">\n\t<div id=\"thz-column-cd3fca5ba\" class=\"thz-column thz-col-1 fstart\">\n\t<div class=\"thz-column-container\">\n        <div class=\"thz-column-in\">\n                        <div class=\"thz-column-shortcodes\">\t\n                <div id=\"thz-sh-3e7baaba\" class=\"thz-shc thz-heading thz-sh-3e7baaba thz-sh-plain thz-sh-pos-both\">\n\t<div class=\"thz-heading-holder\">\n\t\t\t\t<h2 class=\"thz-heading-title\">Gesch\u00e4ftliche Vorteile<\/h2>\t\t\t<\/div>\n<\/div><ul id=\"thz-shortcode-list-0d63d0e7\" class=\"cutom-list thz-shc thz-icons-list thz-shortcode-list-0d63d0e7\"><li id=\"thz-list-item-b29c519b\" class=\"thz-list-item\"><i class=\"fa fa-check-circle\"><\/i> Sonderanfertigungen m\u00f6glich<\/li><li id=\"thz-list-item-7c88ca40\" class=\"thz-list-item\"><i class=\"fa fa-check-circle\"><\/i> Schnell geliefert<\/li><li id=\"thz-list-item-f2a51ac1\" class=\"thz-list-item\"><i class=\"fa fa-check-circle\"><\/i> Kleine Lieferungen (ab 1 KG)<\/li><li id=\"thz-list-item-0ac01101\" class=\"thz-list-item\"><i class=\"fa fa-check-circle\"><\/i> Exzellenten Kundenservice<\/li><\/ul>            <\/div>\n                                            <\/div>\n    <\/div>\n<\/div><\/div><div class=\"thz-row\">\n\t<div id=\"gform-id-6\" class=\"thz-column thz-col-1 fstart\">\n\t<div class=\"thz-column-container\">\n        <div class=\"thz-column-in\">\n                        <div class=\"thz-column-shortcodes\">\t\n                <div id=\"thz-sh-059f467a\" class=\"thz-shc thz-heading thz-sh-059f467a thz-sh-plain thz-sh-pos-both\">\n\t<div class=\"thz-heading-holder\">\n\t\t\t\t<h2 class=\"thz-heading-title\">Fragen? Rufe Sie uns an!<br \/><a href=\"tel:+31850479293\">+31 85 047 92 93<\/a><br \/>oder f\u00fcllen Sie das Formular aus<\/h2>\t\t\t<\/div>\n<\/div><div id=\"thz-parse-shortcode-block-fe5a214b\" class=\"thz-shc thz-parse-shortcode-block gravityform\"><script type=\"text\/javascript\">\n\/* <![CDATA[ *\/\nvar gform;gform||(document.addEventListener(\"gform_main_scripts_loaded\",function(){gform.scriptsLoaded=!0}),document.addEventListener(\"gform\/theme\/scripts_loaded\",function(){gform.themeScriptsLoaded=!0}),window.addEventListener(\"DOMContentLoaded\",function(){gform.domLoaded=!0}),gform={domLoaded:!1,scriptsLoaded:!1,themeScriptsLoaded:!1,isFormEditor:()=>\"function\"==typeof InitializeEditor,callIfLoaded:function(o){return!(!gform.domLoaded||!gform.scriptsLoaded||!gform.themeScriptsLoaded&&!gform.isFormEditor()||(gform.isFormEditor()&&console.warn(\"The use of gform.initializeOnLoaded() is deprecated in the form editor context and will be removed in Gravity Forms 3.1.\"),o(),0))},initializeOnLoaded:function(o){gform.callIfLoaded(o)||(document.addEventListener(\"gform_main_scripts_loaded\",()=>{gform.scriptsLoaded=!0,gform.callIfLoaded(o)}),document.addEventListener(\"gform\/theme\/scripts_loaded\",()=>{gform.themeScriptsLoaded=!0,gform.callIfLoaded(o)}),window.addEventListener(\"DOMContentLoaded\",()=>{gform.domLoaded=!0,gform.callIfLoaded(o)}))},hooks:{action:{},filter:{}},addAction:function(o,r,e,t){gform.addHook(\"action\",o,r,e,t)},addFilter:function(o,r,e,t){gform.addHook(\"filter\",o,r,e,t)},doAction:function(o){gform.doHook(\"action\",o,arguments)},applyFilters:function(o){return gform.doHook(\"filter\",o,arguments)},removeAction:function(o,r){gform.removeHook(\"action\",o,r)},removeFilter:function(o,r,e){gform.removeHook(\"filter\",o,r,e)},addHook:function(o,r,e,t,n){null==gform.hooks[o][r]&&(gform.hooks[o][r]=[]);var d=gform.hooks[o][r];null==n&&(n=r+\"_\"+d.length),gform.hooks[o][r].push({tag:n,callable:e,priority:t=null==t?10:t})},doHook:function(r,o,e){var t;if(e=Array.prototype.slice.call(e,1),null!=gform.hooks[r][o]&&((o=gform.hooks[r][o]).sort(function(o,r){return o.priority-r.priority}),o.forEach(function(o){\"function\"!=typeof(t=o.callable)&&(t=window[t]),\"action\"==r?t.apply(null,e):e[0]=t.apply(null,e)})),\"filter\"==r)return e[0]},removeHook:function(o,r,t,n){var e;null!=gform.hooks[o][r]&&(e=(e=gform.hooks[o][r]).filter(function(o,r,e){return!!(null!=n&&n!=o.tag||null!=t&&t!=o.priority)}),gform.hooks[o][r]=e)}});\n\/* ]]> *\/\n<\/script>\n\n                <div class='gf_browser_gecko gform_wrapper gform_legacy_markup_wrapper gform-theme--no-framework' data-form-theme='legacy' data-form-index='0' id='gform_wrapper_4' ><form method='post' enctype='multipart\/form-data'  id='gform_4'  action='\/de\/wp-json\/wp\/v2\/pages\/21689' data-formid='4' novalidate><div class='gf_invisible ginput_recaptchav3' data-sitekey='6Ldf-FIgAAAAADOHr3B85yS0mkygaO2UgnPEu8qB' data-tabindex='0'><input id=\"input_35be03f21148cf7daf00d9edcddf7231\" class=\"gfield_recaptcha_response\" type=\"hidden\" name=\"input_35be03f21148cf7daf00d9edcddf7231\" value=\"\"\/><\/div>\n                        <div class='gform-body gform_body'><ul id='gform_fields_4' class='gform_fields top_label form_sublabel_below description_below validation_below'><li id=\"field_4_2\" class=\"gfield gfield--type-text gfield_contains_required field_sublabel_below gfield--no-description field_description_below field_validation_below gfield_visibility_visible\"  ><label class='gfield_label gform-field-label' for='input_4_2'>Vor-und Nachname<span class=\"gfield_required\"><span class=\"gfield_required gfield_required_asterisk\">*<\/span><\/span><\/label><div class='ginput_container ginput_container_text'><input name='input_2' id='input_4_2' type='text' value='' class='medium'    placeholder='John Doe' aria-required=\"true\" aria-invalid=\"false\"   \/><\/div><\/li><li id=\"field_4_3\" class=\"gfield gfield--type-text field_sublabel_below gfield--no-description field_description_below field_validation_below gfield_visibility_visible\"  ><label class='gfield_label gform-field-label' for='input_4_3'>Name des Unternehmens<\/label><div class='ginput_container ginput_container_text'><input name='input_3' id='input_4_3' type='text' value='' class='medium'      aria-invalid=\"false\"   \/><\/div><\/li><li id=\"field_4_4\" class=\"gfield gfield--type-number field_sublabel_below gfield--no-description field_description_below field_validation_below gfield_visibility_visible\"  ><label class='gfield_label gform-field-label' for='input_4_4'>Telefonnummer<\/label><div class='ginput_container ginput_container_number'><input name='input_4' id='input_4_4' type='number' step='any'   value='' class='medium'      aria-invalid=\"false\"  \/><\/div><\/li><li id=\"field_4_5\" class=\"gfield gfield--type-email gfield_contains_required field_sublabel_below gfield--no-description field_description_below field_validation_below gfield_visibility_visible\"  ><label class='gfield_label gform-field-label' for='input_4_5'>E-Mail-Adresse<span class=\"gfield_required\"><span class=\"gfield_required gfield_required_asterisk\">*<\/span><\/span><\/label><div class='ginput_container ginput_container_email'>\n                            <input name='input_5' id='input_4_5' type='email' value='' class='medium'    aria-required=\"true\" aria-invalid=\"false\"  \/>\n                        <\/div><\/li><li id=\"field_4_6\" class=\"gfield gfield--type-textarea gfield_contains_required field_sublabel_below gfield--no-description field_description_below field_validation_below gfield_visibility_visible\"  ><label class='gfield_label gform-field-label' for='input_4_6'>Ihre Mitteilung<span class=\"gfield_required\"><span class=\"gfield_required gfield_required_asterisk\">*<\/span><\/span><\/label><div class='ginput_container ginput_container_textarea'><textarea name='input_6' id='input_4_6' class='textarea medium'     aria-required=\"true\" aria-invalid=\"false\"   rows='10' cols='50'><\/textarea><\/div><\/li><\/ul><\/div>\n        <div class='gform-footer gform_footer top_label'> <input type='submit' id='gform_submit_button_4' class='gform_button button' onclick='gform.submission.handleButtonClick(this);' data-submission-type='submit' value='Absenden'  \/> \n            <input type='hidden' class='gform_hidden' name='gform_submission_method' data-js='gform_submission_method_4' value='postback' \/>\n            <input type='hidden' class='gform_hidden' name='gform_theme' data-js='gform_theme_4' id='gform_theme_4' value='legacy' \/>\n            <input type='hidden' class='gform_hidden' name='gform_style_settings' data-js='gform_style_settings_4' id='gform_style_settings_4' value='[]' \/>\n            <input type='hidden' class='gform_hidden' name='is_submit_4' value='1' \/>\n            <input type='hidden' class='gform_hidden' name='gform_submit' value='4' \/>\n            \n            <input type='hidden' class='gform_hidden' name='gform_currency' data-currency='EUR' value='dxMuCt8\/ecrGdbI16FbFDEwv\/9gETIySOm8Gh1uunvB\/7DE93PQme12BXr6DgD7b7AYmyHS\/ef2ox+LgY4BdQUSGt+yv+XRN+H3dWvszgP+CTs0=' \/>\n            <input type='hidden' class='gform_hidden' name='gform_unique_id' value='' \/>\n            <input type='hidden' class='gform_hidden' name='state_4' value='WyJbXSIsImY2NjQyNzIzNmYyN2NlNzIzODRhNTgxYjY4YWI4MzNiIl0=' \/>\n            <input type='hidden' autocomplete='off' class='gform_hidden' name='gform_target_page_number_4' id='gform_target_page_number_4' value='0' \/>\n            <input type='hidden' autocomplete='off' class='gform_hidden' name='gform_source_page_number_4' id='gform_source_page_number_4' value='1' \/>\n            <input type='hidden' name='gform_field_values' value='' \/>\n            \n        <\/div>\n                        <\/form>\n                        <\/div><script type=\"text\/javascript\">\n\/* <![CDATA[ *\/\n gform.initializeOnLoaded( function() {gformInitSpinner( 4, 'https:\/\/bestwayingredients.com\/wp-content\/plugins\/gravityforms\/images\/spinner.svg', true );jQuery('#gform_ajax_frame_4').on('load',function(){var contents = jQuery(this).contents().find('*').html();var is_postback = contents.indexOf('GF_AJAX_POSTBACK') >= 0;if(!is_postback){return;}var form_content = jQuery(this).contents().find('#gform_wrapper_4');var is_confirmation = jQuery(this).contents().find('#gform_confirmation_wrapper_4').length > 0;var is_redirect = contents.indexOf('gformRedirect(){') >= 0;var is_form = form_content.length > 0 && ! is_redirect && ! is_confirmation;var mt = parseInt(jQuery('html').css('margin-top'), 10) + parseInt(jQuery('body').css('margin-top'), 10) + 100;if(is_form){jQuery('#gform_wrapper_4').html(form_content.html());if(form_content.hasClass('gform_validation_error')){jQuery('#gform_wrapper_4').addClass('gform_validation_error');} else {jQuery('#gform_wrapper_4').removeClass('gform_validation_error');}setTimeout( function() { \/* delay the scroll by 50 milliseconds to fix a bug in chrome *\/  }, 50 );if(window['gformInitDatepicker']) {gformInitDatepicker();}if(window['gformInitPriceFields']) {gformInitPriceFields();}var current_page = jQuery('#gform_source_page_number_4').val();gformInitSpinner( 4, 'https:\/\/bestwayingredients.com\/wp-content\/plugins\/gravityforms\/images\/spinner.svg', true );jQuery(document).trigger('gform_page_loaded', [4, current_page]);window['gf_submitting_4'] = false;}else if(!is_redirect){var confirmation_content = jQuery(this).contents().find('.GF_AJAX_POSTBACK').html();if(!confirmation_content){confirmation_content = contents;}jQuery('#gform_wrapper_4').replaceWith(confirmation_content);jQuery(document).trigger('gform_confirmation_loaded', [4]);window['gf_submitting_4'] = false;wp.a11y.speak(jQuery('#gform_confirmation_message_4').text());}else{jQuery('#gform_4').append(contents);if(window['gformRedirect']) {gformRedirect();}}jQuery(document).trigger(\"gform_pre_post_render\", [{ formId: \"4\", currentPage: \"current_page\", abort: function() { this.preventDefault(); } }]);        if (event && event.defaultPrevented) {                return;        }        const gformWrapperDiv = document.getElementById( \"gform_wrapper_4\" );        if ( gformWrapperDiv ) {            const visibilitySpan = document.createElement( \"span\" );            visibilitySpan.id = \"gform_visibility_test_4\";            gformWrapperDiv.insertAdjacentElement( \"afterend\", visibilitySpan );        }        const visibilityTestDiv = document.getElementById( \"gform_visibility_test_4\" );        let postRenderFired = false;        function triggerPostRender() {            if ( postRenderFired ) {                return;            }            postRenderFired = true;            gform.core.triggerPostRenderEvents( 4, current_page );            if ( visibilityTestDiv ) {                visibilityTestDiv.parentNode.removeChild( visibilityTestDiv );            }        }        function debounce( func, wait, immediate ) {            var timeout;            return function() {                var context = this, args = arguments;                var later = function() {                    timeout = null;                    if ( !immediate ) func.apply( context, args );                };                var callNow = immediate && !timeout;                clearTimeout( timeout );                timeout = setTimeout( later, wait );                if ( callNow ) func.apply( context, args );            };        }        const debouncedTriggerPostRender = debounce( function() {            triggerPostRender();        }, 200 );        if ( visibilityTestDiv && visibilityTestDiv.offsetParent === null ) {            const observer = new MutationObserver( ( mutations ) => {                mutations.forEach( ( mutation ) => {                    if ( mutation.type === 'attributes' && visibilityTestDiv.offsetParent !== null ) {                        debouncedTriggerPostRender();                        observer.disconnect();                    }                });            });            observer.observe( document.body, {                attributes: true,                childList: false,                subtree: true,                attributeFilter: [ 'style', 'class' ],            });        } else {            triggerPostRender();        }    } );} ); \n\/* ]]> *\/\n<\/script>\n<\/div>            <\/div>\n                                            <\/div>\n    <\/div>\n<\/div><\/div>            <\/div>\n                                            <\/div>\n    <\/div>\n<\/div><\/div>\t\t\t<\/div>\n\t\t\t\t<\/div>\n\t\t\t\t<\/section>\n<\/div>\n<\/p>\n","protected":false},"excerpt":{"rendered":"<p>Einfach bestellenf\u00fcr Gesch\u00e4ftskundenMelden Sie sich an oder erstellen Sie einen Account EinloggenRegistrieren Ihre Gesch\u00e4ftsbestellung bei Best Way Ingredients Einfach und intelligent einkaufenBest Way Ingredients liefert auch Milchprodukte an Unternehmen in verschiedenen Branchen. Als Gesch\u00e4ftskunde profitieren Sie von Erm\u00e4\u00dfigungen bei gr\u00f6\u00dfere Mengen. Businessortiment f\u00fcr verschiedene BranchenBei Best Way Ingredients finden Sie Molkereiprodukte, die in verschiedenen Branchen verwendet werden k\u00f6nnen. Wir beliefern verschiedene Kunden wie B\u00e4ckereien, Chocolatiers, Eishersteller, Brauereien, Restaurants und Produktionsbetriebe. Unsere Milchpulver und Molkenproteinpulver sind von hoher und konstanter Qualit\u00e4t und enthalten keine S\u00fc\u00df-, Farb-, Geschmacks- und Verdickungsmittel.Gesch\u00e4ftlichen AuftragAls Gesch\u00e4ftskunde k\u00f6nnen Sie oben auf dieser Seite ein Konto erstellen und sich anschlie\u00dfend mit Ihrem gew\u00e4hlten Benutzernamen und Passwort anmelden. Die Preise unserer Produkte werden ohne Mehrwertsteuer angezeigt und wir verwenden spezielle Mengenrabatte f\u00fcr bestimmte Eink\u00e4ufe. Nach der Bestellung erhalten Sie eine digitale Rechnung mit ausgewiesener Mehrwertsteuer.Unser ServiceBei Best Way Ingredients haben Sie einen Ansprechpartner. Neben der Tatsache, dass wir als Unternehmen Wert darauf legen, dass unsere Produkte von h\u00f6chster Qualit\u00e4t sind, legen wir auch gro\u00dfen Wert auf guten Service!Wir finden es wichtig, dass Sie die gew\u00fcnschten Produkte kurzfristig (innerhalb von 3 Werktagen, je nach Bestimmungsort) und in gutem Zustand erhalten. Es kann immer passieren, dass etwas nicht so l\u00e4uft wie [&hellip;]<\/p>\n","protected":false},"author":1,"featured_media":0,"parent":0,"menu_order":0,"comment_status":"closed","ping_status":"closed","template":"template-parts\/page-builder.php","meta":{"_acf_changed":false,"footnotes":""},"tags":[],"class_list":["post-21689","page","type-page","status-publish","hentry"],"acf":[],"_links":{"self":[{"href":"https:\/\/bestwayingredients.com\/de\/wp-json\/wp\/v2\/pages\/21689","targetHints":{"allow":["GET"]}}],"collection":[{"href":"https:\/\/bestwayingredients.com\/de\/wp-json\/wp\/v2\/pages"}],"about":[{"href":"https:\/\/bestwayingredients.com\/de\/wp-json\/wp\/v2\/types\/page"}],"author":[{"embeddable":true,"href":"https:\/\/bestwayingredients.com\/de\/wp-json\/wp\/v2\/users\/1"}],"replies":[{"embeddable":true,"href":"https:\/\/bestwayingredients.com\/de\/wp-json\/wp\/v2\/comments?post=21689"}],"version-history":[{"count":10,"href":"https:\/\/bestwayingredients.com\/de\/wp-json\/wp\/v2\/pages\/21689\/revisions"}],"predecessor-version":[{"id":33029,"href":"https:\/\/bestwayingredients.com\/de\/wp-json\/wp\/v2\/pages\/21689\/revisions\/33029"}],"wp:attachment":[{"href":"https:\/\/bestwayingredients.com\/de\/wp-json\/wp\/v2\/media?parent=21689"}],"wp:term":[{"taxonomy":"post_tag","embeddable":true,"href":"https:\/\/bestwayingredients.com\/de\/wp-json\/wp\/v2\/tags?post=21689"}],"curies":[{"name":"wp","href":"https:\/\/api.w.org\/{rel}","templated":true}]}}