{"id":49397,"date":"2025-07-02T10:52:06","date_gmt":"2025-07-02T08:52:06","guid":{"rendered":"https:\/\/bestwayingredients.com\/?page_id=49397"},"modified":"2025-11-03T13:45:22","modified_gmt":"2025-11-03T12:45:22","slug":"laktose-grosshandel","status":"publish","type":"page","link":"https:\/\/bestwayingredients.com\/de\/laktose-grosshandel\/","title":{"rendered":"Laktose Gro\u00dfhandel"},"content":{"rendered":"<p><div id=\"thz-section-holder-s4e7fbfdb\" class=\"thz-section-holder section-notcontained none\" data-view-brightness=\"none\">\n\t<section class=\"thz-section\">\n\t\t<div class=\"thz-section-in\">\n\t\t\t\t\t<div class=\"thz-container content-contained thz-site-width\">\n\t\t\t\t\t\t\t<\/div>\n\t\t\t\t<\/div>\n\t\t<div class=\"thz-bglayer-container\"><div id=\"thz-bglayer-533228df\" class=\"thz-basic-bglayer\"><\/div><\/div>\t\t<\/section>\n<\/div>\n<div id=\"thz-section-holder-sc3a20d55\" class=\"thz-section-holder section-notcontained none\" data-view-brightness=\"none\">\n\t<section class=\"thz-section\">\n\t\t<div class=\"thz-section-in\">\n\t\t\t\t\t<div class=\"thz-container content-contained thz-site-width\">\n\t\t\t\t<div class=\"thz-row\">\n\t<div id=\"thz-column-c63786c28\" class=\"thz-column thz-col-2-3 fstart\">\n\t<div class=\"thz-column-container\">\n        <div class=\"thz-column-in\">\n                        <div class=\"thz-column-shortcodes\">\t\n                <div id=\"thz-text-block-b7955cad\" class=\"thz-shc thz-text-block\"><h1>Laktose Gro\u00dfhandel\u00a0 \u2013 Laktose in gro\u00dfen Mengen kaufen bei Best Way Ingredients<\/h1><p>M\u00f6chten Sie gro\u00dfe Mengen Laktose kaufen? Dann sind Sie bei Best Way Ingredients genau richtig. Als Laktose Gro\u00dfhandel f\u00fcr Laktosepulver liefern wir Laktose in gleichbleibend hoher Qualit\u00e4t. Laktose eignet sich f\u00fcr vielf\u00e4ltige Anwendungen: in Backwaren, Snacks, Fleischprodukten, Dressings, Bier, Schokolade, S\u00fc\u00dfwaren, Eiscreme, Suppen und Saucen, aber auch in der Kosmetik- und pharmazeutischen Industrie.<\/p><h2>Laktose Gro\u00dfhandel: unsere Qualit\u00e4t<\/h2><p data-start=\"853\" data-end=\"1474\">Laktose ist eine vielseitige Zutat, die in zahlreichen Branchen verwendet wird. Von der Lebensmittelherstellung \u00fcber die Brauerei bis zur Kosmetikindustrie \u2013 sie \u00fcberzeugt durch ihre Funktionalit\u00e4t und Reinheit. Als Laktose Lieferant f\u00fcr Brauereien bieten wir <span class=\"Y2IQFc\" lang=\"de\">hochwertige Laktose an, die sich ideal f\u00fcr die Bierherstellung eignet, <\/span>insbesondere f\u00fcr s\u00fc\u00dfere Bierstile wie Milk Stouts. Auch als Laktose Lieferant f\u00fcr Kosmetikhersteller unterst\u00fctzen wir Produzenten bei der Herstellung von Cremes, Masken oder Peelings, bei denen Laktose <span class=\"Y2IQFc\" lang=\"de\">als Feuchthaltemittel verwenden \u2013 einer Substanz, die Feuchtigkeit in der Haut anzieht und speichert.<\/span><\/p><p>Laktose (Milchzucker) ist von Natur aus in Milch enthalten.<br data-start=\"113\" data-end=\"116\" \/>Laktose wird aus frischer Molke gewonnen, die bei der K\u00e4seherstellung anf\u00e4llt. Nach dem Eindicken, der Kristallisation und Erhitzung wird das Produkt getrocknet und anschlie\u00dfend zu feinem Laktosepulver vermahlen. Unsere Laktose ist in 25-kg-S\u00e4cken erh\u00e4ltlich. Um die Qualit\u00e4t zu erhalten, sollte Laktose k\u00fchl (&lt;\u202f25\u202f\u00b0C), trocken und geruchsneutral gelagert werden.<\/p><h2>Warum Best Way Ingredients?<\/h2><p>Als spezialisierter Laktose-Gro\u00dfh\u00e4ndler legen wir gro\u00dfen Wert auf Qualit\u00e4t, Verl\u00e4sslichkeit und pers\u00f6nlichen Service. Ob Sie Laktose f\u00fcr die Lebensmittelindustrie, Kosmetikbranche oder als Brauerei-Zutat ben\u00f6tigen \u2013 wir bieten Ihnen ma\u00dfgeschneiderte L\u00f6sungen. Unser Team steht Ihnen f\u00fcr individuelle Beratung und spezifische Anforderungen jederzeit zur Verf\u00fcgung.<\/p><h2>Was kostet Laktose beim Laktose Gro\u00dfhandel?<\/h2><p data-start=\"941\" data-end=\"1332\">Wenn Sie als Unternehmen Laktose beim Gro\u00dfhandel einkaufen, profitieren Sie bei uns von attraktiven Konditionen. Durch den Einkauf in Gro\u00dfmengen wird der Preis pro Kilo deutlich g\u00fcnstiger. Je gr\u00f6\u00dfer Ihre Bestellung, desto h\u00f6her der Mengenrabatt. Wenn Sie preisbewusst einkaufen m\u00f6chten, ist der Erwerb von Laktose in Gro\u00dfverpackung bei Best Way Ingredients die richtige Entscheidung.<\/p><h2 id=\"tw-target-text\" class=\"tw-data-text tw-text-large tw-ta\" dir=\"ltr\" tabindex=\"-1\" role=\"text\" data-placeholder=\"Vertaling\" data-ved=\"2ahUKEwi-k7LZ9NWQAxWs9AIHHWBQO54Q3ewLegQIDBAW\" aria-label=\"Vertaalde tekst: Welche Menge wird ben\u00f6tigt?\"><span class=\"Y2IQFc\" lang=\"de\">Welche Menge wird ben\u00f6tigt?<\/span><\/h2><p data-start=\"1334\" data-end=\"1775\">Wissen Sie bereits, dass Sie in naher Zukunft gr\u00f6\u00dfere Mengen Laktose ben\u00f6tigen? Dann empfehlen wir Ihnen, im Voraus Gro\u00dfmengen zu bestellen. Teilen Sie uns Ihre geplante Abnahmemenge mit, und wir erstellen Ihnen ein individuelles Angebot \u2013 so, wie man es von einem professionellen Laktose-Gro\u00dfhandel erwarten darf. Bitte informieren Sie uns fr\u00fchzeitig \u00fcber Ihren Bedarf, damit unser Team die Lagerkapazit\u00e4ten entsprechend einplanen kann.<\/p><h2>Schnell geliefert<\/h2><p>Wenn Sie Laktose in Ihrem Produktionsprozess einsetzen, verstehen wir sehr gut, wie wichtig eine schnelle Lieferung ist. Als Gro\u00dfh\u00e4ndler setzen wir alles daran, Ihre Bestellung schnellstm\u00f6glich zu versenden. Nat\u00fcrlich halten wir Sie \u00fcber den Status Ihrer Lieferung auf dem Laufenden, damit Sie genau wissen, wann Sie Ihre Ware erwarten k\u00f6nnen.<\/p><h2>Laktose-Gro\u00dfhandel: Zuverl\u00e4ssige Lieferung<\/h2><p data-start=\"2207\" data-end=\"2309\">Sie haben Laktose bei uns bestellt? Unsere Produkte werden stets sorgf\u00e4ltig und sicher verpackt.<\/p><ul data-start=\"2310\" data-end=\"2563\"><li data-start=\"2310\" data-end=\"2371\"><p data-start=\"2312\" data-end=\"2371\">Gr\u00f6\u00dfere Mengen liefern wir auf stabilen Holzpaletten.<\/p><\/li><li data-start=\"2372\" data-end=\"2563\"><p data-start=\"2374\" data-end=\"2563\">Kleinere Bestellungen werden in robusten Kartonverpackungen verschickt.<br data-start=\"2449\" data-end=\"2452\" \/>Ein zuverl\u00e4ssiger Kurierdienst sorgt daf\u00fcr, dass Ihre Lieferung p\u00fcnktlich und unversehrt bei Ihnen ankommt.<\/p><\/li><\/ul><h3>Mehr erfahren \u00fcber unseren Laktose-Gro\u00dfhandel?<\/h3><p>Suchen Sie einen Lieferanten f\u00fcr Laktose f\u00fcr die Kosmetik-, Pharmaindustrie oder den Biergro\u00dfhandel? Kontaktieren Sie uns \u2013 wir freuen uns auf ein pers\u00f6nliches Gespr\u00e4ch und informieren Sie gerne \u00fcber die Kooperationsm\u00f6glichkeiten. Lassen Sie uns gemeinsam erfolgreich sein \u2013 bis bald!<\/p><p><script type=\"text\/javascript\">\n\/* <![CDATA[ *\/\nvar gform;gform||(document.addEventListener(\"gform_main_scripts_loaded\",function(){gform.scriptsLoaded=!0}),document.addEventListener(\"gform\/theme\/scripts_loaded\",function(){gform.themeScriptsLoaded=!0}),window.addEventListener(\"DOMContentLoaded\",function(){gform.domLoaded=!0}),gform={domLoaded:!1,scriptsLoaded:!1,themeScriptsLoaded:!1,isFormEditor:()=>\"function\"==typeof InitializeEditor,callIfLoaded:function(o){return!(!gform.domLoaded||!gform.scriptsLoaded||!gform.themeScriptsLoaded&&!gform.isFormEditor()||(gform.isFormEditor()&&console.warn(\"The use of gform.initializeOnLoaded() is deprecated in the form editor context and will be removed in Gravity Forms 3.1.\"),o(),0))},initializeOnLoaded:function(o){gform.callIfLoaded(o)||(document.addEventListener(\"gform_main_scripts_loaded\",()=>{gform.scriptsLoaded=!0,gform.callIfLoaded(o)}),document.addEventListener(\"gform\/theme\/scripts_loaded\",()=>{gform.themeScriptsLoaded=!0,gform.callIfLoaded(o)}),window.addEventListener(\"DOMContentLoaded\",()=>{gform.domLoaded=!0,gform.callIfLoaded(o)}))},hooks:{action:{},filter:{}},addAction:function(o,r,e,t){gform.addHook(\"action\",o,r,e,t)},addFilter:function(o,r,e,t){gform.addHook(\"filter\",o,r,e,t)},doAction:function(o){gform.doHook(\"action\",o,arguments)},applyFilters:function(o){return gform.doHook(\"filter\",o,arguments)},removeAction:function(o,r){gform.removeHook(\"action\",o,r)},removeFilter:function(o,r,e){gform.removeHook(\"filter\",o,r,e)},addHook:function(o,r,e,t,n){null==gform.hooks[o][r]&&(gform.hooks[o][r]=[]);var d=gform.hooks[o][r];null==n&&(n=r+\"_\"+d.length),gform.hooks[o][r].push({tag:n,callable:e,priority:t=null==t?10:t})},doHook:function(r,o,e){var t;if(e=Array.prototype.slice.call(e,1),null!=gform.hooks[r][o]&&((o=gform.hooks[r][o]).sort(function(o,r){return o.priority-r.priority}),o.forEach(function(o){\"function\"!=typeof(t=o.callable)&&(t=window[t]),\"action\"==r?t.apply(null,e):e[0]=t.apply(null,e)})),\"filter\"==r)return e[0]},removeHook:function(o,r,t,n){var e;null!=gform.hooks[o][r]&&(e=(e=gform.hooks[o][r]).filter(function(o,r,e){return!!(null!=n&&n!=o.tag||null!=t&&t!=o.priority)}),gform.hooks[o][r]=e)}});\n\/* ]]> *\/\n<\/script>\n\n                <div class='gf_browser_gecko gform_wrapper gform_legacy_markup_wrapper gform-theme--no-framework' data-form-theme='legacy' data-form-index='0' id='gform_wrapper_12' >\n                        <div class='gform_heading'>\n                            <h3 class=\"gform_title\">Kontaktanfrage<\/h3>\n                            <p class='gform_description'><\/p>\n                        <\/div><form method='post' enctype='multipart\/form-data'  id='gform_12'  action='\/de\/wp-json\/wp\/v2\/pages\/49397' data-formid='12' novalidate><div class='gf_invisible ginput_recaptchav3' data-sitekey='6Ldf-FIgAAAAADOHr3B85yS0mkygaO2UgnPEu8qB' data-tabindex='0'><input id=\"input_1f22592cf5125f9bc5fbc5763e3be876\" class=\"gfield_recaptcha_response\" type=\"hidden\" name=\"input_1f22592cf5125f9bc5fbc5763e3be876\" value=\"\"\/><\/div>\n                        <div class='gform-body gform_body'><ul id='gform_fields_12' class='gform_fields top_label form_sublabel_below description_below validation_below'><li id=\"field_12_2\" class=\"gfield gfield--type-text gfield--input-type-text gfield_contains_required field_sublabel_below gfield--no-description field_description_below field_validation_below gfield_visibility_visible\"  ><label class='gfield_label gform-field-label' for='input_12_2'>Name<span class=\"gfield_required\"><span class=\"gfield_required gfield_required_asterisk\">*<\/span><\/span><\/label><div class='ginput_container ginput_container_text'><input name='input_2' id='input_12_2' type='text' value='' class='medium'    placeholder='John Doe' aria-required=\"true\" aria-invalid=\"false\"   \/><\/div><\/li><li id=\"field_12_3\" class=\"gfield gfield--type-text gfield--input-type-text field_sublabel_below gfield--no-description field_description_below field_validation_below gfield_visibility_visible\"  ><label class='gfield_label gform-field-label' for='input_12_3'>Name der Firma<\/label><div class='ginput_container ginput_container_text'><input name='input_3' id='input_12_3' type='text' value='' class='medium'      aria-invalid=\"false\"   \/><\/div><\/li><li id=\"field_12_4\" class=\"gfield gfield--type-number gfield--input-type-number field_sublabel_below gfield--no-description field_description_below field_validation_below gfield_visibility_visible\"  ><label class='gfield_label gform-field-label' for='input_12_4'>Telefonnummer<\/label><div class='ginput_container ginput_container_number'><input name='input_4' id='input_12_4' type='number' step='any'   value='' class='medium'      aria-invalid=\"false\"  \/><\/div><\/li><li id=\"field_12_5\" class=\"gfield gfield--type-email gfield--input-type-email gfield_contains_required field_sublabel_below gfield--no-description field_description_below field_validation_below gfield_visibility_visible\"  ><label class='gfield_label gform-field-label' for='input_12_5'>E-Mail-Adresse<span class=\"gfield_required\"><span class=\"gfield_required gfield_required_asterisk\">*<\/span><\/span><\/label><div class='ginput_container ginput_container_email'>\n                            <input name='input_5' id='input_12_5' type='email' value='' class='medium'    aria-required=\"true\" aria-invalid=\"false\"  \/>\n                        <\/div><\/li><li id=\"field_12_6\" class=\"gfield gfield--type-textarea gfield--input-type-textarea gfield_contains_required field_sublabel_below gfield--no-description field_description_below field_validation_below gfield_visibility_visible\"  ><label class='gfield_label gform-field-label' for='input_12_6'>Ihre Nachricht<span class=\"gfield_required\"><span class=\"gfield_required gfield_required_asterisk\">*<\/span><\/span><\/label><div class='ginput_container ginput_container_textarea'><textarea name='input_6' id='input_12_6' class='textarea medium'     aria-required=\"true\" aria-invalid=\"false\"   rows='10' cols='50'><\/textarea><\/div><\/li><\/ul><\/div>\n        <div class='gform-footer gform_footer top_label'> <input type='submit' id='gform_submit_button_12' class='gform_button button' onclick='gform.submission.handleButtonClick(this);' data-submission-type='submit' value='Senden'  \/> \n            <input type='hidden' class='gform_hidden' name='gform_submission_method' data-js='gform_submission_method_12' value='postback' \/>\n            <input type='hidden' class='gform_hidden' name='gform_theme' data-js='gform_theme_12' id='gform_theme_12' value='legacy' \/>\n            <input type='hidden' class='gform_hidden' name='gform_style_settings' data-js='gform_style_settings_12' id='gform_style_settings_12' value='[]' \/>\n            <input type='hidden' class='gform_hidden' name='is_submit_12' value='1' \/>\n            <input type='hidden' class='gform_hidden' name='gform_submit' value='12' \/>\n            \n            <input type='hidden' class='gform_hidden' name='gform_currency' data-currency='EUR' value='PCFBAxExG5Tpc3YYBFTDKh3wjpuOUwhKvQHhInN5zh0DpQjojFsvij3ye4rwFTLg1k7CotkRFhDacuHH1o1PmSC9eatbpg+ctMoKld4KK6jeUM4=' \/>\n            <input type='hidden' class='gform_hidden' name='gform_unique_id' value='' \/>\n            <input type='hidden' class='gform_hidden' name='state_12' value='WyJbXSIsImY2NjQyNzIzNmYyN2NlNzIzODRhNTgxYjY4YWI4MzNiIl0=' \/>\n            <input type='hidden' autocomplete='off' class='gform_hidden' name='gform_target_page_number_12' id='gform_target_page_number_12' value='0' \/>\n            <input type='hidden' autocomplete='off' class='gform_hidden' name='gform_source_page_number_12' id='gform_source_page_number_12' value='1' \/>\n            <input type='hidden' name='gform_field_values' value='' \/>\n            \n        <\/div>\n                        <\/form>\n                        <\/div><script type=\"text\/javascript\">\n\/* <![CDATA[ *\/\n gform.initializeOnLoaded( function() {gformInitSpinner( 12, 'https:\/\/bestwayingredients.com\/wp-content\/plugins\/gravityforms\/images\/spinner.svg', true );jQuery('#gform_ajax_frame_12').on('load',function(){var contents = jQuery(this).contents().find('*').html();var is_postback = contents.indexOf('GF_AJAX_POSTBACK') >= 0;if(!is_postback){return;}var form_content = jQuery(this).contents().find('#gform_wrapper_12');var is_confirmation = jQuery(this).contents().find('#gform_confirmation_wrapper_12').length > 0;var is_redirect = contents.indexOf('gformRedirect(){') >= 0;var is_form = form_content.length > 0 && ! is_redirect && ! is_confirmation;var mt = parseInt(jQuery('html').css('margin-top'), 10) + parseInt(jQuery('body').css('margin-top'), 10) + 100;if(is_form){jQuery('#gform_wrapper_12').html(form_content.html());if(form_content.hasClass('gform_validation_error')){jQuery('#gform_wrapper_12').addClass('gform_validation_error');} else {jQuery('#gform_wrapper_12').removeClass('gform_validation_error');}setTimeout( function() { \/* delay the scroll by 50 milliseconds to fix a bug in chrome *\/  }, 50 );if(window['gformInitDatepicker']) {gformInitDatepicker();}if(window['gformInitPriceFields']) {gformInitPriceFields();}var current_page = jQuery('#gform_source_page_number_12').val();gformInitSpinner( 12, 'https:\/\/bestwayingredients.com\/wp-content\/plugins\/gravityforms\/images\/spinner.svg', true );jQuery(document).trigger('gform_page_loaded', [12, current_page]);window['gf_submitting_12'] = false;}else if(!is_redirect){var confirmation_content = jQuery(this).contents().find('.GF_AJAX_POSTBACK').html();if(!confirmation_content){confirmation_content = contents;}jQuery('#gform_wrapper_12').replaceWith(confirmation_content);jQuery(document).trigger('gform_confirmation_loaded', [12]);window['gf_submitting_12'] = false;wp.a11y.speak(jQuery('#gform_confirmation_message_12').text());}else{jQuery('#gform_12').append(contents);if(window['gformRedirect']) {gformRedirect();}}jQuery(document).trigger(\"gform_pre_post_render\", [{ formId: \"12\", currentPage: \"current_page\", abort: function() { this.preventDefault(); } }]);        if (event && event.defaultPrevented) {                return;        }        const gformWrapperDiv = document.getElementById( \"gform_wrapper_12\" );        if ( gformWrapperDiv ) {            const visibilitySpan = document.createElement( \"span\" );            visibilitySpan.id = \"gform_visibility_test_12\";            gformWrapperDiv.insertAdjacentElement( \"afterend\", visibilitySpan );        }        const visibilityTestDiv = document.getElementById( \"gform_visibility_test_12\" );        let postRenderFired = false;        function triggerPostRender() {            if ( postRenderFired ) {                return;            }            postRenderFired = true;            gform.core.triggerPostRenderEvents( 12, current_page );            if ( visibilityTestDiv ) {                visibilityTestDiv.parentNode.removeChild( visibilityTestDiv );            }        }        function debounce( func, wait, immediate ) {            var timeout;            return function() {                var context = this, args = arguments;                var later = function() {                    timeout = null;                    if ( !immediate ) func.apply( context, args );                };                var callNow = immediate && !timeout;                clearTimeout( timeout );                timeout = setTimeout( later, wait );                if ( callNow ) func.apply( context, args );            };        }        const debouncedTriggerPostRender = debounce( function() {            triggerPostRender();        }, 200 );        if ( visibilityTestDiv && visibilityTestDiv.offsetParent === null ) {            const observer = new MutationObserver( ( mutations ) => {                mutations.forEach( ( mutation ) => {                    if ( mutation.type === 'attributes' && visibilityTestDiv.offsetParent !== null ) {                        debouncedTriggerPostRender();                        observer.disconnect();                    }                });            });            observer.observe( document.body, {                attributes: true,                childList: false,                subtree: true,                attributeFilter: [ 'style', 'class' ],            });        } else {            triggerPostRender();        }    } );} ); \n\/* ]]> *\/\n<\/script>\n<\/p><\/div>            <\/div>\n                                            <\/div>\n    <\/div>\n<\/div><div id=\"thz-column-cd9710ed8\" class=\"thz-column thz-col-1-3 fstart\">\n\t<div class=\"thz-column-container\">\n        <div class=\"thz-column-in\">\n                        <div class=\"thz-column-shortcodes\">\t\n                <div id=\"thz-sh-7364ba49\" class=\"thz-shc thz-heading thz-sh-7364ba49 thz-sh-plain thz-sh-pos-both\">\n\t<div class=\"thz-heading-holder\">\n\t\t\t\t<h2 class=\"thz-heading-title\">Laktose kaufen<\/h2>\t\t\t<\/div>\n<\/div><div id=\"thz-text-block-70b9b5d8\" class=\"thz-shc thz-text-block\"><ul style=\"list-style-type: square;\"><li>Alle angegebenen Preise verstehen sich zuz\u00fcglich Mehrwertsteuer<\/li><li>Ab einem Bestellwert von 50 \u20ac ist die Lieferung innerhalb Deutschlands versandkostenfrei<\/li><li>Die Lieferzeit betr\u00e4gt maximal 4 Werktage (bei Gro\u00dfbestellungen bitte R\u00fccksprache halten)<\/li><li>Bei Bestellungen bis zu 5 S\u00e4cken erfolgt die Lieferung sackweise im Karton. Ab 6 S\u00e4cken erfolgt die Lieferung auf einer Palette<\/li><\/ul><\/div>            <\/div>\n                                            <\/div>\n    <\/div>\n<\/div><\/div>\t\t\t<\/div>\n\t\t\t\t<\/div>\n\t\t\t\t<\/section>\n<\/div>\n<\/p>\n","protected":false},"excerpt":{"rendered":"<p>Laktose Gro\u00dfhandel\u00a0 \u2013 Laktose in gro\u00dfen Mengen kaufen bei Best Way IngredientsM\u00f6chten Sie gro\u00dfe Mengen Laktose kaufen? Dann sind Sie bei Best Way Ingredients genau richtig. Als Laktose Gro\u00dfhandel f\u00fcr Laktosepulver liefern wir Laktose in gleichbleibend hoher Qualit\u00e4t. Laktose eignet sich f\u00fcr vielf\u00e4ltige Anwendungen: in Backwaren, Snacks, Fleischprodukten, Dressings, Bier, Schokolade, S\u00fc\u00dfwaren, Eiscreme, Suppen und Saucen, aber auch in der Kosmetik- und pharmazeutischen Industrie.Laktose Gro\u00dfhandel: unsere Qualit\u00e4tLaktose ist eine vielseitige Zutat, die in zahlreichen Branchen verwendet wird. Von der Lebensmittelherstellung \u00fcber die Brauerei bis zur Kosmetikindustrie \u2013 sie \u00fcberzeugt durch ihre Funktionalit\u00e4t und Reinheit. Als Laktose Lieferant f\u00fcr Brauereien bieten wir hochwertige Laktose an, die sich ideal f\u00fcr die Bierherstellung eignet, insbesondere f\u00fcr s\u00fc\u00dfere Bierstile wie Milk Stouts. Auch als Laktose Lieferant f\u00fcr Kosmetikhersteller unterst\u00fctzen wir Produzenten bei der Herstellung von Cremes, Masken oder Peelings, bei denen Laktose als Feuchthaltemittel verwenden \u2013 einer Substanz, die Feuchtigkeit in der Haut anzieht und speichert.Laktose (Milchzucker) ist von Natur aus in Milch enthalten.Laktose wird aus frischer Molke gewonnen, die bei der K\u00e4seherstellung anf\u00e4llt. Nach dem Eindicken, der Kristallisation und Erhitzung wird das Produkt getrocknet und anschlie\u00dfend zu feinem Laktosepulver vermahlen. Unsere Laktose ist in 25-kg-S\u00e4cken erh\u00e4ltlich. Um die Qualit\u00e4t zu erhalten, sollte Laktose [&hellip;]<\/p>\n","protected":false},"author":2,"featured_media":32467,"parent":0,"menu_order":0,"comment_status":"closed","ping_status":"closed","template":"template-parts\/page-builder.php","meta":{"_acf_changed":false,"footnotes":""},"tags":[],"class_list":["post-49397","page","type-page","status-publish","has-post-thumbnail","hentry"],"acf":[],"_links":{"self":[{"href":"https:\/\/bestwayingredients.com\/de\/wp-json\/wp\/v2\/pages\/49397","targetHints":{"allow":["GET"]}}],"collection":[{"href":"https:\/\/bestwayingredients.com\/de\/wp-json\/wp\/v2\/pages"}],"about":[{"href":"https:\/\/bestwayingredients.com\/de\/wp-json\/wp\/v2\/types\/page"}],"author":[{"embeddable":true,"href":"https:\/\/bestwayingredients.com\/de\/wp-json\/wp\/v2\/users\/2"}],"replies":[{"embeddable":true,"href":"https:\/\/bestwayingredients.com\/de\/wp-json\/wp\/v2\/comments?post=49397"}],"version-history":[{"count":11,"href":"https:\/\/bestwayingredients.com\/de\/wp-json\/wp\/v2\/pages\/49397\/revisions"}],"predecessor-version":[{"id":49903,"href":"https:\/\/bestwayingredients.com\/de\/wp-json\/wp\/v2\/pages\/49397\/revisions\/49903"}],"wp:featuredmedia":[{"embeddable":true,"href":"https:\/\/bestwayingredients.com\/de\/wp-json\/wp\/v2\/media\/32467"}],"wp:attachment":[{"href":"https:\/\/bestwayingredients.com\/de\/wp-json\/wp\/v2\/media?parent=49397"}],"wp:term":[{"taxonomy":"post_tag","embeddable":true,"href":"https:\/\/bestwayingredients.com\/de\/wp-json\/wp\/v2\/tags?post=49397"}],"curies":[{"name":"wp","href":"https:\/\/api.w.org\/{rel}","templated":true}]}}