{"id":50447,"date":"2026-03-02T15:27:46","date_gmt":"2026-03-02T14:27:46","guid":{"rendered":"https:\/\/bestwayingredients.com\/?page_id=50447"},"modified":"2026-03-02T15:27:46","modified_gmt":"2026-03-02T14:27:46","slug":"bestellung-und-lieferung","status":"publish","type":"page","link":"https:\/\/bestwayingredients.com\/de\/bestellung-und-lieferung\/","title":{"rendered":"Bestellung und Lieferung"},"content":{"rendered":"<p><strong>Lieferbedingungen<\/strong><\/p>\n<p>Unsere Pakete werden mit DPD versendet.<\/p>\n<p>Bestellungen, die von Montag bis Freitag vor 22:00 Uhr aufgegeben werden, werden noch am selben Tag versendet und sind am n\u00e4chsten Tag bei Ihnen.*<br \/>\n*DPD liefert in der Regel in den Niederlanden und Belgien bereits am n\u00e4chsten Werktag. Kunden in anderen europ\u00e4ischen L\u00e4ndern erhalten ihr Paket in der Regel innerhalb von 3\u20134 Werktagen. Bitte beachten Sie: Dies ist lediglich ein Richtwert.<\/p>\n<p>Kunden aus den Niederlanden und Belgien zahlen keine Versandkosten bei Bestellungen \u00fcber \u20ac50,00.<br \/>\nF\u00fcr Bestellungen unter \u20ac50,00 berechnen wir \u20ac5,99 Versandkosten (unabh\u00e4ngig von Gewicht oder Gr\u00f6\u00dfe des Pakets).<\/p>\n<p>Zur Sendungsverfolgung erhalten Sie per E-Mail einen Track-&amp;-Trace-Link. Haben Sie keine E-Mail erhalten? Bitte kontaktieren Sie unseren Kundenservice.<\/p>\n<p>Sollten Sie am Tag der Zustellung nicht zu Hause sein, wird Ihr Paket an den n\u00e4chstgelegenen DPD-Paketshop geliefert, wo Sie es zu einem sp\u00e4teren Zeitpunkt abholen k\u00f6nnen.<\/p>\n<p>Wir liefern ausschlie\u00dflich in L\u00e4nder innerhalb der Europ\u00e4ischen Union.<br \/>\nDie Versandkosten werden im Warenkorb angezeigt.<\/p>\n","protected":false},"excerpt":{"rendered":"<p>Lieferbedingungen Unsere Pakete werden mit DPD versendet. Bestellungen, die von Montag bis Freitag vor 22:00 Uhr aufgegeben werden, werden noch am selben Tag versendet und sind am n\u00e4chsten Tag bei Ihnen.* *DPD liefert in der Regel in den Niederlanden und Belgien bereits am n\u00e4chsten Werktag. Kunden in anderen europ\u00e4ischen L\u00e4ndern erhalten ihr Paket in der Regel innerhalb von 3\u20134 Werktagen. Bitte beachten Sie: Dies ist lediglich ein Richtwert. Kunden aus den Niederlanden und Belgien zahlen keine Versandkosten bei Bestellungen \u00fcber \u20ac50,00. F\u00fcr Bestellungen unter \u20ac50,00 berechnen wir \u20ac5,99 Versandkosten (unabh\u00e4ngig von Gewicht oder Gr\u00f6\u00dfe des Pakets). Zur Sendungsverfolgung erhalten Sie per E-Mail einen Track-&amp;-Trace-Link. Haben Sie keine E-Mail erhalten? Bitte kontaktieren Sie unseren Kundenservice. Sollten Sie am Tag der Zustellung nicht zu Hause sein, wird Ihr Paket an den n\u00e4chstgelegenen DPD-Paketshop geliefert, wo Sie es zu einem sp\u00e4teren Zeitpunkt abholen k\u00f6nnen. Wir liefern ausschlie\u00dflich in L\u00e4nder innerhalb der Europ\u00e4ischen Union. Die Versandkosten werden im Warenkorb angezeigt.<\/p>\n","protected":false},"author":2,"featured_media":0,"parent":0,"menu_order":0,"comment_status":"closed","ping_status":"closed","template":"","meta":{"_acf_changed":false,"footnotes":""},"tags":[],"class_list":["post-50447","page","type-page","status-publish","hentry"],"acf":[],"_links":{"self":[{"href":"https:\/\/bestwayingredients.com\/de\/wp-json\/wp\/v2\/pages\/50447","targetHints":{"allow":["GET"]}}],"collection":[{"href":"https:\/\/bestwayingredients.com\/de\/wp-json\/wp\/v2\/pages"}],"about":[{"href":"https:\/\/bestwayingredients.com\/de\/wp-json\/wp\/v2\/types\/page"}],"author":[{"embeddable":true,"href":"https:\/\/bestwayingredients.com\/de\/wp-json\/wp\/v2\/users\/2"}],"replies":[{"embeddable":true,"href":"https:\/\/bestwayingredients.com\/de\/wp-json\/wp\/v2\/comments?post=50447"}],"version-history":[{"count":2,"href":"https:\/\/bestwayingredients.com\/de\/wp-json\/wp\/v2\/pages\/50447\/revisions"}],"predecessor-version":[{"id":50449,"href":"https:\/\/bestwayingredients.com\/de\/wp-json\/wp\/v2\/pages\/50447\/revisions\/50449"}],"wp:attachment":[{"href":"https:\/\/bestwayingredients.com\/de\/wp-json\/wp\/v2\/media?parent=50447"}],"wp:term":[{"taxonomy":"post_tag","embeddable":true,"href":"https:\/\/bestwayingredients.com\/de\/wp-json\/wp\/v2\/tags?post=50447"}],"curies":[{"name":"wp","href":"https:\/\/api.w.org\/{rel}","templated":true}]}}