{"id":7078,"date":"2020-03-23T16:15:04","date_gmt":"2020-03-23T15:15:04","guid":{"rendered":"https:\/\/bestwayingredients.com\/returnpolicy\/"},"modified":"2026-03-02T16:16:56","modified_gmt":"2026-03-02T15:16:56","slug":"rueckgaberichtlinie","status":"publish","type":"page","link":"https:\/\/bestwayingredients.com\/de\/rueckgaberichtlinie\/","title":{"rendered":"R\u00fcckgaberichtlinie"},"content":{"rendered":"<div id=\"thz-section-holder-sa607f0b2\" class=\"thz-section-holder section-notcontained none\" data-view-brightness=\"none\">\n\t<section class=\"thz-section\">\n\t\t<div class=\"thz-section-in\">\n\t\t\t\t\t<div class=\"thz-container content-contained thz-site-width\">\n\t\t\t\t<div class=\"thz-row\">\n\t<div id=\"thz-column-c48aa668b\" class=\"content-block thz-column thz-col-2-3 fstart\">\n\t<div class=\"thz-column-container\">\n        <div class=\"thz-column-in\">\n                        <div class=\"thz-column-shortcodes\">\t\n                <div id=\"thz-sh-cedbbed1\" class=\"thz-shc thz-heading thz-sh-cedbbed1 thz-sh-plain thz-sh-pos-both\">\n\t<div class=\"thz-heading-holder\">\n\t\t\t\t<h1 class=\"thz-heading-title\">R\u00fcckgaberichtlinie<\/h1>\t\t\t<\/div>\n<\/div><div id=\"thz-text-block-110dc8e0\" class=\"thz-shc thz-text-block\"><p>Sollte Ihr Kauf Ihren Erwartungen nicht entsprechen, k\u00f6nnen Sie ihn innerhalb von 14 Tagen nach Erhalt im Originalzustand und in der Originalverpackung an uns zur\u00fccksenden.<br \/>F\u00fcr R\u00fccksendungen werden Kosten berechnet. F\u00fcr die Niederlande und Belgien betr\u00e4gt die R\u00fccksendegeb\u00fchr \u20ac5,99. Wenn Sie au\u00dferhalb der Niederlande oder Belgiens wohnen, kontaktieren Sie uns bitte, da die R\u00fccksendekosten individuell berechnet werden m\u00fcssen.<br \/>Bevor Sie Ihren Kauf zur\u00fccksenden, kontaktieren Sie uns bitte telefonisch oder per E-Mail, damit wir Ihnen ein R\u00fccksendeetikett zukommen lassen k\u00f6nnen.<\/p><p><strong>Ausnahmen<\/strong><br \/>Ge\u00f6ffnete Artikel k\u00f6nnen nicht zur\u00fcckgesendet werden.<\/p><p><strong><br \/>Erstattungsrichtlinie<\/strong><br \/>Wir bearbeiten Ihre R\u00fccksendung schnellstm\u00f6glich nach deren Eintreffen bei uns.<br \/>Wir werden den Kaufpreis (abz\u00fcglich der R\u00fccksendekosten) des zur\u00fcckgesendeten Artikels schnellstm\u00f6glich, sp\u00e4testens jedoch innerhalb von 14 Tagen, Ihrem Konto gutschreiben.<\/p><p><strong><br \/>R\u00fccksendungen Schritt-f\u00fcr-Schritt<br \/><\/strong>1. Kontaktieren Sie uns per E-Mail oder telefonisch.<br \/>2. Wir senden Ihnen ein R\u00fccksendeetikett.<br \/>3. Legen Sie den Artikel zusammen mit dem ausgef\u00fcllten R\u00fccksendeformular wieder in den Karton.<br \/>4. Kleben Sie das R\u00fccksendeetikett auf das Paket.<br \/>5. Stellen Sie sicher, dass das urspr\u00fcngliche Adressetikett nicht mehr lesbar ist.<br \/>6. Geben Sie Ihr Paket in einer Versandstelle ab und bewahren Sie den Versandbeleg auf.<br \/>7. Sie erhalten von uns eine E-Mail, sobald Ihre R\u00fccksendung bei uns eingegangen ist.<br \/>8. Wir werden den Kaufpreis des zur\u00fcckgesendeten Artikels schnellstm\u00f6glich, sp\u00e4testens jedoch innerhalb von 14 Tagen, Ihrem Konto gutschreiben.<\/p><p>Klicken Sie <span style=\"color: #3366ff;\"><a style=\"color: #3366ff;\" href=\"https:\/\/bestwayingredients.com\/wp-content\/uploads\/2026\/03\/Returnform-BWI-ENG-DE.pdf\"><em><strong>hier<\/strong><\/em><\/a><\/span> f\u00fcr das R\u00fccksendeformular.<\/p><\/div>            <\/div>\n                                            <\/div>\n    <\/div>\n<\/div><\/div>\t\t\t<\/div>\n\t\t\t\t<\/div>\n\t\t\t\t<\/section>\n<\/div>\n\n","protected":false},"excerpt":{"rendered":"<p>R\u00fcckgaberichtlinie Sollte Ihr Kauf Ihren Erwartungen nicht entsprechen, k\u00f6nnen Sie ihn innerhalb von 14 Tagen nach Erhalt im Originalzustand und in der Originalverpackung an uns zur\u00fccksenden.F\u00fcr R\u00fccksendungen werden Kosten berechnet. F\u00fcr die Niederlande und Belgien betr\u00e4gt die R\u00fccksendegeb\u00fchr \u20ac5,99. Wenn Sie au\u00dferhalb der Niederlande oder Belgiens wohnen, kontaktieren Sie uns bitte, da die R\u00fccksendekosten individuell berechnet werden m\u00fcssen.Bevor Sie Ihren Kauf zur\u00fccksenden, kontaktieren Sie uns bitte telefonisch oder per E-Mail, damit wir Ihnen ein R\u00fccksendeetikett zukommen lassen k\u00f6nnen.AusnahmenGe\u00f6ffnete Artikel k\u00f6nnen nicht zur\u00fcckgesendet werden.ErstattungsrichtlinieWir bearbeiten Ihre R\u00fccksendung schnellstm\u00f6glich nach deren Eintreffen bei uns.Wir werden den Kaufpreis (abz\u00fcglich der R\u00fccksendekosten) des zur\u00fcckgesendeten Artikels schnellstm\u00f6glich, sp\u00e4testens jedoch innerhalb von 14 Tagen, Ihrem Konto gutschreiben.R\u00fccksendungen Schritt-f\u00fcr-Schritt1. Kontaktieren Sie uns per E-Mail oder telefonisch.2. Wir senden Ihnen ein R\u00fccksendeetikett.3. Legen Sie den Artikel zusammen mit dem ausgef\u00fcllten R\u00fccksendeformular wieder in den Karton.4. Kleben Sie das R\u00fccksendeetikett auf das Paket.5. Stellen Sie sicher, dass das urspr\u00fcngliche Adressetikett nicht mehr lesbar ist.6. Geben Sie Ihr Paket in einer Versandstelle ab und bewahren Sie den Versandbeleg auf.7. Sie erhalten von uns eine E-Mail, sobald Ihre R\u00fccksendung bei uns eingegangen ist.8. Wir werden den Kaufpreis des zur\u00fcckgesendeten Artikels schnellstm\u00f6glich, sp\u00e4testens jedoch innerhalb von 14 Tagen, Ihrem Konto gutschreiben.Klicken Sie [&hellip;]<\/p>\n","protected":false},"author":1,"featured_media":0,"parent":0,"menu_order":0,"comment_status":"closed","ping_status":"closed","template":"template-parts\/page-builder.php","meta":{"_acf_changed":false,"footnotes":""},"tags":[],"class_list":["post-7078","page","type-page","status-publish","hentry"],"acf":[],"_links":{"self":[{"href":"https:\/\/bestwayingredients.com\/de\/wp-json\/wp\/v2\/pages\/7078","targetHints":{"allow":["GET"]}}],"collection":[{"href":"https:\/\/bestwayingredients.com\/de\/wp-json\/wp\/v2\/pages"}],"about":[{"href":"https:\/\/bestwayingredients.com\/de\/wp-json\/wp\/v2\/types\/page"}],"author":[{"embeddable":true,"href":"https:\/\/bestwayingredients.com\/de\/wp-json\/wp\/v2\/users\/1"}],"replies":[{"embeddable":true,"href":"https:\/\/bestwayingredients.com\/de\/wp-json\/wp\/v2\/comments?post=7078"}],"version-history":[{"count":7,"href":"https:\/\/bestwayingredients.com\/de\/wp-json\/wp\/v2\/pages\/7078\/revisions"}],"predecessor-version":[{"id":50455,"href":"https:\/\/bestwayingredients.com\/de\/wp-json\/wp\/v2\/pages\/7078\/revisions\/50455"}],"wp:attachment":[{"href":"https:\/\/bestwayingredients.com\/de\/wp-json\/wp\/v2\/media?parent=7078"}],"wp:term":[{"taxonomy":"post_tag","embeddable":true,"href":"https:\/\/bestwayingredients.com\/de\/wp-json\/wp\/v2\/tags?post=7078"}],"curies":[{"name":"wp","href":"https:\/\/api.w.org\/{rel}","templated":true}]}}