{"id":7080,"date":"2020-03-23T11:26:18","date_gmt":"2020-03-23T10:26:18","guid":{"rendered":"https:\/\/bestwayingredients.com\/over-ons\/"},"modified":"2021-06-10T11:38:35","modified_gmt":"2021-06-10T09:38:35","slug":"ueber-uns","status":"publish","type":"page","link":"https:\/\/bestwayingredients.com\/de\/ueber-uns\/","title":{"rendered":"\u00dcber uns"},"content":{"rendered":"<p><div id=\"thz-section-holder-sc8bad8c9\" class=\"thz-section-holder section-notcontained none\" data-view-brightness=\"none\">\n\t<section class=\"thz-section\">\n\t\t<div class=\"thz-section-in\">\n\t\t\t\t\t<div class=\"thz-container content-contained thz-site-width\">\n\t\t\t\t\t\t\t<\/div>\n\t\t\t\t<\/div>\n\t\t<div class=\"thz-bglayer-container\"><div id=\"thz-bglayer-1831913b\" class=\"thz-basic-bglayer\"><\/div><\/div>\t\t<\/section>\n<\/div>\n<div id=\"thz-section-holder-sa607f0b2\" class=\"thz-section-holder section-notcontained none\" data-view-brightness=\"none\">\n\t<section class=\"thz-section\">\n\t\t<div class=\"thz-section-in\">\n\t\t\t\t\t<div class=\"thz-container content-contained thz-site-width\">\n\t\t\t\t<div class=\"thz-row\">\n\t<div id=\"thz-column-c48aa668b\" class=\"content-block thz-column thz-col-2-3 fstart\">\n\t<div class=\"thz-column-container\">\n        <div class=\"thz-column-in\">\n                        <div class=\"thz-column-shortcodes\">\t\n                <div id=\"thz-sh-cedbbed1\" class=\"thz-shc thz-heading thz-sh-cedbbed1 thz-sh-plain thz-sh-pos-both\">\n\t<div class=\"thz-heading-holder\">\n\t\t\t\t\t\t\t<\/div>\n<\/div><div id=\"thz-text-block-110dc8e0\" class=\"thz-shc thz-text-block\"><p>Best Way Ingredients ist Ihr Online-Shop f\u00fcr Milcherzeugnisse von gleichbleibend hoher Qualit\u00e4t.<br \/>Bestellen Sie Ihre Produkte ganz einfach online bei Best Way Ingredients. Unsere Produkte sind in 1, 5 und 25 kg Beuteln erh\u00e4ltlich.<br \/>Unsere Produkte eignen sich f\u00fcr viele Verwendungsm\u00f6glichkeiten in der Lebensmittelindustrie: Backwaren, Eis, Schokolade, S\u00fc\u00dfwaren, Saucen und Milchgetr\u00e4nken.<\/p><p>Best Way Ingredients BV ist ein Gemeinschaftsunternehmen von Agri-Best BV und Wagenaar Dairy BV. Angesichts der steigenden Nachfrage und dem Wunsch von Unternehmen und Verbrauchern, auch kleinere Mengen Milchpulver zu liefern, haben wir uns Anfang 2018 f\u00fcr einen gemeinsamen Webshop entschieden.<\/p><p>Die Zufriedenheit unserer Kunden genie\u00dft bei uns h\u00f6chste Priorit\u00e4t. Deshalb bieten wir einen hervorragenden Kundenservice. Als Webshop haben wir uns auf den Online-Verkauf von Milchpulverprodukten spezialisiert. Die Preise und Produktspezifikationen sind f\u00fcr jeden Websitebesucher einsehbar. Sie k\u00f6nnen die Preise auch ohne ein vorab erstelltes Konto einsehen. Wir handhaben es gern einfach und transparent.<\/p><p>Ben\u00f6tigen Sie Hilfe oder w\u00fcnschen Sie weitere Informationen? Z\u00f6gern Sie nicht, mit uns Kontakt aufzunehmen.<\/p><p>Wir helfen Ihnen gerne weiter!<\/p><\/div><div class=\"thz-btn-container thz-mt-30\"><a class=\"thz-button thz-btn-theme thz-radius-4 thz-btn-border-1 thz-align-center\" href=\"https:\/\/bestwayingredients.com\/de\/produkte\/\"><span class=\"thz-btn-text thz-vp-15 thz-hp-32 thz-fs-15 thz-fw-600\">Sofort bestellen<\/span><\/a><\/div>            <\/div>\n                                            <\/div>\n    <\/div>\n<\/div><\/div>\t\t\t<\/div>\n\t\t\t\t<\/div>\n\t\t\t\t<\/section>\n<\/div>\n<\/p>\n","protected":false},"excerpt":{"rendered":"<p>Best Way Ingredients ist Ihr Online-Shop f\u00fcr Milcherzeugnisse von gleichbleibend hoher Qualit\u00e4t.Bestellen Sie Ihre Produkte ganz einfach online bei Best Way Ingredients. Unsere Produkte sind in 1, 5 und 25 kg Beuteln erh\u00e4ltlich.Unsere Produkte eignen sich f\u00fcr viele Verwendungsm\u00f6glichkeiten in der Lebensmittelindustrie: Backwaren, Eis, Schokolade, S\u00fc\u00dfwaren, Saucen und Milchgetr\u00e4nken.Best Way Ingredients BV ist ein Gemeinschaftsunternehmen von Agri-Best BV und Wagenaar Dairy BV. Angesichts der steigenden Nachfrage und dem Wunsch von Unternehmen und Verbrauchern, auch kleinere Mengen Milchpulver zu liefern, haben wir uns Anfang 2018 f\u00fcr einen gemeinsamen Webshop entschieden.Die Zufriedenheit unserer Kunden genie\u00dft bei uns h\u00f6chste Priorit\u00e4t. Deshalb bieten wir einen hervorragenden Kundenservice. Als Webshop haben wir uns auf den Online-Verkauf von Milchpulverprodukten spezialisiert. Die Preise und Produktspezifikationen sind f\u00fcr jeden Websitebesucher einsehbar. Sie k\u00f6nnen die Preise auch ohne ein vorab erstelltes Konto einsehen. Wir handhaben es gern einfach und transparent.Ben\u00f6tigen Sie Hilfe oder w\u00fcnschen Sie weitere Informationen? Z\u00f6gern Sie nicht, mit uns Kontakt aufzunehmen.Wir helfen Ihnen gerne weiter!Sofort bestellen<\/p>\n","protected":false},"author":1,"featured_media":0,"parent":0,"menu_order":0,"comment_status":"closed","ping_status":"closed","template":"template-parts\/page-builder.php","meta":{"_acf_changed":false,"footnotes":""},"tags":[],"class_list":["post-7080","page","type-page","status-publish","hentry"],"acf":[],"_links":{"self":[{"href":"https:\/\/bestwayingredients.com\/de\/wp-json\/wp\/v2\/pages\/7080","targetHints":{"allow":["GET"]}}],"collection":[{"href":"https:\/\/bestwayingredients.com\/de\/wp-json\/wp\/v2\/pages"}],"about":[{"href":"https:\/\/bestwayingredients.com\/de\/wp-json\/wp\/v2\/types\/page"}],"author":[{"embeddable":true,"href":"https:\/\/bestwayingredients.com\/de\/wp-json\/wp\/v2\/users\/1"}],"replies":[{"embeddable":true,"href":"https:\/\/bestwayingredients.com\/de\/wp-json\/wp\/v2\/comments?post=7080"}],"version-history":[{"count":4,"href":"https:\/\/bestwayingredients.com\/de\/wp-json\/wp\/v2\/pages\/7080\/revisions"}],"predecessor-version":[{"id":7683,"href":"https:\/\/bestwayingredients.com\/de\/wp-json\/wp\/v2\/pages\/7080\/revisions\/7683"}],"wp:attachment":[{"href":"https:\/\/bestwayingredients.com\/de\/wp-json\/wp\/v2\/media?parent=7080"}],"wp:term":[{"taxonomy":"post_tag","embeddable":true,"href":"https:\/\/bestwayingredients.com\/de\/wp-json\/wp\/v2\/tags?post=7080"}],"curies":[{"name":"wp","href":"https:\/\/api.w.org\/{rel}","templated":true}]}}