{"id":7087,"date":"2019-04-26T05:35:12","date_gmt":"2019-04-26T05:35:12","guid":{"rendered":"https:\/\/bestwayingredients.com\/sitemap\/"},"modified":"2021-06-10T11:36:32","modified_gmt":"2021-06-10T09:36:32","slug":"sitemap","status":"publish","type":"page","link":"https:\/\/bestwayingredients.com\/de\/sitemap\/","title":{"rendered":"Sitemap"},"content":{"rendered":"<p><div id=\"thz-section-holder-sd90a6dc6\" class=\"thz-section-holder section-notcontained none\" data-view-brightness=\"none\">\n\t<section class=\"thz-section\">\n\t\t<div class=\"thz-section-in\">\n\t\t\t\t\t<div class=\"thz-container content-contained thz-site-width\">\n\t\t\t\t<div class=\"thz-row\">\n\t<div id=\"thz-column-cd82138b9\" class=\"thz-column thz-col-1 fstart\">\n\t<div class=\"thz-column-container\">\n        <div class=\"thz-column-in\">\n                        <div class=\"thz-column-shortcodes\">\t\n                            <\/div>\n                                            <\/div>\n    <\/div>\n<\/div><\/div>\t\t\t<\/div>\n\t\t\t\t<\/div>\n\t\t\t\t<\/section>\n<\/div>\n<div id=\"thz-section-holder-sc50bc982\" class=\"thz-section-holder section-notcontained none\" data-view-brightness=\"none\">\n\t<section class=\"thz-section\">\n\t\t<div class=\"thz-section-in\">\n\t\t\t\t\t<div class=\"thz-container content-contained thz-site-width\">\n\t\t\t\t<div class=\"thz-row\">\n\t<div id=\"thz-column-cbffe8c09\" class=\"thz-column thz-col-1 fstart\">\n\t<div class=\"thz-column-container\">\n        <div class=\"thz-column-in\">\n                        <div class=\"thz-column-shortcodes\">\t\n                <div id=\"thz-sh-acc3e661\" class=\"thz-shc thz-heading thz-sh-acc3e661 thz-sh-plain thz-sh-pos-both\">\n\t<div class=\"thz-heading-holder\">\n\t\t\t\t<h2 class=\"thz-heading-title\">Sitemap<\/h2>\t\t\t<\/div>\n<\/div><div id=\"thz-parse-shortcode-block-6b1d70fe\" class=\"thz-shc thz-parse-shortcode-block pagelist\">\n<!-- Page-list plugin v.5.9 wordpress.org\/plugins\/page-list\/ -->\n<ul class=\"page-list \">\n<li class=\"page_item page-item-7090\"><a href=\"https:\/\/bestwayingredients.com\/de\/404-page\/\">404 page<\/a><\/li>\n<li class=\"page_item page-item-19950\"><a href=\"https:\/\/bestwayingredients.com\/de\/account-text\/\">Account text<\/a><\/li>\n<li class=\"page_item page-item-7084\"><a href=\"https:\/\/bestwayingredients.com\/de\/afrekenen\/\">Afrekenen<\/a><\/li>\n<li class=\"page_item page-item-7088\"><a href=\"https:\/\/bestwayingredients.com\/de\/eschaeftsbedingungen-geschaeftskunden\/\">Allgemeine Gesch\u00e4ftsbedingungen f\u00fcr Gesch\u00e4ftskunden<\/a><\/li>\n<li class=\"page_item page-item-7079\"><a href=\"https:\/\/bestwayingredients.com\/de\/allgemeinen-geschaeftsbedingungen\/\">Allgemeinen Gesch\u00e4ftsbedingungen<\/a><\/li>\n<li class=\"page_item page-item-50447\"><a href=\"https:\/\/bestwayingredients.com\/de\/bestellung-und-lieferung\/\">Bestellung und Lieferung<\/a><\/li>\n<li class=\"page_item page-item-7068\"><a href=\"https:\/\/bestwayingredients.com\/de\/blog\/\">Blog<\/a><\/li>\n<li class=\"page_item page-item-7086\"><a href=\"https:\/\/bestwayingredients.com\/de\/danke\/\">Danke<\/a><\/li>\n<li class=\"page_item page-item-7089\"><a href=\"https:\/\/bestwayingredients.com\/de\/datenschutzerklaerung\/\">Datenschutzerkl\u00e4rung<\/a><\/li>\n<li class=\"page_item page-item-21689\"><a href=\"https:\/\/bestwayingredients.com\/de\/geschaeftlich\/\">Gesch\u00e4ftlich<\/a><\/li>\n<li class=\"page_item page-item-7092\"><a href=\"https:\/\/bestwayingredients.com\/de\/\">Home<\/a><\/li>\n<li class=\"page_item page-item-7091\"><a href=\"https:\/\/bestwayingredients.com\/de\/kontakt\/\">Kontakt<\/a><\/li>\n<li class=\"page_item page-item-49397\"><a href=\"https:\/\/bestwayingredients.com\/de\/laktose-grosshandel\/\">Laktose Gro\u00dfhandel<\/a><\/li>\n<li class=\"page_item page-item-7085\"><a href=\"https:\/\/bestwayingredients.com\/de\/mein-konto\/\">Mein Konto<\/a><\/li>\n<li class=\"page_item page-item-7082\"><a href=\"https:\/\/bestwayingredients.com\/de\/produkte\/\">Produkte<\/a><\/li>\n<li class=\"page_item page-item-7067\"><a href=\"https:\/\/bestwayingredients.com\/de\/recepten\/\">Recepten<\/a><\/li>\n<li class=\"page_item page-item-7078\"><a href=\"https:\/\/bestwayingredients.com\/de\/rueckgaberichtlinie\/\">R\u00fcckgaberichtlinie<\/a><\/li>\n<li class=\"page_item page-item-7087\"><a href=\"https:\/\/bestwayingredients.com\/de\/sitemap\/\">Sitemap<\/a><\/li>\n<li class=\"page_item page-item-7080\"><a href=\"https:\/\/bestwayingredients.com\/de\/ueber-uns\/\">\u00dcber uns<\/a><\/li>\n<li class=\"page_item page-item-7081 page_item_has_children\"><a href=\"https:\/\/bestwayingredients.com\/de\/verwendungsmoeglichkeiten\/\">Verwendungsm\u00f6glichkeiten<\/a>\n<ul class='children'>\n\t<li class=\"page_item page-item-7075\"><a href=\"https:\/\/bestwayingredients.com\/de\/verwendungsmoeglichkeiten\/baeckerei\/\">B\u00e4ckerei<\/a><\/li>\n\t<li class=\"page_item page-item-7071\"><a href=\"https:\/\/bestwayingredients.com\/de\/verwendungsmoeglichkeiten\/eis-desserts\/\">Eis &#038; Desserts<\/a><\/li>\n\t<li class=\"page_item page-item-7069\"><a href=\"https:\/\/bestwayingredients.com\/de\/verwendungsmoeglichkeiten\/milchgetraenke\/\">Milchgetr\u00e4nke<\/a><\/li>\n\t<li class=\"page_item page-item-7073\"><a href=\"https:\/\/bestwayingredients.com\/de\/verwendungsmoeglichkeiten\/milchpulver-hausgebrauch\/\">Milchpulver f\u00fcr den Hausgebrauch<\/a><\/li>\n\t<li class=\"page_item page-item-7076\"><a href=\"https:\/\/bestwayingredients.com\/de\/verwendungsmoeglichkeiten\/schokolade\/\">Schokolade<\/a><\/li>\n\t<li class=\"page_item page-item-7072\"><a href=\"https:\/\/bestwayingredients.com\/de\/verwendungsmoeglichkeiten\/snacks\/\">Snacks<\/a><\/li>\n\t<li class=\"page_item page-item-7070\"><a href=\"https:\/\/bestwayingredients.com\/de\/verwendungsmoeglichkeiten\/sport-diaetnahrung\/\">Sport- und Di\u00e4tnahrung<\/a><\/li>\n\t<li class=\"page_item page-item-7074\"><a href=\"https:\/\/bestwayingredients.com\/de\/verwendungsmoeglichkeiten\/suesswaren\/\">S\u00fc\u00dfwaren<\/a><\/li>\n<\/ul>\n<\/li>\n<li class=\"page_item page-item-7083\"><a href=\"https:\/\/bestwayingredients.com\/de\/warenkorb\/\">Warenkorb<\/a><\/li>\n<li class=\"page_item page-item-7066\"><a href=\"https:\/\/bestwayingredients.com\/de\/whey-proteine\/\">Whey-Proteine<\/a><\/li>\n\n<\/ul><\/div>            <\/div>\n                                            <\/div>\n    <\/div>\n<\/div><\/div>\t\t\t<\/div>\n\t\t\t\t<\/div>\n\t\t\t\t<\/section>\n<\/div>\n<\/p>\n","protected":false},"excerpt":{"rendered":"<p>Sitemap 404 page Account text Afrekenen Allgemeine Gesch\u00e4ftsbedingungen f\u00fcr Gesch\u00e4ftskunden Allgemeinen Gesch\u00e4ftsbedingungen Bestellung und Lieferung Blog Danke Datenschutzerkl\u00e4rung Gesch\u00e4ftlich Home Kontakt Laktose Gro\u00dfhandel Mein Konto Produkte Recepten R\u00fcckgaberichtlinie Sitemap \u00dcber uns Verwendungsm\u00f6glichkeiten B\u00e4ckerei Eis &#038; Desserts Milchgetr\u00e4nke Milchpulver f\u00fcr den Hausgebrauch Schokolade Snacks Sport- und Di\u00e4tnahrung S\u00fc\u00dfwaren Warenkorb Whey-Proteine<\/p>\n","protected":false},"author":1,"featured_media":0,"parent":0,"menu_order":0,"comment_status":"closed","ping_status":"closed","template":"template-parts\/page-builder.php","meta":{"_acf_changed":false,"footnotes":""},"tags":[],"class_list":["post-7087","page","type-page","status-publish","hentry"],"acf":[],"_links":{"self":[{"href":"https:\/\/bestwayingredients.com\/de\/wp-json\/wp\/v2\/pages\/7087","targetHints":{"allow":["GET"]}}],"collection":[{"href":"https:\/\/bestwayingredients.com\/de\/wp-json\/wp\/v2\/pages"}],"about":[{"href":"https:\/\/bestwayingredients.com\/de\/wp-json\/wp\/v2\/types\/page"}],"author":[{"embeddable":true,"href":"https:\/\/bestwayingredients.com\/de\/wp-json\/wp\/v2\/users\/1"}],"replies":[{"embeddable":true,"href":"https:\/\/bestwayingredients.com\/de\/wp-json\/wp\/v2\/comments?post=7087"}],"version-history":[{"count":2,"href":"https:\/\/bestwayingredients.com\/de\/wp-json\/wp\/v2\/pages\/7087\/revisions"}],"predecessor-version":[{"id":9496,"href":"https:\/\/bestwayingredients.com\/de\/wp-json\/wp\/v2\/pages\/7087\/revisions\/9496"}],"wp:attachment":[{"href":"https:\/\/bestwayingredients.com\/de\/wp-json\/wp\/v2\/media?parent=7087"}],"wp:term":[{"taxonomy":"post_tag","embeddable":true,"href":"https:\/\/bestwayingredients.com\/de\/wp-json\/wp\/v2\/tags?post=7087"}],"curies":[{"name":"wp","href":"https:\/\/api.w.org\/{rel}","templated":true}]}}