{"id":7088,"date":"2019-04-26T05:32:05","date_gmt":"2019-04-26T03:32:05","guid":{"rendered":"https:\/\/bestwayingredients.com\/algemene-voorwaarden-zakelijk\/"},"modified":"2021-04-09T17:03:59","modified_gmt":"2021-04-09T15:03:59","slug":"eschaeftsbedingungen-geschaeftskunden","status":"publish","type":"page","link":"https:\/\/bestwayingredients.com\/de\/eschaeftsbedingungen-geschaeftskunden\/","title":{"rendered":"Allgemeine Gesch\u00e4ftsbedingungen f\u00fcr Gesch\u00e4ftskunden"},"content":{"rendered":"<p><div id=\"thz-section-holder-sc8bad8c9\" class=\"thz-section-holder section-notcontained none\" data-view-brightness=\"none\">\n\t<section class=\"thz-section\">\n\t\t<div class=\"thz-section-in\">\n\t\t\t\t\t<div class=\"thz-container content-contained thz-site-width\">\n\t\t\t\t\t\t\t<\/div>\n\t\t\t\t<\/div>\n\t\t<div class=\"thz-bglayer-container\"><div id=\"thz-bglayer-1831913b\" class=\"thz-basic-bglayer\"><\/div><\/div>\t\t<\/section>\n<\/div>\n<div id=\"thz-section-holder-sa607f0b2\" class=\"thz-section-holder section-notcontained none\" data-view-brightness=\"none\">\n\t<section class=\"thz-section\">\n\t\t<div class=\"thz-section-in\">\n\t\t\t\t\t<div class=\"thz-container content-contained thz-site-width\">\n\t\t\t\t<div class=\"thz-row\">\n\t<div id=\"thz-column-c48aa668b\" class=\"content-block thz-column thz-col-2-3 fstart\">\n\t<div class=\"thz-column-container\">\n        <div class=\"thz-column-in\">\n                        <div class=\"thz-column-shortcodes\">\t\n                <div id=\"thz-text-block-110dc8e0\" class=\"thz-shc thz-text-block\"><h4>ALLGEMEINE GESCH\u00c4FTSBEDINGUNGEN F\u00dcR GESCH\u00c4FTSKUNDEN<\/h4><p>der Gesellschaft mit beschr\u00e4nkter Haftung nach niederl\u00e4ndischem Recht Best Way Ingredients mit Sitz in Haulerwijk<\/p><p><strong>\u00a0<\/strong><strong>Inhaltsverzeichnis<\/strong><\/p><p>Artikel 1 Begriffsbestimmungen<\/p><p>Artikel 2 Identit\u00e4t<strong><\/p><p><\/strong>Artikel 3 Geltungsbereich<\/p><p>Artikel 4 Angebot<\/p><p>Artikel 5 Vertrag<\/p><p>Artikel 6 Preise<\/p><p>Artikel 7 Lieferung und Lieferort<\/p><p>Artikel 8 Qualit\u00e4t, Zusammensetzung und Lagerung Artikel 9 Verpackung und Versand<\/p><p>Artikel 10 Nicht zurechenbare Leistungsausf\u00e4lle (h\u00f6here Gewalt) Artikel 11 Anspr\u00fcche und Haftung<\/p><p>Artikel 12 Vorzeitige Aufl\u00f6sung (Stornierung) Artikel 13 Zahlung<\/p><p>Artikel 14 Eigentumsvorbehalt Artikel 15 Streitf\u00e4lle<\/p><p>Artikel 16 Anwendbares Recht<\/p><p><strong>\u00a0<u>Artikel 1 Begriffsbestimmungen<\/u><\/strong><\/p><p>In diesen Gesch\u00e4ftsbedingungen gelten die folgenden Begriffsbestimmungen:<\/p><ol><li><strong>BWI: <\/strong>Best Way Ingredients B.V.;<\/li><li><strong>Kunde<\/strong>: die juristische oder nat\u00fcrliche Person, mit der BWI einen Vertrag abgeschlossen hat;<\/li><li><strong>Vertrag<\/strong>: der zwischen BWI und dem Kunden mit der Annahme des Angebots durch den Kunden und der Erf\u00fcllung der damit verbundenen Bedingungen geschlossene Vertrag.<\/li><\/ol><p><strong><u>Artikel 2 Identit\u00e4t<\/u><\/strong><\/p><p>Best Way Ingredients B.V.<br \/>Leeksterweg 71, 8433 KW Haulerwijk (Niederlande);<br \/>Telefonnummer: +31 85 - 047 92 93 (Montag bis Freitag zwischen 9.00 und 17.00 Uhr)<br \/>E-Mail-Adresse: <a href=\"mailto:info@bestwayingredients.com\">info@bestwayingredients.com<\/a><br \/>Handelskammernummer: 70837252<br \/>Umsatzsteuer-Identifikationsnummer: NL 8584 79 199 B01<\/p><p><strong><u>Artikel 3 Geltungsbereich<\/u><\/strong><\/p><ol><li>Diese Allgemeinen Gesch\u00e4ftsbedingungen gelten f\u00fcr jedes Angebot von BWI und f\u00fcr jeden zwischen BWI und dem Kunden abgeschlossenen Fernabsatzvertrag.<\/li><li>Vor dem Abschluss des Fernabsatzvertrags wird dem Kunden der Text dieser Allgemeinen Gesch\u00e4ftsbedingungen zur Verf\u00fcgung gestellt. Ist dies nach vern\u00fcnftigem Ermessen nicht m\u00f6glich, wird BWI vor dem Abschluss des Fernabsatzvertrags angeben, wie die Allgemeinen Gesch\u00e4ftsbedingungen in den Gesch\u00e4ftsr\u00e4umen von BWI eingesehen werden k\u00f6nnen und best\u00e4tigen, dass sie dem Kunden auf Anfrage umgehend und kostenfrei \u00fcbermittelt werden.<\/li><li>Wenn der Fernabsatzvertrag abweichend vom vorherigen Absatz elektronisch abgeschlossen wird, kann der Text dieser Allgemeinen Gesch\u00e4ftsbedingungen dem Kunden vor dem Abschluss des Fernabsatzvertrags elektronisch so zur Verf\u00fcgung gestellt werden, dass der Kunde diese leicht auf einem dauerhaften Datentr\u00e4ger speichern kann. Ist dies nach vern\u00fcnftigem Ermessen nicht m\u00f6glich, wird BWI vor dem Abschluss des Fernabsatzvertrags angeben, wo die Allgemeinen Gesch\u00e4ftsbedingungen elektronisch eingesehen werden k\u00f6nnen, und best\u00e4tigen, dass sie dem Kunden auf Anfrage umgehend elektronisch oder auf andere Weise kostenfrei \u00fcbermittelt werden.<\/li><li>Falls f\u00fcr bestimmte Produkte oder Dienstleistungen zus\u00e4tzlich zu diesen Allgemeinen Gesch\u00e4ftsbedingungen besondere Gesch\u00e4ftsbedingungen gelten, finden der zweite und dritte Absatz entsprechende Anwendung. Im Falle widerspr\u00fcchlicher Gesch\u00e4ftsbedingungen ist der Kunde stets berechtigt, sich auf die f\u00fcr ihn g\u00fcnstigste Bestimmung zu berufen.<\/li><li>Die allgemeinen Gesch\u00e4ftsbedingungen von Vertragspartnern und\/oder Dritten gelten nur, wenn BWI diese ausdr\u00fccklich schriftlich akzeptiert hat.<\/li><\/ol><p><strong><u>Artikel 4 Angebot<\/u><\/strong><\/p><ol><li>Jedes Angebot enth\u00e4lt Informationen, aus denen f\u00fcr den Kunden klar ersichtlich ist, welche Rechte und Verpflichtungen mit der Annahme des Angebots verbunden sind.<\/li><li>Alle Angebote von BWI verstehen sich vorbehaltlich etwaiger Druck- und\/oder Tippfehler. Im Falle derartiger Fehler ist BWI berechtigt, den Vertrag mit sofortiger Wirkung aufzul\u00f6sen. Bei Zweifeln in Bezug auf die Richtigkeit der angegebenen Produktinformationen oder Preise ist der Kunde verpflichtet, weitere Informationen bei BWI einzuholen, bevor er eine Bestellung aufgibt.<\/li><li>Alle unsere Angebote sind unverbindlich, sofern nicht anders angegeben. BWI beh\u00e4lt sich das Recht zur Ablehnung von Bestellungen vor. In einem derartigen Fall ist BWI nicht zur Zahlung einer Entsch\u00e4digung an den Kunden verpflichtet.<\/li><\/ol><p><strong><u>Artikel 5 Vertrag<\/u><\/strong><\/p><ol><li>Vorbehaltlich der Bestimmungen in Absatz 4 ist der Vertrag zu dem Zeitpunkt abgeschlossen, zu dem der Kunde das Angebot annimmt und die damit verbundenen Gesch\u00e4ftsbedingungen erf\u00fcllt sind.<\/li><li>Wenn der Kunde ein Angebot elektronisch angenommen hat, best\u00e4tigt BWI unverz\u00fcglich die Annahme des Angebots. Solange der Eingang dieser Annahme nicht durch BWI best\u00e4tigt worden ist, kann der Kunde den Vertrag aufl\u00f6sen.<\/li><li>BWI sendet sp\u00e4testens mit der Lieferung des Produkts an den Kunden die folgenden Informationen in einer Form, dass der Kunde die Informationen auf einem dauerhaften Datentr\u00e4ger zug\u00e4nglich speichern kann:<ol><li>die Anschrift des BWI-Gesch\u00e4ftsstandorts, an den sich der Kunde mit Beschwerden wenden kann;<\/li><li>den Preis ohne MwSt.; die Lieferkosten, sofern zutreffend; sowie die Art der Zahlung, Lieferung oder Durchf\u00fchrung des Fernabsatzvertrags.<\/li><\/ol><\/li><\/ol><p><strong><u>Artikel 6 Preise<\/u><\/strong><\/p><p>Soweit nicht ausdr\u00fccklich anders angegeben, verstehen sich die Preise auf unserer Website <u><a href=\"http:\/\/www.bestwayingredients.com\/\">www.bestwayingredients.com <\/a><\/u>:<\/p><ul><li>in Euro;<\/li><li>einschlie\u00dflich der Versandkosten innerhalb der Niederlande (DAP);<\/li><li>ohne MwSt.;<\/li><li>einschlie\u00dflich aller Verpackung und etwaiger Einwegpaletten.<\/li><\/ul><p>Die Preise auf der BWI-Website k\u00f6nnen sich ohne Vorank\u00fcndigung \u00e4ndern.<\/p><p><strong><u>Artikel 7 Lieferung und Lieferort<\/u><\/strong><\/p><ol><li>BWI strebt ein Lieferdatum von sp\u00e4testens drei Arbeitstagen nach dem Bestelldatum an, sofern die bestellten Produkte vorr\u00e4tig sind. Sollten die bestellten Produkte nicht vorr\u00e4tig sein, wird der Kunde hier\u00fcber so schnell wie m\u00f6glich telefonisch und\/oder schriftlich informiert und ihm wird das fr\u00fchestm\u00f6gliche Lieferdatum mitgeteilt.<\/li><li>Die vom Kunden bestellten Produkte werden an den Ort und die Adresse geliefert, die der Kunde angegeben hat.<\/li><li>Falls eine Lieferung in mehreren Teillieferungen vereinbart wurde, gilt die abgerufene oder gelieferte Menge in Bezug auf die Qualit\u00e4t und die sonstigen Eigenschaften der gelieferten Waren sowie hinsichtlich der Bezahlung als gesonderte Bestellung.<\/li><\/ol><p><strong><u>Artikel 8 Qualit\u00e4t, Zusammensetzung und Lagerung<\/u><\/strong><\/p><p>Die von BWI gelieferten Waren entsprechen hinsichtlich ihrer Qualit\u00e4t und Zusammensetzung mindestens dem \u00fcblichen Branchenstandard.<\/p><p>Der Kunde muss mit der Art und der Eignung der von uns gelieferten Waren vertraut sein oder diese ermitteln. BWI haftet nicht f\u00fcr die unsachgem\u00e4\u00dfe und\/oder unverantwortliche Verwendung der von BWI gelieferten Waren.<\/p><p>Der Kunde wird die von BWI gelieferten Waren unter sauberen, trockenen, geruchsfreien und hygienisch angemessenen Bedingungen lagern. Die von uns gelieferten Waren m\u00fcssen gem\u00e4\u00df den in unseren jeweiligen Produktspezifikationen angegebenen Bedingungen gelagert werden.<\/p><p><strong><u>Artikel 9 Verpackung, Versand und Lieferung<\/u><\/strong><\/p><p>Die von uns gelieferten Waren werden in einer geeigneten Verpackung geliefert, die einen Au\u00dfenkarton oder eine Lieferung auf Einwegpaletten umfassen kann. Abh\u00e4ngig von der bestellten Menge erfolgt die Lieferung nach Ermessen von BWI \u00fcber einen Kurierdienst oder per LKW auf Einwegpaletten.<\/p><p>Die Lieferadresse muss gegebenenfalls per LKW zug\u00e4nglich und das Abladen muss innerhalb eines angemessenen Zeitraums m\u00f6glich sein.<\/p><p><strong><u>Artikel 10 Nicht zurechenbare Leistungsausf\u00e4lle (nachstehend als h\u00f6here Gewalt bezeichnet)<\/u><\/strong><\/p><ol><li>In diesem Vertrag wird unter h\u00f6herer Gewalt unter anderem jeder Umstand verstanden, der au\u00dferhalb der Kontrolle von BWI liegt und nicht auf Verschulden von BWI zur\u00fcckzuf\u00fchren ist und der, gleichg\u00fcltig, ob er zum Zeitpunkt des Vertragsabschlusses vorhersehbar war oder nicht, die normale Durchf\u00fchrung des Vertrags erschwert oder verhindert, einschlie\u00dflich, aber nicht beschr\u00e4nkt auf einen Mangel an Rohstoffen und\/oder Halbfertigprodukten, des Lieferausfalls des Endprodukts aufgrund von Witterungsbedingungen, Transporthindernissen, Streiks oder \u00e4hnlichen Arbeitsk\u00e4mpfen, Aufruhr, Brand, Krieg und\/oder Kriegsgefahr sowie terroristischen Bedrohungen oder Handlungen, Betriebsst\u00f6rungen jeglicher Art, Fehlen oder Besch\u00e4digung von Produktionsressourcen, mangelhafter oder ausbleibender Leistungen der von BWI beauftragten Dritten, gleichg\u00fcltig, ob sie diesen zuzurechnen sind oder nicht, sowie staatlicher Ma\u00dfnahmen.<\/li><li>Wenn eine der Parteien durch h\u00f6here Gewalt an der Erf\u00fcllung ihrer Verpflichtungen gehindert ist, hat diese Partei unverz\u00fcglich die andere Partei hier\u00fcber zu benachrichtigen.<\/li><li>Letztere hat dann die M\u00f6glichkeit, den Vertrag um h\u00f6chstens drei\u00dfig Tage zu verl\u00e4ngern oder ihn schriftlich zu k\u00fcndigen, ohne dass eine der Parteien zur Zahlung von Schadensersatz verpflichtet ist. Sobald die Ursache der h\u00f6heren Gewalt innerhalb der verl\u00e4ngerten Frist weggefallen ist, ist die durch h\u00f6here Gewalt behinderte Partei berechtigt, den Vertrag durchzuf\u00fchren, soweit er nicht gek\u00fcndigt wurde, und dessen Erf\u00fcllung von der anderen Partei zu verlangen.<\/li><li>Wenn Teillieferung vereinbart ist, gelten diese Bestimmungen f\u00fcr jede Teillieferung gesondert.<\/li><\/ol><p><strong><u>Artikel 11 Anspr\u00fcche und Haftung<\/u><\/strong><\/p><ol><li>Die von BWI gelieferten Waren entsprechen den Anforderungen, die der Kunde auf der Grundlage des Vertrags erwarten kann.<\/li><li>Der Kunde muss unverz\u00fcglich nach Empfang der gelieferten Ware pr\u00fcfen, ob die gelieferte Ware dem Vertrag entspricht und ob offensichtliche M\u00e4ngel oder Mindermengen bestehen. M\u00e4ngel, die sofort bei Lieferung erkennbar sind, m\u00fcssen BWI schriftlich innerhalb eines Arbeitstages nach der Lieferung der Waren angezeigt werden. Der Kunde muss solche M\u00e4ngel und Mindermengen umgehend auf der Empfangsbest\u00e4tigung oder dem Frachtbrief vermerken.<\/li><li>Wenn die gelieferte Ware nicht dem Vertrag entspricht, weil sie nach ihrer Qualit\u00e4t und\/oder Zusammensetzung M\u00e4ngel aufweist, wird eine entsprechende Reklamation nur dann bearbeitet, wenn diese innerhalb von 14 Tagen nach der Lieferung schriftlich bei BWI eingereicht wurde. Der Kunde muss nachweisen, dass die gelieferten Waren nicht vertragsgem\u00e4\u00df sind.<\/li><li>Ungeachtet der Bestimmungen in Absatz 11.3 ist BWI lediglich zur Bearbeitung einer Reklamation verpflichtet, wenn der Kunde die betreffende Rechnung bezahlt oder die gelieferte Ware BWI verf\u00fcgbar gemacht hat.<\/li><li>Informiert der Kunde BWI \u00fcber Beanstandungen der gelieferten Waren, muss der Kunde BWI die M\u00f6glichkeit zur Besichtigung und Pr\u00fcfung der Waren einr\u00e4umen.<\/li><\/ol><p>Wenn der Kunde eine berechtigte Beschwerde erhoben hat, k\u00f6nnen wir nach unserer Wahl die gelieferte Ware auf unsere Kosten ersetzen oder dem Kunden eine Summe in H\u00f6he des vom Kunden geschuldeten Preises f\u00fcr die gelieferte Ware gutschreiben.<\/p><ol start=\"6\"><li>BWI ist nicht f\u00fcr Kosten, Sch\u00e4den und Zinsen haftbar, die dem Kunden aufgrund von Handlungen oder Unterlassungen seitens BWI, seitens Personen im Dienst von BWI oder seitens von BWI beauftragter Dritter entstehen k\u00f6nnen, sofern nicht grobe Fahrl\u00e4ssigkeit vorliegt.<\/li><\/ol><p>Die Haftung von BWI ist jederzeit auf den Rechnungswert der betreffenden Produkte beschr\u00e4nkt. Anstelle der R\u00fcckerstattung des Rechnungswerts steht es uns frei, die gelieferte mangelhafte Ware zu ersetzen.<\/p><p>Unter keinen Umst\u00e4nden haftet BWI f\u00fcr Folgesch\u00e4den, einschlie\u00dflich Handels-, Folge- oder indirekte Verluste.<\/p><ol start=\"7\"><li>Der Kunde h\u00e4lt BWI hinsichtlich der Anspr\u00fcche Dritter schadlos, es sei denn, der K\u00e4ufer kann nachweisen, dass diese Anspr\u00fcche die unmittelbare Folge von Handlungen oder Unterlassungen seitens BWI sind.<\/li><\/ol><p><strong><u>Artikel 12 Vorzeitige Aufl\u00f6sung (Stornierung)<\/u><\/strong><\/p><p>Der Kunde kann nur mit vorheriger schriftlicher Zustimmung von BWI eine Bestellung oder einen Teil einer Bestellung stornieren oder gelieferte Waren zur\u00fcckgeben.<\/p><p>Wenn sich eine der Parteien in Bezug auf die Lieferfrist oder die Zahlungsfrist fahrl\u00e4ssig verh\u00e4lt oder wenn eine Partei noch eine Verpflichtung gegen\u00fcber der anderen Partei zu erf\u00fcllen hat, oder wenn eine Partei ihre Zahlungen eingestellt hat, insolvent ist, verstirbt oder sich in Liquidation befindet, ist die andere Partei berechtigt, den Vertrag mittels einer schriftlichen Mitteilung, ganz oder teilweise aufzul\u00f6sen, ohne dass eine Inverzugsetzung oder gerichtliches Einschreiten erforderlich ist, unbeschadet des Rechts auf Schadensersatz.<\/p><p><strong><u>Artikel 13 Zahlung<\/u><\/strong><\/p><ol><li>Die Bezahlung eines Rechnungsbetrags von bis zu 350,00 EUR ohne MwSt. muss vor der Lieferung mittels einer auf der BWI-Website angegebenen Zahlungsm\u00f6glichkeiten geleistet werden.<\/li><\/ol><p>Zahlungen, die den oben genannten Betrag \u00fcbersteigen, k\u00f6nnen durch Bank\u00fcberweisung mit einer Zahlungsfrist von 14 Tagen nach der Lieferung geleistet werden, unter der Voraussetzung, dass der Rechnungsbetrag ohne Abzug von \u00dcberweisungskosten am F\u00e4lligkeitstermin auf dem Konto von BWI eingehen muss, und unter dem Vorbehalt, dass die Kreditw\u00fcrdigkeit des Kunden vor der Lieferung genehmigt worden ist.<\/p><ol start=\"2\"><li>Andernfalls ist BWI berechtigt, vom Kunden die volle Bezahlung vor der Lieferung zu verlangen. Falls in dieser Hinsicht die Zahlung des Kunden ausbleibt, ist BWI nach schriftlicher Benachrichtigung berechtigt, die Lieferung aufzuschieben.<\/li><li>BWI ist dann unter keinen Umst\u00e4nden f\u00fcr Sch\u00e4den haftbar, die dem Kunden aufgrund dieses Lieferaufschubs entstehen k\u00f6nnen.<\/li><li>Im Falle einer versp\u00e4teten Zahlung ger\u00e4t der Kunde in Verzug, ohne dass eine vorherige Inverzugsetzung durch BWI erforderlich ist. Ab dem F\u00e4lligkeitstermin der Rechnungen schuldet der Kunde Verzugszinsen in H\u00f6he von 1% pro Monat oder f\u00fcr den Teil eines Monats, wobei ein Teil eines Monats als ein voller Monat berechnet wird. Neben dem zu zahlenden Betrag und den damit verbundenen Zinsen ist der Kunde zur vollst\u00e4ndigen Zahlung der au\u00dfergerichtlichen und gerichtlichen Inkassokosten in voller H\u00f6he verpflichtet.<\/li><\/ol><p>Vom Kunden geleistete Zahlungen werden zuerst auf die geschuldeten Zinsen und Kosten und dann auf am l\u00e4ngsten f\u00e4lligen Rechnungen angerechnet.<\/p><p><strong><u>Artikel 14 Eigentumsvorbehalt<\/u><\/strong><\/p><ol><li>Alle von BWI an den Kunden gelieferten Waren bleiben \u2013 auch nach und trotz Be- oder Verarbeitung \u2013 bis zur vollst\u00e4ndigen Bezahlung aller Forderungen von BWI, die sich auf die (vertragsgem\u00e4\u00df) gelieferten oder zu liefernden Waren oder auf die (ebenfalls vertragsgem\u00e4\u00df) f\u00fcr den Kunden ausgef\u00fchrten oder auszuf\u00fchrenden Leistungen beziehen, sowie bis zur vollst\u00e4ndigen Bezahlung von Forderungen aufgrund von M\u00e4ngeln bei der Erf\u00fcllung solcher Vertr\u00e4ge (einschlie\u00dflich Kosten und Zinsen) ausschlie\u00dfliches Eigentum von BWI.<\/li><li>Waren, die gem\u00e4\u00df Absatz 1 im Vorbehaltseigentum von BWI bleiben, d\u00fcrfen niemals an Dritte verkauft und\/oder geliefert werden, es sei denn im gew\u00f6hnlichen Gesch\u00e4ftsgang. In Bezug auf solche Waren darf auch kein Pfandrecht zugunsten Dritter begr\u00fcndet werden.<\/li><li>Wenn der Vertrag von BWI und\/oder dem Kunden aufgel\u00f6st wird und bleibt das Eigentum an den Waren bestehen, muss der Kunde diese Waren BWI unverz\u00fcglich zur Verf\u00fcgung stellen. Der Kunde ist seinerseits nicht berechtigt, gegen diese Waren Forderungen aufzurechnen oder diese als Grundlage f\u00fcr die zeitweilige Zur\u00fcckbehaltung der Waren heranzuziehen.<\/li><\/ol><p><strong><u>Artikel 15 Streitf\u00e4lle<\/u><\/strong><\/p><p>Wenn zwischen BWI und dem Kunden ein Streitfall aufkommt, sind die Parteien wechselseitig verpflichtet, die Herbeif\u00fchrung einer Einigung durch Verhandlungen zu versuchen, bevor sie den Streitfall vor das zust\u00e4ndige Gericht bringen.<\/p><p><strong><u>Artikel 16 Anwendbares Recht<\/u><\/strong><\/p><p>Unter Ausschluss des Wiener \u00dcbereinkommens \u00fcber den internationalen Warenkauf, unterliegt jeder Vertrag zwischen BWI und dem Kunden dem niederl\u00e4ndischen Recht.<\/p><\/div>            <\/div>\n                                            <\/div>\n    <\/div>\n<\/div><\/div>\t\t\t<\/div>\n\t\t\t\t<\/div>\n\t\t\t\t<\/section>\n<\/div>\n<\/p>\n","protected":false},"excerpt":{"rendered":"<p>ALLGEMEINE GESCH\u00c4FTSBEDINGUNGEN F\u00dcR GESCH\u00c4FTSKUNDENder Gesellschaft mit beschr\u00e4nkter Haftung nach niederl\u00e4ndischem Recht Best Way Ingredients mit Sitz in Haulerwijk\u00a0InhaltsverzeichnisArtikel 1 BegriffsbestimmungenArtikel 2 Identit\u00e4tArtikel 3 GeltungsbereichArtikel 4 AngebotArtikel 5 VertragArtikel 6 PreiseArtikel 7 Lieferung und LieferortArtikel 8 Qualit\u00e4t, Zusammensetzung und Lagerung Artikel 9 Verpackung und VersandArtikel 10 Nicht zurechenbare Leistungsausf\u00e4lle (h\u00f6here Gewalt) Artikel 11 Anspr\u00fcche und HaftungArtikel 12 Vorzeitige Aufl\u00f6sung (Stornierung) Artikel 13 ZahlungArtikel 14 Eigentumsvorbehalt Artikel 15 Streitf\u00e4lleArtikel 16 Anwendbares Recht\u00a0Artikel 1 BegriffsbestimmungenIn diesen Gesch\u00e4ftsbedingungen gelten die folgenden Begriffsbestimmungen:BWI: Best Way Ingredients B.V.;Kunde: die juristische oder nat\u00fcrliche Person, mit der BWI einen Vertrag abgeschlossen hat;Vertrag: der zwischen BWI und dem Kunden mit der Annahme des Angebots durch den Kunden und der Erf\u00fcllung der damit verbundenen Bedingungen geschlossene Vertrag.Artikel 2 Identit\u00e4tBest Way Ingredients B.V.Leeksterweg 71, 8433 KW Haulerwijk (Niederlande);Telefonnummer: +31 85 &#8211; 047 92 93 (Montag bis Freitag zwischen 9.00 und 17.00 Uhr)E-Mail-Adresse: info@bestwayingredients.comHandelskammernummer: 70837252Umsatzsteuer-Identifikationsnummer: NL 8584 79 199 B01Artikel 3 GeltungsbereichDiese Allgemeinen Gesch\u00e4ftsbedingungen gelten f\u00fcr jedes Angebot von BWI und f\u00fcr jeden zwischen BWI und dem Kunden abgeschlossenen Fernabsatzvertrag.Vor dem Abschluss des Fernabsatzvertrags wird dem Kunden der Text dieser Allgemeinen Gesch\u00e4ftsbedingungen zur Verf\u00fcgung gestellt. Ist dies nach vern\u00fcnftigem Ermessen nicht m\u00f6glich, wird BWI vor dem Abschluss des Fernabsatzvertrags angeben, wie die [&hellip;]<\/p>\n","protected":false},"author":1,"featured_media":0,"parent":0,"menu_order":0,"comment_status":"closed","ping_status":"closed","template":"template-parts\/page-builder.php","meta":{"_acf_changed":false,"footnotes":""},"tags":[],"class_list":["post-7088","page","type-page","status-publish","hentry"],"acf":[],"_links":{"self":[{"href":"https:\/\/bestwayingredients.com\/de\/wp-json\/wp\/v2\/pages\/7088","targetHints":{"allow":["GET"]}}],"collection":[{"href":"https:\/\/bestwayingredients.com\/de\/wp-json\/wp\/v2\/pages"}],"about":[{"href":"https:\/\/bestwayingredients.com\/de\/wp-json\/wp\/v2\/types\/page"}],"author":[{"embeddable":true,"href":"https:\/\/bestwayingredients.com\/de\/wp-json\/wp\/v2\/users\/1"}],"replies":[{"embeddable":true,"href":"https:\/\/bestwayingredients.com\/de\/wp-json\/wp\/v2\/comments?post=7088"}],"version-history":[{"count":3,"href":"https:\/\/bestwayingredients.com\/de\/wp-json\/wp\/v2\/pages\/7088\/revisions"}],"predecessor-version":[{"id":7687,"href":"https:\/\/bestwayingredients.com\/de\/wp-json\/wp\/v2\/pages\/7088\/revisions\/7687"}],"wp:attachment":[{"href":"https:\/\/bestwayingredients.com\/de\/wp-json\/wp\/v2\/media?parent=7088"}],"wp:term":[{"taxonomy":"post_tag","embeddable":true,"href":"https:\/\/bestwayingredients.com\/de\/wp-json\/wp\/v2\/tags?post=7088"}],"curies":[{"name":"wp","href":"https:\/\/api.w.org\/{rel}","templated":true}]}}