{"id":29115,"date":"2022-08-09T11:49:13","date_gmt":"2022-08-09T09:49:13","guid":{"rendered":"https:\/\/bestwayingredients.com\/?post_type=product&#038;p=29115"},"modified":"2025-05-15T16:10:23","modified_gmt":"2025-05-15T14:10:23","slug":"bio-haferdrinkpulver","status":"publish","type":"product","link":"https:\/\/bestwayingredients.com\/de\/produkt\/bio-haferdrinkpulver\/","title":{"rendered":"Bio-Haferdrinkpulver"},"content":{"rendered":"<h3>Bio Haverdrinkpulver<\/h3>\n<p><span class=\"Y2IQFc\" lang=\"de\">Haferdrinkpulver (Hafermilchpulver) ist eine gute Alternative, wenn man keine tierische Milch m\u00f6chte oder kann trinken. Unser Haferdrinkpulver ist biologisch, milchfrei, glutenfrei und f\u00fcr eine vegane Lebensweise geeignet und kann als Ersatz f\u00fcr normales Milchpulver verwendet werden. Spr\u00fchgetrocknetes Bio Haferdrinkpulver hergestellt aus glutenfreiem Bio Hafermehl<br \/>\ndurch enzymatische Hydrolyse.<\/span><\/p>\n<p>Bio-Haferdrinkpulver ist auf Anfrage in 25 kg Beuteln erh\u00e4ltlich und kann in unge\u00f6ffneter Originalverpackung mindestens 24 Monate aufbewahrt werden. Das Produkt sollte an einem k\u00fchlen (15-25 \u2103), trockenen und geruchlosen Ort aufbewahrt werden.<\/p>\n","protected":false},"excerpt":{"rendered":"<p id=\"tw-target-text\" class=\"tw-data-text tw-text-large tw-ta\" dir=\"ltr\" data-placeholder=\"Vertaling\"><span class=\"Y2IQFc\" lang=\"de\"><span style=\"color: #ff0000;\">Wir k\u00f6nnen dieses Produkt auf Anfrage in 25 Kg S\u00e4cken liefern (Mindestbestellmenge 800 kg).<\/span><\/span><\/p>\n<p><strong>0 % S\u00fc\u00dfstoffe<\/strong><br \/>\n<strong>0 % Farbstoffe<\/strong><br \/>\n<strong>0 % Aromen<\/strong><br \/>\n<strong>0 % Verdickungsmittel<\/strong><\/p>\n<p dir=\"ltr\" data-placeholder=\"Vertaling\"><span class=\"Y2IQFc\" lang=\"de\">\u2713 Bio<br \/>\n\u2713 Pflanzlich \/ geeignet f\u00fcr eine vegane Lebensweise<br \/>\n\u2713 Milchfrei<br \/>\n\u2713 Glutenfrei<br \/>\n\u2713 Sehr gut geeignet als Ersatz f\u00fcr Milchpulver<\/span><\/p>\n<p dir=\"ltr\" data-placeholder=\"Vertaling\">\n","protected":false},"featured_media":46828,"template":"","meta":{"_acf_changed":false,"footnotes":""},"product_brand":[],"product_cat":[],"product_tag":[],"class_list":{"0":"post-29115","1":"product","2":"type-product","3":"status-publish","4":"has-post-thumbnail","7":"first","8":"onbackorder","9":"taxable","10":"shipping-taxable","11":"product-type-variable"},"acf":[],"_links":{"self":[{"href":"https:\/\/bestwayingredients.com\/de\/wp-json\/wp\/v2\/product\/29115","targetHints":{"allow":["GET"]}}],"collection":[{"href":"https:\/\/bestwayingredients.com\/de\/wp-json\/wp\/v2\/product"}],"about":[{"href":"https:\/\/bestwayingredients.com\/de\/wp-json\/wp\/v2\/types\/product"}],"version-history":[{"count":20,"href":"https:\/\/bestwayingredients.com\/de\/wp-json\/wp\/v2\/product\/29115\/revisions"}],"predecessor-version":[{"id":49222,"href":"https:\/\/bestwayingredients.com\/de\/wp-json\/wp\/v2\/product\/29115\/revisions\/49222"}],"wp:featuredmedia":[{"embeddable":true,"href":"https:\/\/bestwayingredients.com\/de\/wp-json\/wp\/v2\/media\/46828"}],"wp:attachment":[{"href":"https:\/\/bestwayingredients.com\/de\/wp-json\/wp\/v2\/media?parent=29115"}],"wp:term":[{"taxonomy":"product_brand","embeddable":true,"href":"https:\/\/bestwayingredients.com\/de\/wp-json\/wp\/v2\/product_brand?post=29115"},{"taxonomy":"product_cat","embeddable":true,"href":"https:\/\/bestwayingredients.com\/de\/wp-json\/wp\/v2\/product_cat?post=29115"},{"taxonomy":"product_tag","embeddable":true,"href":"https:\/\/bestwayingredients.com\/de\/wp-json\/wp\/v2\/product_tag?post=29115"}],"curies":[{"name":"wp","href":"https:\/\/api.w.org\/{rel}","templated":true}]}}