{"id":46754,"date":"2024-02-28T12:07:27","date_gmt":"2024-02-28T11:07:27","guid":{"rendered":"https:\/\/bestwayingredients.com\/?post_type=product&#038;p=46754"},"modified":"2026-03-12T11:28:47","modified_gmt":"2026-03-12T10:28:47","slug":"bio-molkenprotein-konzentrat","status":"publish","type":"product","link":"https:\/\/bestwayingredients.com\/de\/produkt\/bio-molkenprotein-konzentrat\/","title":{"rendered":"BIO Molkenprotein-Konzentrat 80 % &#8211; BIO WPC80"},"content":{"rendered":"<h3>Was ist biologische Whey-Proteine?<\/h3>\n<p>Biologisches Molkenprotein-Konzentrat ist das perfekte Nahrungserg\u00e4nzungsmittel, wenn Sie ein Eiwei\u00dfpulver mit m\u00f6glichst wenigen Zusatzstoffen suchen. Mit diesem Bio-Proteinpulver k\u00f6nnen Sie ganz einfach den Proteingehalt Ihrer Mahlzeiten erh\u00f6hen. Au\u00dferdem ist unser Molkenproteinkonzentrat ideal f\u00fcr die Verarbeitung in und die Herstellung von eiwei\u00dfreichen (Back-)Produkten geeignet.<\/p>\n<h3>Vorteile von biologischem Proteinpulver<\/h3>\n<p>\u2714 100 % biologisches Produkt<br \/>\n\u2714 Sehr gut geeignet f\u00fcr die Verarbeitung in und die Produktion von eiwei\u00dfreichen (Back-)Produkten<br \/>\n\u2714 In Kombination mit (Kraft-)Training kann Whey-Protein helfen, Muskelmasse und Muskelkraft zu steigern<br \/>\n\u2714 W\u00e4hrend Krankheit und Genesung ben\u00f6tigt der K\u00f6rper mehr Protein und Energie. Protein ist essenziell f\u00fcr den Aufbau und die Regeneration von K\u00f6rpergewebe.<\/p>\n<h3>So wird biologisches Whey-Protein mit 80 % Eiwei\u00df hergestellt<\/h3>\n<p>Molke ist ein Nebenprodukt, das bei der K\u00e4seherstellung entsteht. Wenn Milch w\u00e4hrend des K\u00e4sereiprozesses gerinnt, bleibt eine Fl\u00fcssigkeit zur\u00fcck. Diese Fl\u00fcssigkeit (Molke) enth\u00e4lt unter anderem Laktose, Eiwei\u00dfe, Vitamine und Mineralstoffe. Die Molke kann eingedampft werden, um Molkepulver herzustellen. Durch verschiedene Trocknungstechniken k\u00f6nnen unterschiedliche Whey-Proteinpulver gewonnen werden, darunter auch Whey-Konzentrat.<\/p>\n<p>Biologisches Whey-Protein wird aus reiner biologischer Molke hergestellt und enth\u00e4lt 0 % S\u00fc\u00dfstoffe, Farbstoffe, Aromen oder Verdickungsmittel. Es besteht zu etwa 80 % aus Eiwei\u00df und hat einen nat\u00fcrlichen Geschmack.<\/p>\n<h3>So wird biologisches WPC80 verpackt<\/h3>\n<p>Biologisches Molkenproteinkonzentrat ist in 15-Kilogramm-S\u00e4cken erh\u00e4ltlich.<br \/>\nDas Produkt ist in einer verschlossenen Verpackung mindestens 24 Monate ab Herstellungsdatum haltbar.<br \/>\nBitte lagern Sie dieses Produkt an einem k\u00fchlen (15-25 \u2103), trockenen und geruchsfreien Ort.<\/p>\n<h3>So verwenden Sie biologisches Proteinpulver<\/h3>\n<p>Whey-Proteinpulver ist eine ideale Erg\u00e4nzung zu Ihrer (Sport-)Ern\u00e4hrung oder f\u00fcr die Verwendung in (Back-)Rezepten und Proteinshakes. Sie k\u00f6nnen Whey Protein 80 in Wasser, Milch oder einem anderen Getr\u00e4nk Ihrer Wahl aufl\u00f6sen, um Ihre Proteinzufuhr zu erh\u00f6hen.<\/p>\n<p>Erstellen Sie ganz einfach eigene Proteinshakes oder eiwei\u00dfreiche Produkte wie Proteinriegel, Proteinwaffeln, Proteinpfannkuchen, eiwei\u00dfreiche Kekse, Proteinkuchen und Proteinmuffins.<\/p>\n<p>F\u00fcr den t\u00e4glichen Gebrauch empfehlen wir, 25 g Whey-Konzentrat mit 250 ml Wasser, Milch oder einem anderen Getr\u00e4nk Ihrer Wahl zu mischen. Verwenden Sie es als Erg\u00e4nzung zu einer ausgewogenen Ern\u00e4hrung, nicht als Ersatz.<\/p>\n<h3>Ist biologisches Whey-Protein f\u00fcr Vegetarier und Veganer geeignet?<\/h3>\n<p>\u2714 Bio WPC80 ist f\u00fcr Vegetarier geeignet.<br \/>\n\u2716 Das Produkt wird aus Kuhmilch hergestellt und ist daher nicht f\u00fcr eine vegane Ern\u00e4hrung geeignet.<\/p>\n<h3>Allergeninformationen<\/h3>\n<p>Biologisches Proteinpulver wird aus reiner Molke aus Kuhmilch hergestellt.<br \/>\nEs enth\u00e4lt keine weiteren Allergene.<\/p>\n<h3>Hinweis<\/h3>\n<p>Die Einnahme von Whey-Protein als Nahrungserg\u00e4nzungsmittel gilt f\u00fcr die meisten Menschen als sicher. Falls Sie jedoch eine Erkrankung haben oder eine spezielle Di\u00e4t einhalten, konsultieren Sie bitte Ihren Arzt oder Ern\u00e4hrungsberater, um festzustellen, ob dieses Produkt f\u00fcr Sie geeignet ist. Sie k\u00f6nnen Ihnen auch eine Empfehlung zur optimalen t\u00e4glichen Proteinzufuhr geben.<\/p>\n","protected":false},"excerpt":{"rendered":"<p data-start=\"0\" data-end=\"76\"><strong>0% S\u00fc\u00dfstoffe<\/strong><br data-start=\"12\" data-end=\"15\" \/><strong>0% Farbstoffe<\/strong><br data-start=\"28\" data-end=\"31\" \/><strong>0% Aromen<\/strong><br data-start=\"40\" data-end=\"43\" \/><strong>0% Verdickungsmittel<\/strong><br data-start=\"63\" data-end=\"66\" \/><strong>100% Bio<\/strong><\/p>\n<p data-start=\"78\" data-end=\"249\">\u2713 Bio<br data-start=\"83\" data-end=\"86\" \/>\u2713 Enth\u00e4lt ca. 80 % reines Eiwei\u00df<br data-start=\"118\" data-end=\"121\" \/>\u2713 Fett- und kohlenhydratarm<br data-start=\"148\" data-end=\"151\" \/>\u2713 Ideal als Zutat f\u00fcr eiwei\u00dfreiche Backwaren<br data-start=\"195\" data-end=\"198\" \/>\u2713 Unterst\u00fctzt Muskelregeneration &amp; Muskelwachstum<\/p>\n<p data-start=\"251\" data-end=\"300\" data-is-last-node=\"\">Klicken Sie <span style=\"color: #3366ff;\"><a style=\"color: #3366ff;\" href=\"https:\/\/bestwayingredients.com\/wp-content\/uploads\/2026\/03\/ORGANIC-WPC80-REGULAR-VERSION-20240303.2.pdf\"><em><strong>hier<\/strong><\/em><\/a> <\/span>f\u00fcr die Produktspezifikation<\/p>\n<p><span style=\"color: #ff0000;\"><em><strong>Dieses Produkt wird voraussichtlich Anfang April wieder verf\u00fcgbar sein<\/strong><\/em><\/span><\/p>\n","protected":false},"featured_media":24285,"template":"","meta":{"_acf_changed":false,"footnotes":""},"product_brand":[],"product_cat":[203],"product_tag":[],"class_list":{"0":"post-46754","1":"product","2":"type-product","3":"status-publish","4":"has-post-thumbnail","6":"product_cat-molkenprotein","8":"first","9":"instock","10":"taxable","11":"shipping-taxable","12":"purchasable","13":"product-type-variable"},"acf":[],"_links":{"self":[{"href":"https:\/\/bestwayingredients.com\/de\/wp-json\/wp\/v2\/product\/46754","targetHints":{"allow":["GET"]}}],"collection":[{"href":"https:\/\/bestwayingredients.com\/de\/wp-json\/wp\/v2\/product"}],"about":[{"href":"https:\/\/bestwayingredients.com\/de\/wp-json\/wp\/v2\/types\/product"}],"version-history":[{"count":16,"href":"https:\/\/bestwayingredients.com\/de\/wp-json\/wp\/v2\/product\/46754\/revisions"}],"predecessor-version":[{"id":50566,"href":"https:\/\/bestwayingredients.com\/de\/wp-json\/wp\/v2\/product\/46754\/revisions\/50566"}],"wp:featuredmedia":[{"embeddable":true,"href":"https:\/\/bestwayingredients.com\/de\/wp-json\/wp\/v2\/media\/24285"}],"wp:attachment":[{"href":"https:\/\/bestwayingredients.com\/de\/wp-json\/wp\/v2\/media?parent=46754"}],"wp:term":[{"taxonomy":"product_brand","embeddable":true,"href":"https:\/\/bestwayingredients.com\/de\/wp-json\/wp\/v2\/product_brand?post=46754"},{"taxonomy":"product_cat","embeddable":true,"href":"https:\/\/bestwayingredients.com\/de\/wp-json\/wp\/v2\/product_cat?post=46754"},{"taxonomy":"product_tag","embeddable":true,"href":"https:\/\/bestwayingredients.com\/de\/wp-json\/wp\/v2\/product_tag?post=46754"}],"curies":[{"name":"wp","href":"https:\/\/api.w.org\/{rel}","templated":true}]}}