{"id":48538,"date":"2025-01-16T08:52:49","date_gmt":"2025-01-16T07:52:49","guid":{"rendered":"https:\/\/bestwayingredients.com\/?post_type=product&#038;p=48538"},"modified":"2025-02-24T15:24:46","modified_gmt":"2025-02-24T14:24:46","slug":"vollfettes-ziegenmilchpulver","status":"publish","type":"product","link":"https:\/\/bestwayingredients.com\/de\/produkt\/vollfettes-ziegenmilchpulver\/","title":{"rendered":"Vollfettes Ziegenmilchpulver"},"content":{"rendered":"<h3>Vollfettes Ziegenmilchpulver<\/h3>\n<p>Ziegenmilchpulver ist eine vielseitige Zutat in der Lebensmittelindustrie. Es wird durch Spr\u00fchtrocknung frischer Ziegenmilch hergestellt, wodurch der hohe Fettgehalt erhalten bleibt und die leicht verdaulichen Proteine optimal verf\u00fcgbar bleiben. Dank seines milden, cremigen Geschmacks und seiner hervorragenden Verdaulichkeit ist Ziegenmilchpulver eine perfekte Alternative zu Kuhmilch und eignet sich f\u00fcr eine Vielzahl von Anwendungen.<\/p>\n<h3>Warum Ziegenmilchpulver w\u00e4hlen?<\/h3>\n<ul>\n<li><strong>Leicht verdaulich &amp; weniger allergen<\/strong> \u2013 Ziegenmilch enth\u00e4lt von Natur aus leicht verdauliche Proteine und ist magenfreundlicher als Kuhmilch. Dies macht sie zu einer ausgezeichneten Wahl f\u00fcr Menschen mit empfindlichem Magen.<\/li>\n<li><strong>Reich an MCT-Fetten<\/strong> \u2013 Enth\u00e4lt einen hohen Anteil an mittelkettigen Fetts\u00e4uren (MCTs), die schnell vom K\u00f6rper aufgenommen werden und sofort Energie liefern.<\/li>\n<li><strong>Hochwertige Proteine<\/strong> \u2013 Vollgepackt mit essenziellen Aminos\u00e4uren, darunter BCAAs, die den Muskelaufbau und die Regeneration unterst\u00fctzen.<\/li>\n<li><strong>Wichtige Vitamine &amp; Mineralstoffe<\/strong> \u2013 Von Natur aus reich an den Vitaminen A, D, B1, B2, B5, B6 und B12 sowie an wichtigen Mineralien wie Kalzium, Phosphor, Magnesium und Zink, die zu starken Knochen und einem gesunden Immunsystem beitragen.<\/li>\n<li><strong>Unterst\u00fctzt die Darmgesundheit<\/strong> \u2013 Enth\u00e4lt pr\u00e4biotische Oligosaccharide, die das Wachstum gesunder Darmbakterien f\u00f6rdern und eine gesunde Verdauung unterst\u00fctzen.<\/li>\n<\/ul>\n<h3>Anwendungen von Ziegenmilchpulver<\/h3>\n<p>Ziegenmilchpulver ist eine vielseitige und n\u00e4hrstoffreiche Zutat, die in verschiedenen Branchen und Anwendungen eingesetzt wird. Dank seiner leichten Verdaulichkeit, seines cremigen Geschmacks und seines hohen N\u00e4hrwerts ist es eine hervorragende Alternative zu Kuhmilch.<\/p>\n<ul>\n<li><strong>Milchprodukte<\/strong> \u2013 Wird in Joghurt, K\u00e4se, Butter und Desserts als nahrhafte Alternative zu Kuhmilch verwendet.<\/li>\n<li><strong>Backwaren<\/strong> \u2013 Wird Brot, Keksen, Kuchen und Pfannkuchen f\u00fcr zus\u00e4tzliche Cremigkeit und N\u00e4hrwert zugesetzt.<\/li>\n<li><strong>Getr\u00e4nke<\/strong> \u2013 Wasserl\u00f6slich, ideal f\u00fcr Smoothies, Proteinshakes, Kaffee und Tee als Milchersatz.<\/li>\n<li><strong>Proteinreiche Ern\u00e4hrung<\/strong> \u2013 Hoher Gehalt an BCAAs und essenziellen Aminos\u00e4uren, f\u00f6rderlich f\u00fcr Muskelaufbau und Regeneration.<\/li>\n<li><strong>Energiequelle<\/strong> \u2013 MCT-Fette werden schnell aufgenommen und liefern sofortige Energie, ideal f\u00fcr Sportler und aktive Menschen.<\/li>\n<li><strong>Darmgesundheit<\/strong> \u2013 Enth\u00e4lt pr\u00e4biotische Oligosaccharide, die eine gesunde Verdauung und Darmflora unterst\u00fctzen.<\/li>\n<li><strong>Hautpflege<\/strong> \u2013 Reich an Vitaminen und Mineralien, ideal f\u00fcr feuchtigkeitsspendende und n\u00e4hrende Cremes und Seifen.<\/li>\n<li><strong>Nahrungserg\u00e4nzungsmittel<\/strong> \u2013 Wird in Nahrungserg\u00e4nzungsmitteln f\u00fcr zus\u00e4tzliche Kalzium- und Proteinzufuhr verwendet.<\/li>\n<\/ul>\n<p>Ziegenmilchpulver ist in 25-Kilogramm-S\u00e4cken erh\u00e4ltlich. Bei Lagerung in einer verschlossenen Verpackung betr\u00e4gt die Haltbarkeit mindestens 18 Monate ab Produktionsdatum. Lagern Sie dieses Produkt an einem k\u00fchlen (15-25\u00b0C), trockenen und geruchsfreien Ort.<\/p>\n","protected":false},"excerpt":{"rendered":"<p><strong>0 % S\u00fc\u00dfstoffe<\/strong><br \/>\n<strong>0 % Farbstoffe<\/strong><br \/>\n<strong>0 % Aromen<\/strong><br \/>\n<strong>0 % Verdickungsmittel<\/strong><\/p>\n<p dir=\"ltr\" data-placeholder=\"Vertaling\">\u2713 Hoher Gehalt an MCT-Fetten<br \/>\n\u2713 Reich an hochwertigen und leicht verdaulichen Proteinen<br \/>\n\u2713 Reich an Vitaminen und Mineralstoffen<br \/>\n\u2713 Enth\u00e4lt pr\u00e4biotische Oligosaccharide<\/p>\n<p><em>Die Produktspezifikation finden Sie <a href=\"https:\/\/bestwayingredients.com\/wp-content\/uploads\/2025\/02\/FCGMP-VERSION-110225.1.pdf\"><strong>hier<\/strong><\/a>.<\/em><\/p>\n","protected":false},"featured_media":48655,"template":"","meta":{"_acf_changed":false,"footnotes":""},"product_brand":[],"product_cat":[],"product_tag":[],"class_list":{"0":"post-48538","1":"product","2":"type-product","3":"status-publish","4":"has-post-thumbnail","7":"first","8":"instock","9":"taxable","10":"shipping-taxable","11":"purchasable","12":"product-type-variable","13":"has-default-attributes"},"acf":[],"_links":{"self":[{"href":"https:\/\/bestwayingredients.com\/de\/wp-json\/wp\/v2\/product\/48538","targetHints":{"allow":["GET"]}}],"collection":[{"href":"https:\/\/bestwayingredients.com\/de\/wp-json\/wp\/v2\/product"}],"about":[{"href":"https:\/\/bestwayingredients.com\/de\/wp-json\/wp\/v2\/types\/product"}],"version-history":[{"count":7,"href":"https:\/\/bestwayingredients.com\/de\/wp-json\/wp\/v2\/product\/48538\/revisions"}],"predecessor-version":[{"id":48822,"href":"https:\/\/bestwayingredients.com\/de\/wp-json\/wp\/v2\/product\/48538\/revisions\/48822"}],"wp:featuredmedia":[{"embeddable":true,"href":"https:\/\/bestwayingredients.com\/de\/wp-json\/wp\/v2\/media\/48655"}],"wp:attachment":[{"href":"https:\/\/bestwayingredients.com\/de\/wp-json\/wp\/v2\/media?parent=48538"}],"wp:term":[{"taxonomy":"product_brand","embeddable":true,"href":"https:\/\/bestwayingredients.com\/de\/wp-json\/wp\/v2\/product_brand?post=48538"},{"taxonomy":"product_cat","embeddable":true,"href":"https:\/\/bestwayingredients.com\/de\/wp-json\/wp\/v2\/product_cat?post=48538"},{"taxonomy":"product_tag","embeddable":true,"href":"https:\/\/bestwayingredients.com\/de\/wp-json\/wp\/v2\/product_tag?post=48538"}],"curies":[{"name":"wp","href":"https:\/\/api.w.org\/{rel}","templated":true}]}}