{"id":7937,"date":"2021-01-18T09:50:35","date_gmt":"2021-01-18T08:50:35","guid":{"rendered":"https:\/\/bestwayingredients.com\/product\/biologische-volle-melkpoeder-de\/"},"modified":"2026-01-12T15:02:30","modified_gmt":"2026-01-12T14:02:30","slug":"bio-vollmilchpulver","status":"publish","type":"product","link":"https:\/\/bestwayingredients.com\/de\/produkt\/bio-vollmilchpulver\/","title":{"rendered":"Bio-Vollmilchpulver"},"content":{"rendered":"<h3>Bio-Vollmilchpulver<\/h3>\n<p>Bio-Vollmilchpulver ist ein vielseitiges Produkt. Vollmilchpulver eignet sich f\u00fcr viele Verwendungsm\u00f6glichkeiten: Backwaren, Schokolade und S\u00fc\u00dfwaren, Eis, Desserts oder Suppen und Saucen.<br \/>\nBio-Vollmilchpulver wird aus frischer Bio-Kuhmilch hergestellt. Nach der Pasteurisierung und Standardisierung wird die Milch verdickt und spr\u00fchgetrocknet, um ein Pulver zu erhalten.<\/p>\n<p>Unser Bio-Vollmilchpulver ist in 25 kg Beuteln erh\u00e4ltlich und kann in unge\u00f6ffneter Originalverpackung mindestens 12 Monate aufbewahrt werden. Das Produkt sollte an einem k\u00fchlen (&lt; 25 \u2103), trockenen und geruchlosen Ort aufbewahrt werden.<\/p>\n<p>Klicken Sie <em><strong><a href=\"https:\/\/bestwayingredients.com\/wp-content\/uploads\/2026\/01\/BWI-ENG-NL-BIO-01.528-0004255.2025.001.pdf\">hier<\/a><\/strong><\/em> um unser BIO Zertifikat herunterzuladen.<\/p>\n","protected":false},"excerpt":{"rendered":"<p><strong><span class=\"Y2IQFc\" lang=\"de\">0 % S\u00fc\u00dfstoffe<br \/>\n0 % Farbstoffe<br \/>\n0 % Aromen<br \/>\n0 % Verdickungsmittel<\/span><\/strong><\/p>\n<p>\u2713 Biologisch produziert<br \/>\n<span class=\"Y2IQFc\" lang=\"de\">\u2713 Lange Haltbarkeit<\/span><br \/>\n<span class=\"Y2IQFc\" lang=\"de\">\u2713 Platzsparend (muss gar nicht gek\u00fchlt werden)<br \/>\n\u2713 Auch sehr gut geeignet als Trinkmilch<\/span><br \/>\n\u2713 Sehr geeignet als Zutat f\u00fcr Schokolade<br \/>\n\u2713 Vielseitig einsetzbar in zahlreichen (Back)rezepte<\/p>\n","protected":false},"featured_media":7963,"template":"","meta":{"_acf_changed":false,"footnotes":""},"product_brand":[],"product_cat":[200],"product_tag":[],"class_list":{"0":"post-7937","1":"product","2":"type-product","3":"status-publish","4":"has-post-thumbnail","6":"product_cat-melkpaeder","8":"first","9":"instock","10":"taxable","11":"shipping-taxable","12":"purchasable","13":"product-type-variable"},"acf":[],"_links":{"self":[{"href":"https:\/\/bestwayingredients.com\/de\/wp-json\/wp\/v2\/product\/7937","targetHints":{"allow":["GET"]}}],"collection":[{"href":"https:\/\/bestwayingredients.com\/de\/wp-json\/wp\/v2\/product"}],"about":[{"href":"https:\/\/bestwayingredients.com\/de\/wp-json\/wp\/v2\/types\/product"}],"version-history":[{"count":20,"href":"https:\/\/bestwayingredients.com\/de\/wp-json\/wp\/v2\/product\/7937\/revisions"}],"predecessor-version":[{"id":50211,"href":"https:\/\/bestwayingredients.com\/de\/wp-json\/wp\/v2\/product\/7937\/revisions\/50211"}],"wp:featuredmedia":[{"embeddable":true,"href":"https:\/\/bestwayingredients.com\/de\/wp-json\/wp\/v2\/media\/7963"}],"wp:attachment":[{"href":"https:\/\/bestwayingredients.com\/de\/wp-json\/wp\/v2\/media?parent=7937"}],"wp:term":[{"taxonomy":"product_brand","embeddable":true,"href":"https:\/\/bestwayingredients.com\/de\/wp-json\/wp\/v2\/product_brand?post=7937"},{"taxonomy":"product_cat","embeddable":true,"href":"https:\/\/bestwayingredients.com\/de\/wp-json\/wp\/v2\/product_cat?post=7937"},{"taxonomy":"product_tag","embeddable":true,"href":"https:\/\/bestwayingredients.com\/de\/wp-json\/wp\/v2\/product_tag?post=7937"}],"curies":[{"name":"wp","href":"https:\/\/api.w.org\/{rel}","templated":true}]}}