{"id":7940,"date":"2020-03-23T14:37:51","date_gmt":"2020-03-23T13:37:51","guid":{"rendered":"https:\/\/bestwayingredients.com\/product\/wei-proteine-isolaat-90-whey-protein-de\/"},"modified":"2025-05-13T12:05:37","modified_gmt":"2025-05-13T10:05:37","slug":"molkenprotein-isolat","status":"publish","type":"product","link":"https:\/\/bestwayingredients.com\/de\/produkt\/molkenprotein-isolat\/","title":{"rendered":"Molkenprotein-Isolat 90 %"},"content":{"rendered":"<h3>Molkenprotein-Isolat 90 %<\/h3>\n<p>Molkenprotein-Isolat wird aus frischer Molke hergestellt, einem Nebenprodukt der K\u00e4seherstellung. Zur Herstellung von Molkenprotein-Konzentrat wird Filtration eingesetzt. Der Proteingehalt in der Trockenmasse betr\u00e4gt mindestens 90 %.<\/p>\n<p>Mit Molkenprotein-Isolat k\u00f6nnen Sie unter anderem Ihre eigene Sport- und Di\u00e4tnahrung zubereiten. Dieses Produkt kann auch in Backwaren, Schokolade und S\u00fc\u00dfwaren, Eis, Desserts oder Suppen und Saucen verwendet werden. Das Pulver ist leicht l\u00f6slich und enth\u00e4lt keine Farbstoffe, Aromastoffe, S\u00fc\u00dfstoffe oder Verdickungsmittel.<\/p>\n<p>Unser Molkenprotein-Isolat ist in 1 und 15 kg Beuteln erh\u00e4ltlich und kann in unge\u00f6ffneter Originalverpackung mindestens 24 Monate aufbewahrt werden. Das Produkt sollte an einem k\u00fchlen (&lt; 25 \u2103), trockenen und geruchlosen Ort aufbewahrt werden.<\/p>\n","protected":false},"excerpt":{"rendered":"<p>Dieses Produkt mit einem hohen Proteingehalt von ungef\u00e4hr 90 % eignet sich unter anderem f\u00fcr die Zubereitung von Sport- und Di\u00e4tnahrung.<br \/>\nEs enth\u00e4lt keine Farb-, Aroma- und S\u00fc\u00dfstoffe oder Verdickungsmittel. Das Pulver ist leicht l\u00f6slich, sodass Sie m\u00fchelos Ihre eigenen (Protein-)Shakes zubereiten k\u00f6nnen.<br \/>\nDer Proteingehalt in der Trockenmasse betr\u00e4gt mindestens 90 %.<\/p>\n<p>Variationen:<br \/>\n\u00bb Geben Sie etwas Frischobst zu Ihrem Proteinshake!<br \/>\n\u00bb K\u00f6stlich auch in Kombination mit (Frucht-)Joghurt oder Quark.<br \/>\n\u00bb Best Way Molkenprotein-Isolat kann auch als Zutat in zahlreichen Backwaren verwendet werden, z. B. in Proteinriegeln, Proteinwaffeln, Proteinpfannkuchen, proteinreiche Kekse, Protein-Kuchen und Protein-Muffins!<\/p>\n<p><em>Die Produktspezifikation finden Sie\u00a0<strong><a href=\"https:\/\/bestwayingredients.com\/wp-content\/uploads\/2024\/05\/WPI-INSTANT-VERSION-021120.6.pdf\" target=\"_blank\" rel=\"noopener noreferrer\">hier<\/a><\/strong><\/em><\/p>\n","protected":false},"featured_media":7941,"template":"","meta":{"_acf_changed":false,"footnotes":""},"product_brand":[],"product_cat":[203],"product_tag":[],"class_list":{"0":"post-7940","1":"product","2":"type-product","3":"status-publish","4":"has-post-thumbnail","6":"product_cat-molkenprotein","8":"first","9":"instock","10":"taxable","11":"shipping-taxable","12":"purchasable","13":"product-type-variable"},"acf":[],"_links":{"self":[{"href":"https:\/\/bestwayingredients.com\/de\/wp-json\/wp\/v2\/product\/7940","targetHints":{"allow":["GET"]}}],"collection":[{"href":"https:\/\/bestwayingredients.com\/de\/wp-json\/wp\/v2\/product"}],"about":[{"href":"https:\/\/bestwayingredients.com\/de\/wp-json\/wp\/v2\/types\/product"}],"version-history":[{"count":20,"href":"https:\/\/bestwayingredients.com\/de\/wp-json\/wp\/v2\/product\/7940\/revisions"}],"predecessor-version":[{"id":49213,"href":"https:\/\/bestwayingredients.com\/de\/wp-json\/wp\/v2\/product\/7940\/revisions\/49213"}],"wp:featuredmedia":[{"embeddable":true,"href":"https:\/\/bestwayingredients.com\/de\/wp-json\/wp\/v2\/media\/7941"}],"wp:attachment":[{"href":"https:\/\/bestwayingredients.com\/de\/wp-json\/wp\/v2\/media?parent=7940"}],"wp:term":[{"taxonomy":"product_brand","embeddable":true,"href":"https:\/\/bestwayingredients.com\/de\/wp-json\/wp\/v2\/product_brand?post=7940"},{"taxonomy":"product_cat","embeddable":true,"href":"https:\/\/bestwayingredients.com\/de\/wp-json\/wp\/v2\/product_cat?post=7940"},{"taxonomy":"product_tag","embeddable":true,"href":"https:\/\/bestwayingredients.com\/de\/wp-json\/wp\/v2\/product_tag?post=7940"}],"curies":[{"name":"wp","href":"https:\/\/api.w.org\/{rel}","templated":true}]}}