{"id":7945,"date":"2020-03-23T14:38:24","date_gmt":"2020-03-23T13:38:24","guid":{"rendered":"https:\/\/bestwayingredients.com\/product\/wei-proteine-concentraat-80-whey-protein-de\/"},"modified":"2025-10-06T12:30:55","modified_gmt":"2025-10-06T10:30:55","slug":"molkenprotein-konzentrat","status":"publish","type":"product","link":"https:\/\/bestwayingredients.com\/de\/produkt\/molkenprotein-konzentrat\/","title":{"rendered":"Molkenprotein-Konzentrat 80 % &#8211; WPC80"},"content":{"rendered":"<h3 data-start=\"3334\" data-end=\"3352\">Was ist WPC80?<\/h3>\n<p data-start=\"3354\" data-end=\"3736\">Molkenproteinkonzentrat, auch bekannt als Whey Protein 80, ist das perfekte Supplement, wenn Sie auf der Suche nach einem Proteinpulver mit m\u00f6glichst wenigen Zusatzstoffen sind. Mit diesem Molkenprotein k\u00f6nnen Sie den Eiwei\u00dfgehalt Ihrer Mahlzeiten ganz einfach erh\u00f6hen. Es eignet sich au\u00dferdem hervorragend zur Verarbeitung in und zur Herstellung von eiwei\u00dfreichen (Back-)Produkten.<\/p>\n<h3 data-start=\"3738\" data-end=\"3770\">Vorteile von Whey Protein 80<\/h3>\n<ul data-start=\"3771\" data-end=\"4149\">\n<li data-start=\"3771\" data-end=\"3880\">\n<p data-start=\"3773\" data-end=\"3880\">Das Produkt eignet sich ideal zur Verarbeitung in und zur Herstellung von eiwei\u00dfreichen (Back-)Produkten.<\/p>\n<\/li>\n<li data-start=\"3881\" data-end=\"3991\">\n<p data-start=\"3883\" data-end=\"3991\">In Kombination mit (Kraft-)Training kann Whey Protein helfen, die Muskelmasse und Muskelkraft zu steigern.<\/p>\n<\/li>\n<li data-start=\"3992\" data-end=\"4149\">\n<p data-start=\"3994\" data-end=\"4149\">Bei Krankheit und w\u00e4hrend der Genesung ben\u00f6tigt der K\u00f6rper mehr Eiwei\u00df und Energie. Eiwei\u00df ist wichtig f\u00fcr den Aufbau und die Reparatur von K\u00f6rpergewebe.<\/p>\n<\/li>\n<\/ul>\n<h3 data-start=\"4151\" data-end=\"4186\">So wird unser WPC80 hergestellt<\/h3>\n<p data-start=\"4188\" data-end=\"4957\">Molke ist ein Nebenprodukt, das bei der K\u00e4seherstellung entsteht. Beim Gerinnen der Milch w\u00e4hrend der K\u00e4seproduktion bleibt eine Fl\u00fcssigkeit zur\u00fcck. Diese Fl\u00fcssigkeit (Molke) enth\u00e4lt Milchzucker (Laktose), Eiwei\u00dfe, Vitamine und Mineralstoffe. Die Molke kann eingedampft werden, um Molkenpulver herzustellen. Durch verschiedene Trocknungstechniken k\u00f6nnen unterschiedliche Molkenproteinpulver gewonnen werden, wie z. B. Molkenkonzentrat.<br data-start=\"4623\" data-end=\"4626\" \/>Unser Molkenkonzentrat wird aus reiner Molke hergestellt und enth\u00e4lt 0 % S\u00fc\u00dfstoffe, Farbstoffe, Aromen oder Verdickungsmittel und besteht zu etwa 80 % aus Eiwei\u00df. Die einzige Zugabe ist maximal 2 % Sonnenblumenlecithin, das f\u00fcr eine gute L\u00f6slichkeit sorgt. Sie k\u00f6nnen den nat\u00fcrlichen Geschmack der Zutaten erwarten.<\/p>\n<h3 data-start=\"4959\" data-end=\"4990\">So ist unser WPC80 verpackt<\/h3>\n<p data-start=\"4992\" data-end=\"5518\">Unser Whey Protein 80 ist in wiederverschlie\u00dfbaren 1-kg-Beuteln erh\u00e4ltlich.<br data-start=\"5071\" data-end=\"5074\" \/>Au\u00dferdem bieten wir eine 20-kg-Gro\u00dfpackung an. Mit dem Kauf der 20-kg-Packung sparen Sie insgesamt \u00fcber \u20ac300! Ist 20 kg zu viel? Vielleicht k\u00f6nnen Sie sich eine Gro\u00dfpackung mit Familie oder Freunden teilen. Unser Molkenproteinkonzentrat l\u00e4sst sich hervorragend in einem luftdichten Vorratsbeh\u00e4lter aufbewahren.<br data-start=\"5393\" data-end=\"5396\" \/>M\u00f6chten Sie wissen, welche Charge und welches Mindesthaltbarkeitsdatum derzeit auf Lager sind? Kontaktieren Sie uns gerne!<\/p>\n<h3 data-start=\"5520\" data-end=\"5552\">So verwenden Sie unser WPC80<\/h3>\n<p data-start=\"5554\" data-end=\"6181\">Molkenproteinpulver ist die perfekte Erg\u00e4nzung zu Ihrer (Sport-)Ern\u00e4hrung oder f\u00fcr die Verwendung in (Back-)Rezepten oder Proteinshakes. Sie k\u00f6nnen Whey Protein 80 in Wasser, Milch oder einem Getr\u00e4nk Ihrer Wahl aufl\u00f6sen, um Ihre Eiwei\u00dfzufuhr zu erh\u00f6hen. Bereiten Sie ganz einfach Ihre eigenen Proteinshakes oder eiwei\u00dfreichen Produkte wie Proteinriegel, Waffeln, Pfannkuchen, Kekse, Kuchen und Muffins zu.<br data-start=\"5959\" data-end=\"5962\" \/>F\u00fcr den t\u00e4glichen Gebrauch empfehlen wir, 25 g Molkenkonzentrat in 250 ml Wasser, Milch oder einem Getr\u00e4nk Ihrer Wahl aufzul\u00f6sen und als Erg\u00e4nzung zu einer ausgewogenen Ern\u00e4hrung zu verwenden (nicht als Ersatz).<\/p>\n<h3 data-start=\"6183\" data-end=\"6243\">Ist Whey Protein 80 f\u00fcr Vegetarier und Veganer geeignet?<\/h3>\n<p data-start=\"6245\" data-end=\"6390\">Unser WPC80 ist f\u00fcr Vegetarier geeignet.<br data-start=\"6289\" data-end=\"6292\" \/>Da das Produkt aus Kuhmilch hergestellt wird, ist es nicht f\u00fcr eine vegane Ern\u00e4hrung geeignet.<\/p>\n<h3 data-start=\"6392\" data-end=\"6417\">Allergeninformationen<\/h3>\n<p data-start=\"6419\" data-end=\"6545\">Unser Molkenkonzentrat wird aus reiner Molke aus Kuhmilch hergestellt.<br data-start=\"6493\" data-end=\"6496\" \/>Das Produkt enth\u00e4lt keine weiteren Allergene.<\/p>\n<h3 data-start=\"6547\" data-end=\"6569\">Haftungsausschluss<\/h3>\n<p data-start=\"6571\" data-end=\"6922\">Die Einnahme von Whey Protein als Nahrungserg\u00e4nzung gilt im Allgemeinen als sicher f\u00fcr die meisten Menschen. Wenn Sie an einer Krankheit leiden oder eine spezielle Di\u00e4t einhalten, besprechen Sie mit Ihrem Arzt oder Ern\u00e4hrungsberater, ob dieses Produkt zu Ihrem Ern\u00e4hrungsplan passt. Sie k\u00f6nnen Ihnen auch Empfehlungen zur t\u00e4glichen Eiwei\u00dfzufuhr geben.<\/p>\n","protected":false},"excerpt":{"rendered":"<p data-start=\"418\" data-end=\"487\"><strong>0 % S\u00fc\u00dfstoffe<\/strong><br data-start=\"431\" data-end=\"434\" \/><strong>0 % Farbstoffe<\/strong><br data-start=\"448\" data-end=\"451\" \/><strong>0 % Aromen<\/strong><br data-start=\"461\" data-end=\"464\" \/><strong>0 % Verdickungsmittel<\/strong><\/p>\n<p data-start=\"489\" data-end=\"735\">\u2713 Enth\u00e4lt ca. 80 % reines Eiwei\u00df<br data-start=\"521\" data-end=\"524\" \/>\u2713 Fett- und kohlenhydratarm<br data-start=\"551\" data-end=\"554\" \/>\u2713 Kaufen Sie einen 20-kg-Sack und sparen Sie \u00fcber \u20ac300!<br data-start=\"610\" data-end=\"613\" \/>\u2713 Hervorragend geeignet als Zutat f\u00fcr eiwei\u00dfreiche Backwaren<br data-start=\"673\" data-end=\"676\" \/>\u2713 Unterst\u00fctzt die Muskelregeneration &amp; das Muskelwachstum<\/p>\n<p><em>Die Produktspezifikation finden Sie <span style=\"color: #3366ff;\"><strong><a style=\"color: #3366ff;\" href=\"https:\/\/bestwayingredients.com\/wp-content\/uploads\/2024\/05\/WPC-INSTANT-VERSIE-041120.6.pdf\" target=\"_blank\" rel=\"noopener noreferrer\">hier<\/a><\/strong><\/span><\/em><\/p>\n","protected":false},"featured_media":24285,"template":"","meta":{"_acf_changed":false,"footnotes":""},"product_brand":[],"product_cat":[203],"product_tag":[],"class_list":{"0":"post-7945","1":"product","2":"type-product","3":"status-publish","4":"has-post-thumbnail","6":"product_cat-molkenprotein","8":"first","9":"instock","10":"taxable","11":"shipping-taxable","12":"purchasable","13":"product-type-variable"},"acf":[],"_links":{"self":[{"href":"https:\/\/bestwayingredients.com\/de\/wp-json\/wp\/v2\/product\/7945","targetHints":{"allow":["GET"]}}],"collection":[{"href":"https:\/\/bestwayingredients.com\/de\/wp-json\/wp\/v2\/product"}],"about":[{"href":"https:\/\/bestwayingredients.com\/de\/wp-json\/wp\/v2\/types\/product"}],"version-history":[{"count":20,"href":"https:\/\/bestwayingredients.com\/de\/wp-json\/wp\/v2\/product\/7945\/revisions"}],"predecessor-version":[{"id":47112,"href":"https:\/\/bestwayingredients.com\/de\/wp-json\/wp\/v2\/product\/7945\/revisions\/47112"}],"wp:featuredmedia":[{"embeddable":true,"href":"https:\/\/bestwayingredients.com\/de\/wp-json\/wp\/v2\/media\/24285"}],"wp:attachment":[{"href":"https:\/\/bestwayingredients.com\/de\/wp-json\/wp\/v2\/media?parent=7945"}],"wp:term":[{"taxonomy":"product_brand","embeddable":true,"href":"https:\/\/bestwayingredients.com\/de\/wp-json\/wp\/v2\/product_brand?post=7945"},{"taxonomy":"product_cat","embeddable":true,"href":"https:\/\/bestwayingredients.com\/de\/wp-json\/wp\/v2\/product_cat?post=7945"},{"taxonomy":"product_tag","embeddable":true,"href":"https:\/\/bestwayingredients.com\/de\/wp-json\/wp\/v2\/product_tag?post=7945"}],"curies":[{"name":"wp","href":"https:\/\/api.w.org\/{rel}","templated":true}]}}