{"id":7950,"date":"2020-03-23T14:39:00","date_gmt":"2020-03-23T13:39:00","guid":{"rendered":"https:\/\/bestwayingredients.com\/product\/weipoeder-de\/"},"modified":"2024-01-24T12:31:02","modified_gmt":"2024-01-24T11:31:02","slug":"molkenpulver","status":"publish","type":"product","link":"https:\/\/bestwayingredients.com\/de\/produkt\/molkenpulver\/","title":{"rendered":"Molkenpulver"},"content":{"rendered":"<h3>Molkenpulver<\/h3>\n<p>Molkenpulver eignet sich f\u00fcr viele Verwendungsm\u00f6glichkeiten: Backwaren, Snacks, Schokolade und S\u00fc\u00dfwaren, Eis, Desserts oder Suppen, Saucen und Schmelzk\u00e4se.<\/p>\n<p>Molken wird aus frischer Molke hergestellt, einem Nebenprodukt der K\u00e4seherstellung. Nach der Pasteurisierung, Kristallisierung und Verdickung wird das Produkt spr\u00fchgetrocknet, um ein homogenes Pulver zu erhalten.<\/p>\n<p>Molkenpulver ist in 25 kg Beuteln erh\u00e4ltlich. Das Molkenpulver kann in unge\u00f6ffneter Originalverpackung mindestens 24 Monate aufbewahrt werden. Das Produkt sollte an einem k\u00fchlen (&lt; 25 \u2103), trockenen und geruchlosen Ort aufbewahrt werden.<\/p>\n","protected":false},"excerpt":{"rendered":"<p>Molkenpulver eignet sich f\u00fcr viele Verwendungsm\u00f6glichkeiten: Backwaren, Snacks, Schokolade und S\u00fc\u00dfwaren, Eis, Desserts oder Suppen, Saucen und Schmelzk\u00e4se.<\/p>\n<p>Molken wird aus frischer Molke hergestellt, einem Nebenprodukt der K\u00e4seherstellung. Nach der Pasteurisierung, Kristallisierung und Verdickung wird das Produkt spr\u00fchgetrocknet, um ein homogenes Pulver zu erhalten.<\/p>\n<p>Suchen Sie ein Molkenpulver mit einem h\u00f6heren Proteingehalt f\u00fcr Ihre Sport- oder Di\u00e4tnahrung?<br \/>\nF\u00fcr diesen Zweck sind unser Molkenprotein-Konzentrat und das Molkenprotein-Isolat dann besser geeignet.<\/p>\n","protected":false},"featured_media":30666,"template":"","meta":{"_acf_changed":false,"footnotes":""},"product_brand":[],"product_cat":[],"product_tag":[],"class_list":{"0":"post-7950","1":"product","2":"type-product","3":"status-publish","4":"has-post-thumbnail","7":"first","8":"instock","9":"taxable","10":"shipping-taxable","11":"purchasable","12":"product-type-variable"},"acf":[],"_links":{"self":[{"href":"https:\/\/bestwayingredients.com\/de\/wp-json\/wp\/v2\/product\/7950","targetHints":{"allow":["GET"]}}],"collection":[{"href":"https:\/\/bestwayingredients.com\/de\/wp-json\/wp\/v2\/product"}],"about":[{"href":"https:\/\/bestwayingredients.com\/de\/wp-json\/wp\/v2\/types\/product"}],"version-history":[{"count":9,"href":"https:\/\/bestwayingredients.com\/de\/wp-json\/wp\/v2\/product\/7950\/revisions"}],"predecessor-version":[{"id":46532,"href":"https:\/\/bestwayingredients.com\/de\/wp-json\/wp\/v2\/product\/7950\/revisions\/46532"}],"wp:featuredmedia":[{"embeddable":true,"href":"https:\/\/bestwayingredients.com\/de\/wp-json\/wp\/v2\/media\/30666"}],"wp:attachment":[{"href":"https:\/\/bestwayingredients.com\/de\/wp-json\/wp\/v2\/media?parent=7950"}],"wp:term":[{"taxonomy":"product_brand","embeddable":true,"href":"https:\/\/bestwayingredients.com\/de\/wp-json\/wp\/v2\/product_brand?post=7950"},{"taxonomy":"product_cat","embeddable":true,"href":"https:\/\/bestwayingredients.com\/de\/wp-json\/wp\/v2\/product_cat?post=7950"},{"taxonomy":"product_tag","embeddable":true,"href":"https:\/\/bestwayingredients.com\/de\/wp-json\/wp\/v2\/product_tag?post=7950"}],"curies":[{"name":"wp","href":"https:\/\/api.w.org\/{rel}","templated":true}]}}