{"id":7953,"date":"2020-03-23T14:39:16","date_gmt":"2020-03-23T13:39:16","guid":{"rendered":"https:\/\/bestwayingredients.com\/product\/lactose-de\/"},"modified":"2025-03-03T11:25:50","modified_gmt":"2025-03-03T10:25:50","slug":"laktose","status":"publish","type":"product","link":"https:\/\/bestwayingredients.com\/de\/produkt\/laktose\/","title":{"rendered":"Laktose"},"content":{"rendered":"<h3 data-start=\"43\" data-end=\"67\">Laktose kaufen<\/h3>\n<p data-start=\"69\" data-end=\"535\">Die Laktose von Best Way Ingredients ist von hoher Qualit\u00e4t. Laktose kann in einer Vielzahl von Anwendungen verwendet werden, darunter Snacks, Fleischwaren, Backwaren, Bier, Schokolade und S\u00fc\u00dfwaren. Laktose kommt nat\u00fcrlicherweise in Milch vor. Wenn Sie Laktose verwenden m\u00f6chten, empfehlen wir Ihnen dringend, diese bei Best Way Ingredients zu kaufen. Wir bieten nicht nur den besten Service, sondern auch eine gleichbleibend hohe Qualit\u00e4t!<\/p>\n<h3 data-start=\"537\" data-end=\"593\">Laktose: Die Qualit\u00e4t von Best Way Ingredients<\/h3>\n<p data-start=\"595\" data-end=\"921\">Die Laktose von Best Way Ingredients ist in 25-Kilogramm-S\u00e4cken erh\u00e4ltlich. Sie erhalten das Produkt in einer versiegelten Verpackung, die mindestens 24 Monate ab Produktionsdatum haltbar ist. Wir empfehlen, die Laktose an einem k\u00fchlen, trockenen und geruchsfreien Ort zu lagern, um die Qualit\u00e4t zu erhalten.<\/p>\n<p data-start=\"923\" data-end=\"1098\">Best Way Ingredients steht f\u00fcr hochwertige und gleichbleibende Qualit\u00e4t. Unser Unternehmen legt gro\u00dfen Wert auf h\u00f6chste Qualit\u00e4t und bietet unseren Kunden nur das Beste.<\/p>\n<h3 data-start=\"1100\" data-end=\"1162\">Laktose kaufen: Der Service von Best Way Ingredients<\/h3>\n<p data-start=\"1164\" data-end=\"1379\">Neben der erstklassigen Laktose legen wir gro\u00dfen Wert auf hervorragenden Kundenservice. Best Way Ingredients ist bei seinen vielen Kunden f\u00fcr seine Kundenfreundlichkeit und exzellenten Service bekannt.<\/p>\n<h3 data-start=\"1381\" data-end=\"1422\">Kontakt zu Best Way Ingredients<\/h3>\n<p data-start=\"1424\" data-end=\"1724\">Neben der schnellen Lieferung unserer Laktose und anderer Milchpulver ist es uns wichtig, dass Sie uns bei Fragen, Anmerkungen oder eventuellen Problemen jederzeit erreichen k\u00f6nnen. \u00dcber die &#8222;Kontakt&#8220;-Seite auf unserer Website haben Sie die M\u00f6glichkeit, Ihre Fragen direkt an uns zu senden.<br \/>\nAn Werktagen sind wir von 08:30 bis 17:00 Uhr telefonisch erreichbar. Unser freundliches und spezialisiertes Team steht Ihnen jederzeit zur Verf\u00fcgung, um Ihre Fragen zu beantworten, Sie zu beraten, Preise zu besprechen oder eventuelle Probleme zu l\u00f6sen.<\/p>\n<p data-start=\"1991\" data-end=\"2093\">Als Lieferant und Gro\u00dfh\u00e4ndler f\u00fcr Laktose hat bei uns Kundenzufriedenheit h\u00f6chste Priorit\u00e4t!<\/p>\n<p data-start=\"2095\" data-end=\"2200\">Z\u00f6gern Sie nicht l\u00e4nger und entscheiden Sie sich daf\u00fcr, Laktose bei Best Way Ingredients zu kaufen!<\/p>\n","protected":false},"excerpt":{"rendered":"<p data-start=\"135\" data-end=\"421\">Laktose, auch bekannt als Milchzucker, ist ein essenzieller Inhaltsstoff, der sowohl in der Lebensmittelindustrie als auch in der pharmazeutischen Industrie verwendet wird. Dank ihrer einzigartigen Eigenschaften bietet Laktose zahlreiche Vorteile in verschiedenen Anwendungen:<\/p>\n<p data-start=\"423\" data-end=\"723\"><strong data-start=\"425\" data-end=\"441\"><span style=\"color: #3366ff;\">\u2713 <\/span>Lebensmittel<\/strong> \u2013 Enthalten in Backwaren, Snacks, Fleischprodukten, Salatdressings, Gew\u00fcrzen, Bier, Schokolade, S\u00fc\u00dfwaren, Speiseeis, Desserts, Suppen und So\u00dfen.<br data-start=\"590\" data-end=\"593\" \/><strong data-start=\"595\" data-end=\"624\"><span style=\"color: #3366ff;\">\u2713 <\/span>Pharmazeutische Industrie<\/strong> \u2013 H\u00e4ufig verwendet als F\u00fcllstoff und Bindemittel in Arzneimitteln wie Tabletten und Kapseln.<\/p>\n<p><em>Die Produktspezifikation finden Sie <a href=\"https:\/\/bestwayingredients.com\/wp-content\/uploads\/2024\/05\/LACTOSE-VERSION-091120.2.pdf\" target=\"_blank\" rel=\"noopener\"><strong>hier<\/strong><\/a>.<\/em><\/p>\n","protected":false},"featured_media":7954,"template":"","meta":{"_acf_changed":false,"footnotes":""},"product_brand":[],"product_cat":[202],"product_tag":[],"class_list":{"0":"post-7953","1":"product","2":"type-product","3":"status-publish","4":"has-post-thumbnail","6":"product_cat-laktose","8":"first","9":"instock","10":"taxable","11":"shipping-taxable","12":"purchasable","13":"product-type-variable"},"acf":[],"_links":{"self":[{"href":"https:\/\/bestwayingredients.com\/de\/wp-json\/wp\/v2\/product\/7953","targetHints":{"allow":["GET"]}}],"collection":[{"href":"https:\/\/bestwayingredients.com\/de\/wp-json\/wp\/v2\/product"}],"about":[{"href":"https:\/\/bestwayingredients.com\/de\/wp-json\/wp\/v2\/types\/product"}],"version-history":[{"count":8,"href":"https:\/\/bestwayingredients.com\/de\/wp-json\/wp\/v2\/product\/7953\/revisions"}],"predecessor-version":[{"id":48872,"href":"https:\/\/bestwayingredients.com\/de\/wp-json\/wp\/v2\/product\/7953\/revisions\/48872"}],"wp:featuredmedia":[{"embeddable":true,"href":"https:\/\/bestwayingredients.com\/de\/wp-json\/wp\/v2\/media\/7954"}],"wp:attachment":[{"href":"https:\/\/bestwayingredients.com\/de\/wp-json\/wp\/v2\/media?parent=7953"}],"wp:term":[{"taxonomy":"product_brand","embeddable":true,"href":"https:\/\/bestwayingredients.com\/de\/wp-json\/wp\/v2\/product_brand?post=7953"},{"taxonomy":"product_cat","embeddable":true,"href":"https:\/\/bestwayingredients.com\/de\/wp-json\/wp\/v2\/product_cat?post=7953"},{"taxonomy":"product_tag","embeddable":true,"href":"https:\/\/bestwayingredients.com\/de\/wp-json\/wp\/v2\/product_tag?post=7953"}],"curies":[{"name":"wp","href":"https:\/\/api.w.org\/{rel}","templated":true}]}}