{"id":7959,"date":"2020-03-23T14:39:37","date_gmt":"2020-03-23T13:39:37","guid":{"rendered":"https:\/\/bestwayingredients.com\/product\/volle-melkpoeder-de\/"},"modified":"2026-03-04T15:59:14","modified_gmt":"2026-03-04T14:59:14","slug":"vollmilchpulver","status":"publish","type":"product","link":"https:\/\/bestwayingredients.com\/de\/produkt\/vollmilchpulver\/","title":{"rendered":"Vollmilchpulver"},"content":{"rendered":"<h3>Vollmilchpulver<\/h3>\n<p>Vollmilchpulver ist ein vielseitiges Produkt. Vollmilchpulver eignet sich f\u00fcr viele Verwendungsm\u00f6glichkeiten: Backwaren, Schokolade und S\u00fc\u00dfwaren, Eis, Desserts oder Suppen und Saucen.<br \/>\n<strong><br \/>\n<\/strong>Vollmilchpulver wird aus frischer Kuhmilch hergestellt. Nach der Pasteurisierung und Standardisierung wird die Milch verdickt und spr\u00fchgetrocknet, um ein Pulver zu erhalten.<\/p>\n<p>Unser Vollmilchpulver ist in 1, 5 und 25 kg Beuteln erh\u00e4ltlich und kann in unge\u00f6ffneter Originalverpackung mindestens 18 Monate aufbewahrt werden. Das Produkt sollte an einem k\u00fchlen (&lt; 25 \u2103), trockenen und geruchlosen Ort aufbewahrt werden.<\/p>\n","protected":false},"excerpt":{"rendered":"<p><strong><span class=\"Y2IQFc\" lang=\"de\">0 % S\u00fc\u00dfstoffe<br \/>\n0 % Farbstoffe<br \/>\n0 % Aromen<br \/>\n0 % Verdickungsmittel<\/span><\/strong><\/p>\n<p><span class=\"Y2IQFc\" lang=\"de\">\u2713 Lange Haltbarkeit<\/span><br \/>\n<span class=\"Y2IQFc\" lang=\"de\">\u2713 Platzsparend (muss gar nicht gek\u00fchlt werden)<br \/>\n\u2713 Auch sehr gut geeignet als Trinkmilch<\/span><br \/>\n\u2713 Sehr geeignet als Zutat f\u00fcr Schokolade<br \/>\n\u2713 Vielseitig einsetzbar in zahlreichen (Back)rezepte<\/p>\n<p>Wann sollten Sie Vollmilchpulver <strong>Instant<\/strong> w\u00e4hlen?<br \/>\nWenn die L\u00f6slichkeit besonders wichtig ist.<br \/>\nM\u00f6chten Sie unser Vollmilchpulver nach Zugabe von Wasser als Milch konsumieren?<br \/>\nDann empfehlen wir Ihnen unser Vollmilchpulver Instant.<\/p>\n<p>M\u00f6chten Sie unser Vollmilchpulver als Zutat in einem Rezept verwenden (z. B. f\u00fcr Pfannkuchen), dann gen\u00fcgt unser normales Vollmilchpulver.<\/p>\n<p><span style=\"color: #fa0505;\"><em><strong>25% Rabatt auf 1 &amp; 5 Kg-Packungen aufgrund des Mindesthaltbarkeitsdatums auf der Verpackung ab dem 03.06.2026.<\/strong><\/em><\/span><\/p>\n","protected":false},"featured_media":7960,"template":"","meta":{"_acf_changed":false,"footnotes":""},"product_brand":[],"product_cat":[200],"product_tag":[],"class_list":{"0":"post-7959","1":"product","2":"type-product","3":"status-publish","4":"has-post-thumbnail","6":"product_cat-melkpaeder","8":"first","9":"instock","10":"sale","11":"taxable","12":"shipping-taxable","13":"purchasable","14":"product-type-variable"},"acf":[],"_links":{"self":[{"href":"https:\/\/bestwayingredients.com\/de\/wp-json\/wp\/v2\/product\/7959","targetHints":{"allow":["GET"]}}],"collection":[{"href":"https:\/\/bestwayingredients.com\/de\/wp-json\/wp\/v2\/product"}],"about":[{"href":"https:\/\/bestwayingredients.com\/de\/wp-json\/wp\/v2\/types\/product"}],"version-history":[{"count":20,"href":"https:\/\/bestwayingredients.com\/de\/wp-json\/wp\/v2\/product\/7959\/revisions"}],"predecessor-version":[{"id":50469,"href":"https:\/\/bestwayingredients.com\/de\/wp-json\/wp\/v2\/product\/7959\/revisions\/50469"}],"wp:featuredmedia":[{"embeddable":true,"href":"https:\/\/bestwayingredients.com\/de\/wp-json\/wp\/v2\/media\/7960"}],"wp:attachment":[{"href":"https:\/\/bestwayingredients.com\/de\/wp-json\/wp\/v2\/media?parent=7959"}],"wp:term":[{"taxonomy":"product_brand","embeddable":true,"href":"https:\/\/bestwayingredients.com\/de\/wp-json\/wp\/v2\/product_brand?post=7959"},{"taxonomy":"product_cat","embeddable":true,"href":"https:\/\/bestwayingredients.com\/de\/wp-json\/wp\/v2\/product_cat?post=7959"},{"taxonomy":"product_tag","embeddable":true,"href":"https:\/\/bestwayingredients.com\/de\/wp-json\/wp\/v2\/product_tag?post=7959"}],"curies":[{"name":"wp","href":"https:\/\/api.w.org\/{rel}","templated":true}]}}