{"id":7965,"date":"2020-03-23T14:39:56","date_gmt":"2020-03-23T13:39:56","guid":{"rendered":"https:\/\/bestwayingredients.com\/product\/volle-melkpoeder-instant-de\/"},"modified":"2025-04-30T09:02:56","modified_gmt":"2025-04-30T07:02:56","slug":"vollmilchpulver-instant","status":"publish","type":"product","link":"https:\/\/bestwayingredients.com\/de\/produkt\/vollmilchpulver-instant\/","title":{"rendered":"Vollmilchpulver Instant"},"content":{"rendered":"<h3>Vollmilchpulver Instant<\/h3>\n<div class=\"flex-1 overflow-hidden @container\/thread translate-y-[2rem] -mt-[2rem] pb-[1.5rem]\">\n<div class=\"relative h-full\">\n<div class=\"flex h-full flex-col overflow-y-auto [scrollbar-gutter:stable]\">\n<div class=\"flex flex-col text-sm md:pb-9\">\n<article class=\"w-full text-token-text-primary focus-visible:outline-2 focus-visible:outline-offset-[-4px]\" dir=\"auto\" data-testid=\"conversation-turn-21\" data-scroll-anchor=\"true\">\n<div class=\"m-auto text-base py-[18px] px-6\">\n<div class=\"mx-auto flex flex-1 text-base gap-4 md:gap-5 lg:gap-6 md:max-w-3xl lg:max-w-[40rem] xl:max-w-[48rem]\">\n<div class=\"group\/conversation-turn relative flex w-full min-w-0 flex-col agent-turn @xs\/thread:px-0 @sm\/thread:px-1.5 @md\/thread:px-4\">\n<div class=\"flex-col gap-1 md:gap-3\">\n<div class=\"flex max-w-full flex-col flex-grow\">\n<div class=\"min-h-8 text-message relative flex w-full flex-col items-end gap-2 whitespace-normal break-words text-start [.text-message+&amp;]:mt-5\" dir=\"auto\" data-message-author-role=\"assistant\" data-message-id=\"8befab77-29b3-4aba-8433-6da931c18ca4\" data-message-model-slug=\"gpt-4o-mini\">\n<div class=\"flex w-full flex-col gap-1 empty:hidden first:pt-[3px]\">\n<div class=\"markdown prose w-full break-words dark:prose-invert light\">\n<p data-start=\"29\" data-end=\"235\">Suchen Sie nach einem hochwertigen und vielseitigen Milchpulver? Unser Instant Vollmilchpulver, hergestellt aus frischer, pasteurisierter Kuhmilch, eignet sich perfekt f\u00fcr eine Vielzahl von Anwendungen.<\/p>\n<h3 data-start=\"237\" data-end=\"307\">Wann sollten Sie sich f\u00fcr Instant Vollmilchpulver entscheiden?<\/h3>\n<p data-start=\"309\" data-end=\"395\">Die Wahl zwischen Instant- und regul\u00e4rem Vollmilchpulver h\u00e4ngt von Ihrer Anwendung ab:<\/p>\n<p>\u2714 M\u00f6chten Sie Milchpulver f\u00fcr Trinkmilch verwenden? Dann empfehlen wir unser Instant Vollmilchpulver, da es sich besonders gut in Wasser l\u00f6st.<br \/>\n\u2714 Verwenden Sie Milchpulver als Zutat in Rezepten, wie zum Beispiel f\u00fcr Pfannkuchen oder Backwaren? Dann reicht das <a href=\"https:\/\/bestwayingredients.com\/de\/produkt\/vollmilchpulver\/\"><em>regul\u00e4re Vollmilchpulver<\/em><\/a> aus.<\/p>\n<h3 data-start=\"698\" data-end=\"727\">Vielseitig im Einsatz<\/h3>\n<p data-start=\"729\" data-end=\"815\">Dank seiner ausgezeichneten L\u00f6slichkeit ist unser Instant Vollmilchpulver ideal f\u00fcr:<\/p>\n<p>\u2714 Backwaren \u2013 Perfekt f\u00fcr Brot, Kuchen und andere Teigwaren.<br \/>\n\u2714 Schokolade und S\u00fc\u00dfwaren \u2013 Verbessert Textur und Geschmack.<br \/>\n\u2714 Eiscreme und Desserts \u2013 Sorgt f\u00fcr einen cremigen und vollen Geschmack.<br \/>\n\u2714 Suppen und Saucen \u2013 Tr\u00e4gt zu einer reichen und glatten Konsistenz bei.Trinkmilch \u2013 Einfach mit kaltem Wasser zu einem k\u00f6stlichen Glas Milch vermischen.<br \/>\n\u2714 Kaffee (Automaten) \u2013 Geeignet f\u00fcr den Einsatz in Kaffeemaschinen und ideal zum Aufsch\u00e4umen f\u00fcr eine cremige Kaffeezubereitung.<\/p>\n<h3 data-start=\"1331\" data-end=\"1357\">Produktionsprozess<\/h3>\n<p data-start=\"1359\" data-end=\"1554\">Vollmilchpulver wird aus frischer Kuhmilch hergestellt. Nachdem die Milch pasteurisiert und standardisiert wurde, wird sie eingedickt und durch ein Spr\u00fchtrocknungsverfahren zu Pulver verarbeitet.<\/p>\n<h3 data-start=\"1556\" data-end=\"1588\">Verpackung &amp; Haltbarkeit<\/h3>\n<p data-start=\"1590\" data-end=\"1694\">Unser Instant Vollmilchpulver ist in praktischen Verpackungen von <strong data-start=\"1656\" data-end=\"1680\">1 kg, 5 kg und 25 kg<\/strong> erh\u00e4ltlich.<\/p>\n<p>\u2714 Haltbarkeit: Mindestens 18 Monate nach dem Produktionsdatum in unge\u00f6ffneter Verpackung.<br \/>\n\u2714 Lagerung: K\u00fchl (&lt;25\u00b0C), trocken und geruchsfrei aufbewahren f\u00fcr optimale Qualit\u00e4t.<br \/>\n<em>M\u00f6chten Sie wissen, welche Charge und Haltbarkeit derzeit vorr\u00e4tig ist? Kontaktieren Sie uns gerne!<\/em><\/p>\n<h3 data-start=\"0\" data-end=\"23\">Allergeninformation<\/h3>\n<p data-start=\"25\" data-end=\"208\" data-is-last-node=\"\" data-is-only-node=\"\">Instant Vollmilchpulver wird aus Kuh<strong>milch<\/strong> hergestellt.<br data-start=\"86\" data-end=\"89\" \/>Das Produkt enth\u00e4lt eine kleine Menge <strong>Soja<\/strong>lecithin (f\u00fcr gute L\u00f6slichkeit in kaltem Wasser) sowie die Vitamine A und D3.<\/p>\n<h3 data-start=\"1987\" data-end=\"2011\">Jetzt Bestellen!<\/h3>\n<p data-start=\"2013\" data-end=\"2263\">Egal, ob Sie ein Hobbyb\u00e4cker, Chocolatier oder Lebensmittelproduzent sind, unser <strong data-start=\"2094\" data-end=\"2121\">Instant Vollmilchpulver<\/strong> ist die beste Wahl f\u00fcr Qualit\u00e4t und Vielseitigkeit.<br data-start=\"2173\" data-end=\"2176\" \/>Bestellen Sie noch heute und erleben Sie die Vorteile dieses vielseitigen Milchpulvers!<\/p>\n<\/div>\n<\/div>\n<\/div>\n<\/div>\n<\/div>\n<\/div>\n<\/div>\n<\/div>\n<\/article>\n<\/div>\n<\/div>\n<\/div>\n<\/div>\n","protected":false},"excerpt":{"rendered":"<p id=\"tw-target-text\" class=\"tw-data-text tw-text-large tw-ta\" dir=\"ltr\" data-placeholder=\"Vertaling\"><strong><span class=\"Y2IQFc\" lang=\"de\">0 % S\u00fc\u00dfstoffe<br \/>\n0 % Farbstoffe<br \/>\n0 % Aromen<br \/>\n0 % Verdickungsmittel<\/span><\/strong><\/p>\n<p dir=\"ltr\" data-placeholder=\"Vertaling\"><span class=\"Y2IQFc\" lang=\"de\"><span style=\"color: #3366ff;\">\u2713<\/span> Immer Milch im Haus<br \/>\n<span style=\"color: #3366ff;\">\u2713<\/span> Lange Haltbarkeit<br \/>\n<span style=\"color: #3366ff;\">\u2713<\/span> Platzsparend (muss gar nicht gek\u00fchlt werden)<br \/>\n<span style=\"color: #3366ff;\">\u2713<\/span> Sehr gut geeignet als Trinkmilch<br \/>\n<span style=\"color: #3366ff;\">\u2713<\/span> Geeignet f\u00fcr Kaffee und Kaffeemaschinen<\/span><\/p>\n<p><em>Die Produktspezifikation finden Sie <a href=\"https:\/\/bestwayingredients.com\/wp-content\/uploads\/2024\/05\/WPC-INSTANT-VERSIE-041120.6.pdf\"><strong>hier<\/strong><\/a>.<\/em><\/p>\n","protected":false},"featured_media":7966,"template":"","meta":{"_acf_changed":false,"footnotes":""},"product_brand":[],"product_cat":[200],"product_tag":[],"class_list":{"0":"post-7965","1":"product","2":"type-product","3":"status-publish","4":"has-post-thumbnail","6":"product_cat-melkpaeder","8":"first","9":"instock","10":"taxable","11":"shipping-taxable","12":"purchasable","13":"product-type-variable"},"acf":[],"_links":{"self":[{"href":"https:\/\/bestwayingredients.com\/de\/wp-json\/wp\/v2\/product\/7965","targetHints":{"allow":["GET"]}}],"collection":[{"href":"https:\/\/bestwayingredients.com\/de\/wp-json\/wp\/v2\/product"}],"about":[{"href":"https:\/\/bestwayingredients.com\/de\/wp-json\/wp\/v2\/types\/product"}],"version-history":[{"count":20,"href":"https:\/\/bestwayingredients.com\/de\/wp-json\/wp\/v2\/product\/7965\/revisions"}],"predecessor-version":[{"id":49088,"href":"https:\/\/bestwayingredients.com\/de\/wp-json\/wp\/v2\/product\/7965\/revisions\/49088"}],"wp:featuredmedia":[{"embeddable":true,"href":"https:\/\/bestwayingredients.com\/de\/wp-json\/wp\/v2\/media\/7966"}],"wp:attachment":[{"href":"https:\/\/bestwayingredients.com\/de\/wp-json\/wp\/v2\/media?parent=7965"}],"wp:term":[{"taxonomy":"product_brand","embeddable":true,"href":"https:\/\/bestwayingredients.com\/de\/wp-json\/wp\/v2\/product_brand?post=7965"},{"taxonomy":"product_cat","embeddable":true,"href":"https:\/\/bestwayingredients.com\/de\/wp-json\/wp\/v2\/product_cat?post=7965"},{"taxonomy":"product_tag","embeddable":true,"href":"https:\/\/bestwayingredients.com\/de\/wp-json\/wp\/v2\/product_tag?post=7965"}],"curies":[{"name":"wp","href":"https:\/\/api.w.org\/{rel}","templated":true}]}}