{"id":7979,"date":"2020-03-23T14:41:07","date_gmt":"2020-03-23T13:41:07","guid":{"rendered":"https:\/\/bestwayingredients.com\/product\/karnemelkpoeder-de\/"},"modified":"2024-05-27T16:01:53","modified_gmt":"2024-05-27T14:01:53","slug":"buttermilchpulver","status":"publish","type":"product","link":"https:\/\/bestwayingredients.com\/de\/produkt\/buttermilchpulver\/","title":{"rendered":"Buttermilchpulver"},"content":{"rendered":"<h3>Buttermilchpulver<\/h3>\n<p>Buttermilchpulver kann in Eis und Desserts, Schokolade und S\u00fc\u00dfwaren, Milch- und Erfrischungsgetr\u00e4nken sowie in Backwaren verwendet werden.<br \/>\nButtermilch ist das Nebenprodukt der Butterherstellung. Nach der Pasteurisierung und Eindickung wird die Buttermilch spr\u00fchgetrocknet, um ein homogenes Pulver zu erhalten.<\/p>\n<p>Buttermilchpulver ist in 25 kg Beuteln erh\u00e4ltlich und kann unge\u00f6ffnet mindestens 18 Monate aufbewahrt werden. Das Produkt sollte an einem k\u00fchlen (&lt; 25 \u2103), trockenen und geruchlosen Ort aufbewahrt werden.<\/p>\n","protected":false},"excerpt":{"rendered":"<p id=\"tw-target-text\" class=\"tw-data-text tw-text-large tw-ta\" dir=\"ltr\" data-placeholder=\"Vertaling\"><strong><span class=\"Y2IQFc\" lang=\"de\">0 % S\u00fc\u00dfstoffe<br \/>\n0 % Farbstoffe<br \/>\n0 % Aromen<br \/>\n0 % Verdickungsmittel<\/span><\/strong><\/p>\n<p dir=\"ltr\" data-placeholder=\"Vertaling\"><span class=\"Y2IQFc\" lang=\"de\">\u2713 Sehr gut geeignet als Geschmaksverst\u00e4rker in Eis und Schokolade<br \/>\n\u2713 Lange Haltbarkeit<br \/>\n\u2713 Platzsparend (muss gar nicht gek\u00fchlt werden)<\/span><\/p>\n","protected":false},"featured_media":7980,"template":"","meta":{"_acf_changed":false,"footnotes":""},"product_brand":[],"product_cat":[200],"product_tag":[],"class_list":{"0":"post-7979","1":"product","2":"type-product","3":"status-publish","4":"has-post-thumbnail","6":"product_cat-melkpaeder","8":"first","9":"outofstock","10":"taxable","11":"shipping-taxable","12":"product-type-variable","13":"has-default-attributes"},"acf":[],"_links":{"self":[{"href":"https:\/\/bestwayingredients.com\/de\/wp-json\/wp\/v2\/product\/7979","targetHints":{"allow":["GET"]}}],"collection":[{"href":"https:\/\/bestwayingredients.com\/de\/wp-json\/wp\/v2\/product"}],"about":[{"href":"https:\/\/bestwayingredients.com\/de\/wp-json\/wp\/v2\/types\/product"}],"version-history":[{"count":15,"href":"https:\/\/bestwayingredients.com\/de\/wp-json\/wp\/v2\/product\/7979\/revisions"}],"predecessor-version":[{"id":47396,"href":"https:\/\/bestwayingredients.com\/de\/wp-json\/wp\/v2\/product\/7979\/revisions\/47396"}],"wp:featuredmedia":[{"embeddable":true,"href":"https:\/\/bestwayingredients.com\/de\/wp-json\/wp\/v2\/media\/7980"}],"wp:attachment":[{"href":"https:\/\/bestwayingredients.com\/de\/wp-json\/wp\/v2\/media?parent=7979"}],"wp:term":[{"taxonomy":"product_brand","embeddable":true,"href":"https:\/\/bestwayingredients.com\/de\/wp-json\/wp\/v2\/product_brand?post=7979"},{"taxonomy":"product_cat","embeddable":true,"href":"https:\/\/bestwayingredients.com\/de\/wp-json\/wp\/v2\/product_cat?post=7979"},{"taxonomy":"product_tag","embeddable":true,"href":"https:\/\/bestwayingredients.com\/de\/wp-json\/wp\/v2\/product_tag?post=7979"}],"curies":[{"name":"wp","href":"https:\/\/api.w.org\/{rel}","templated":true}]}}