{"id":7983,"date":"2020-04-24T17:44:44","date_gmt":"2020-04-24T15:44:44","guid":{"rendered":"https:\/\/bestwayingredients.com\/product\/magere-melkpoeder-instant-de\/"},"modified":"2025-04-30T08:59:24","modified_gmt":"2025-04-30T06:59:24","slug":"magermilchpulver-instant","status":"publish","type":"product","link":"https:\/\/bestwayingredients.com\/de\/produkt\/magermilchpulver-instant\/","title":{"rendered":"Magermilchpulver (extra l\u00f6slich)"},"content":{"rendered":"<h3>Magermilchpulver (extra l\u00f6slich)<\/h3>\n<p>Magermilchpulver (extra l\u00f6slich) eignet sich f\u00fcr viele Verwendungsm\u00f6glichkeiten: Backwaren, Schokolade und S\u00fc\u00dfwaren, Eis, Desserts oder Suppen und Saucen. Aufgrund der hervorragenden L\u00f6slichkeit k\u00f6nnen Sie aus dem Magermilchpulver Instant auch Milch herstellen.<\/p>\n<p>Magermilchpulver wird aus frischer, entrahmter Kuhmilch hergestellt. Nach der Pasteurisierung und Standardisierung wird die Milch verdickt und spr\u00fchgetrocknet, um ein Pulver zu erhalten.<\/p>\n<p>Unser Magermilchpulver (extra l\u00f6slich) ist in 1 und 5 kg Beuteln erh\u00e4ltlich und kann in unge\u00f6ffneter Originalverpackung mindestens 24 Monate aufbewahrt werden. Das Produkt sollte an einem k\u00fchlen (&lt; 25 \u2103), trockenen und geruchlosen Ort aufbewahrt werden.<\/p>\n<p>&nbsp;<\/p>\n","protected":false},"excerpt":{"rendered":"<p><strong><span class=\"Y2IQFc\" lang=\"de\">0 % S\u00fc\u00dfstoffe<br \/>\n0 % Farbstoffe<br \/>\n0 % Aromen<br \/>\n0 % Verdickungsmittel<\/span><\/strong><\/p>\n<p><span style=\"color: #3366ff;\">\u2713<\/span> Ausgezeichnete L\u00f6slichkeit<br \/>\n<span style=\"color: #3366ff;\">\u2713<\/span> Enth\u00e4lt weniger als 1% Fett pro 100 Gramm<br \/>\n<span class=\"Y2IQFc\" lang=\"de\"><span style=\"color: #3366ff;\">\u2713<\/span> Passt zu einem gesunden Lebensstil<\/span><br \/>\n<span class=\"Y2IQFc\" lang=\"de\"><span style=\"color: #3366ff;\">\u2713<\/span> Sehr lange Haltbarkeit<\/span><br \/>\n<span class=\"Y2IQFc\" lang=\"de\"><span style=\"color: #3366ff;\">\u2713<\/span> Platzsparend (muss gar nicht gek\u00fchlt werden)<br \/>\n<\/span><span class=\"Y2IQFc\" lang=\"de\"><span style=\"color: #3366ff;\">\u2713<\/span> Sehr gut geeignet als Trinkmilch<\/span><\/p>\n<p><span style=\"color: #ff0000;\"><em><span style=\"color: #333333;\">Die Produktspezifikation finden Sie<\/span> <span style=\"color: #3366ff;\"><strong><a style=\"color: #3366ff;\" href=\"https:\/\/bestwayingredients.com\/wp-content\/uploads\/2024\/05\/INSTANT-SMP-VERSION-131120.2.pdf\" target=\"_blank\" rel=\"noopener noreferrer\">hier<\/a><\/strong><\/span><\/em><\/span><\/p>\n<p>M\u00f6chten Sie Magermilchpulver nach Zugabe von Wasser als Milch konsumieren?<br \/>\nDann empfehlen wir Ihnen unser Magermilchpulver (extra l\u00f6slich).<\/p>\n<p>Wenn Sie Magermilchpulver als Zutat in einem Rezept verwenden, dann gen\u00fcgt unser <a href=\"https:\/\/bestwayingredients.com\/de\/produkt\/magermilchpulver\/\">normales Magermilchpulver<\/a>.<em><br \/>\n<\/em><\/p>\n","protected":false},"featured_media":7984,"template":"","meta":{"_acf_changed":false,"footnotes":""},"product_brand":[],"product_cat":[200],"product_tag":[],"class_list":{"0":"post-7983","1":"product","2":"type-product","3":"status-publish","4":"has-post-thumbnail","6":"product_cat-melkpaeder","8":"first","9":"instock","10":"taxable","11":"shipping-taxable","12":"purchasable","13":"product-type-variable"},"acf":[],"_links":{"self":[{"href":"https:\/\/bestwayingredients.com\/de\/wp-json\/wp\/v2\/product\/7983","targetHints":{"allow":["GET"]}}],"collection":[{"href":"https:\/\/bestwayingredients.com\/de\/wp-json\/wp\/v2\/product"}],"about":[{"href":"https:\/\/bestwayingredients.com\/de\/wp-json\/wp\/v2\/types\/product"}],"version-history":[{"count":20,"href":"https:\/\/bestwayingredients.com\/de\/wp-json\/wp\/v2\/product\/7983\/revisions"}],"predecessor-version":[{"id":49082,"href":"https:\/\/bestwayingredients.com\/de\/wp-json\/wp\/v2\/product\/7983\/revisions\/49082"}],"wp:featuredmedia":[{"embeddable":true,"href":"https:\/\/bestwayingredients.com\/de\/wp-json\/wp\/v2\/media\/7984"}],"wp:attachment":[{"href":"https:\/\/bestwayingredients.com\/de\/wp-json\/wp\/v2\/media?parent=7983"}],"wp:term":[{"taxonomy":"product_brand","embeddable":true,"href":"https:\/\/bestwayingredients.com\/de\/wp-json\/wp\/v2\/product_brand?post=7983"},{"taxonomy":"product_cat","embeddable":true,"href":"https:\/\/bestwayingredients.com\/de\/wp-json\/wp\/v2\/product_cat?post=7983"},{"taxonomy":"product_tag","embeddable":true,"href":"https:\/\/bestwayingredients.com\/de\/wp-json\/wp\/v2\/product_tag?post=7983"}],"curies":[{"name":"wp","href":"https:\/\/api.w.org\/{rel}","templated":true}]}}