{"id":7990,"date":"2021-01-18T09:17:03","date_gmt":"2021-01-18T08:17:03","guid":{"rendered":"https:\/\/bestwayingredients.com\/product\/biologische-magere-melkpoeder-de\/"},"modified":"2026-02-27T17:20:36","modified_gmt":"2026-02-27T16:20:36","slug":"bio-magermilchpulver","status":"publish","type":"product","link":"https:\/\/bestwayingredients.com\/de\/produkt\/bio-magermilchpulver\/","title":{"rendered":"Bio-Magermilchpulver"},"content":{"rendered":"<h3 data-start=\"298\" data-end=\"330\">Was ist Bio Magermilchpulver?<\/h3>\n<p data-start=\"332\" data-end=\"692\">Bio Magermilchpulver wird aus frischer Bio Kuhmilch hergestellt, der nahezu das gesamte Fett entzogen wurde. Nach der Pasteurisierung und Standardisierung wird die Milch konzentriert und anschlie\u00dfend spr\u00fchgetrocknet, bis ein feines Pulver entsteht. Das Ergebnis ist eine Zutat mit sehr geringem Fettgehalt, langer Haltbarkeit und ohne Zusatzstoffe \u2013 ideal als zuverl\u00e4ssige Basiszutat f\u00fcr die Lebensmittelindustrie.<\/p>\n<h3 data-start=\"694\" data-end=\"733\">Anwendungen von Bio Magermilchpulver<\/h3>\n<p data-start=\"735\" data-end=\"797\">Bio Magermilchpulver wird in verschiedenen Bereichen eingesetzt, unter anderem in:<\/p>\n<ul data-start=\"799\" data-end=\"935\">\n<li data-start=\"799\" data-end=\"829\">\n<p data-start=\"801\" data-end=\"829\">B\u00e4ckereien und der S\u00fc\u00dfwarenindustrie<\/p>\n<\/li>\n<li data-start=\"830\" data-end=\"860\">\n<p data-start=\"832\" data-end=\"860\">Milch- und Dessertprodukten<\/p>\n<\/li>\n<li data-start=\"861\" data-end=\"890\">\n<p data-start=\"863\" data-end=\"890\">Sport- und Di\u00e4tern\u00e4hrung<\/p>\n<\/li>\n<li data-start=\"891\" data-end=\"935\">\n<p data-start=\"893\" data-end=\"935\">Saucen, Suppen und kulinarischen Anwendungen<\/p>\n<\/li>\n<\/ul>\n<h3 data-start=\"1201\" data-end=\"1249\">Zubereitung von Milch aus Bio Magermilchpulver<\/h3>\n<p data-start=\"1251\" data-end=\"1393\">L\u00f6sen Sie ca. 130 g Magermilchpulver in 900 ml Wasser auf. Verwenden Sie lauwarmes Wasser, um Klumpenbildung zu vermeiden und eine optimale L\u00f6slichkeit zu gew\u00e4hrleisten.<\/p>\n<h3 data-start=\"1395\" data-end=\"1409\">Haltbarkeit<\/h3>\n<p data-start=\"1411\" data-end=\"1573\">Bio Magermilchpulver hat eine Mindesthaltbarkeit von 24 Monaten, sofern es in der original verschlossenen Verpackung k\u00fchl (&lt; 25 \u00b0C), trocken und geruchsfrei gelagert wird.<\/p>\n<h3 data-start=\"1575\" data-end=\"1627\">Unterschied zwischen Bio Magermilchpulver und Bio Vollmilchpulver<\/h3>\n<p data-start=\"1629\" data-end=\"1731\">Magermilchpulver enth\u00e4lt weniger als 1 % Fett, w\u00e4hrend <strong><a href=\"https:\/\/bestwayingredients.com\/de\/produkt\/bio-vollmilchpulver\/\" target=\"_blank\" rel=\"noopener\"><span style=\"color: #3366ff;\">Bio Vollmilchpulver<\/span><\/a> <\/strong>etwa 26 % Fett enth\u00e4lt.<\/p>\n<p data-start=\"1629\" data-end=\"1731\">\n<div class=\"_tableContainer_1rjym_1\">\n<div class=\"group _tableWrapper_1rjym_13 flex w-fit flex-col-reverse\" tabindex=\"-1\">\n<table class=\"w-fit min-w-(--thread-content-width)\" style=\"border-style: solid; border-color: #918c8c; width: 80.1339%;\" data-start=\"1733\" data-end=\"2308\">\n<thead data-start=\"1733\" data-end=\"1794\">\n<tr data-start=\"1733\" data-end=\"1794\">\n<td style=\"border-style: solid; border-color: #969292; width: 23.2915%;\" data-start=\"1733\" data-end=\"1743\" data-col-size=\"sm\">Merkmal<\/td>\n<td style=\"border-style: solid; border-color: #969292; width: 40.3539%;\" data-start=\"1743\" data-end=\"1769\" data-col-size=\"md\"><strong>Bio Magermilchpulver<\/strong><\/td>\n<td style=\"border-style: solid; border-color: #969292; width: 43.1959%;\" data-start=\"1769\" data-end=\"1794\" data-col-size=\"md\"><strong>Bio Vollmilchpulver<\/strong><\/td>\n<\/tr>\n<\/thead>\n<tbody data-start=\"1860\" data-end=\"2308\">\n<tr data-start=\"1860\" data-end=\"1898\">\n<td style=\"border-style: solid; border-color: #969292; width: 23.2915%;\" data-start=\"1860\" data-end=\"1878\" data-col-size=\"sm\"><strong data-start=\"1862\" data-end=\"1877\">Fettgehalt<\/strong><\/td>\n<td style=\"border-style: solid; border-color: #969292; width: 40.3539%;\" data-col-size=\"md\" data-start=\"1878\" data-end=\"1888\">&lt; 1.5 %<\/td>\n<td style=\"border-style: solid; border-color: #969292; width: 43.1959%;\" data-col-size=\"md\" data-start=\"1888\" data-end=\"1898\">&gt; 26 %<\/td>\n<\/tr>\n<tr data-start=\"1899\" data-end=\"1951\">\n<td style=\"border-style: solid; border-color: #969292; width: 23.2915%;\" data-start=\"1899\" data-end=\"1924\" data-col-size=\"sm\"><strong data-start=\"1901\" data-end=\"1923\">Energie (pro 100 g)<\/strong><\/td>\n<td style=\"border-style: solid; border-color: #969292; width: 40.3539%;\" data-col-size=\"md\" data-start=\"1924\" data-end=\"1937\">\u00b1 350 kcal<\/td>\n<td style=\"border-style: solid; border-color: #969292; width: 43.1959%;\" data-col-size=\"md\" data-start=\"1937\" data-end=\"1951\">\u00b1 500 kcal<\/td>\n<\/tr>\n<tr data-start=\"1952\" data-end=\"1997\">\n<td style=\"border-style: solid; border-color: #969292; width: 23.2915%;\" data-start=\"1952\" data-end=\"1964\" data-col-size=\"sm\"><strong data-start=\"1954\" data-end=\"1963\">Geschmack<\/strong><\/td>\n<td style=\"border-style: solid; border-color: #969292; width: 40.3539%;\" data-col-size=\"md\" data-start=\"1964\" data-end=\"1981\">\u00a0Neutral, leicht<\/td>\n<td style=\"border-style: solid; border-color: #969292; width: 43.1959%;\" data-col-size=\"md\" data-start=\"1981\" data-end=\"1997\">\u00a0Cremig, voll<\/td>\n<\/tr>\n<tr data-start=\"1998\" data-end=\"2138\">\n<td style=\"border-style: solid; border-color: #969292; width: 23.2915%;\" data-start=\"1998\" data-end=\"2020\" data-col-size=\"sm\"><strong data-start=\"2000\" data-end=\"2019\">Verwendung in der Industrie<\/strong><\/td>\n<td style=\"border-style: solid; border-color: #969292; width: 40.3539%;\" data-col-size=\"md\" data-start=\"2020\" data-end=\"2080\">Geeignet f\u00fcr Sportern\u00e4hrung, B\u00e4ckereien, Saucen, Desserts<\/td>\n<td style=\"border-style: solid; border-color: #969292; width: 43.1959%;\" data-col-size=\"md\" data-start=\"2080\" data-end=\"2138\">B\u00e4ckereien, Saucen, DessertsGeeignet f\u00fcr Schokolade, Eiscreme, Vollmilchprodukte<\/td>\n<\/tr>\n<tr data-start=\"2139\" data-end=\"2218\">\n<td style=\"border-style: solid; border-color: #969292; width: 23.2915%;\" data-start=\"2139\" data-end=\"2175\" data-col-size=\"sm\"><strong data-start=\"2141\" data-end=\"2174\">Haltbarkeit (ab Produktion)<\/strong><\/td>\n<td style=\"border-style: solid; border-color: #969292; width: 40.3539%;\" data-col-size=\"md\" data-start=\"2175\" data-end=\"2196\">Mindestens 24 Monate<\/td>\n<td style=\"border-style: solid; border-color: #969292; width: 43.1959%;\" data-col-size=\"md\" data-start=\"2196\" data-end=\"2218\">Mindestens 18 Monate<\/td>\n<\/tr>\n<tr data-start=\"2219\" data-end=\"2308\">\n<td style=\"border-style: solid; border-color: #969292; width: 23.2915%;\" data-start=\"2219\" data-end=\"2245\" data-col-size=\"sm\"><strong data-start=\"2221\" data-end=\"2244\">Ern\u00e4hrungszweck<\/strong><\/td>\n<td style=\"border-style: solid; border-color: #969292; width: 40.3539%;\" data-col-size=\"md\" data-start=\"2245\" data-end=\"2269\">Fettarm, proteinreich<\/td>\n<td style=\"border-style: solid; border-color: #969292; width: 43.1959%;\" data-col-size=\"md\" data-start=\"2269\" data-end=\"2308\">\u00a0H\u00f6herer Fettgehalt f\u00fcr einen volleren Geschmack<\/td>\n<\/tr>\n<\/tbody>\n<\/table>\n<\/div>\n<\/div>\n<h3 data-start=\"2310\" data-end=\"2346\">Warum BEST WAY Ingredients w\u00e4hlen?<\/h3>\n<p data-start=\"2348\" data-end=\"2544\">Sie k\u00f6nnen sich auf gleichbleibende Qualit\u00e4t, zuverl\u00e4ssige Lieferung und attraktive Mengenrabatte verlassen. Dar\u00fcber hinaus profitieren Sie von einem breiten Sortiment an Milchzutaten aus einer Hand.<\/p>\n<h3 data-start=\"2546\" data-end=\"2585\">Eigenschaften unseres Bio Magermilchpulvers<\/h3>\n<ul data-start=\"2587\" data-end=\"2858\">\n<li data-start=\"2587\" data-end=\"2615\">\n<p data-start=\"2589\" data-end=\"2615\">Fettgehalt: &lt; 1,5 %<\/p>\n<\/li>\n<li data-start=\"2616\" data-end=\"2686\">\n<p data-start=\"2618\" data-end=\"2686\">Frei von: S\u00fc\u00dfungsmitteln, Farbstoffen, Aromastoffen und Verdickungsmitteln<\/p>\n<\/li>\n<li data-start=\"2687\" data-end=\"2748\">\n<p data-start=\"2689\" data-end=\"2748\">Haltbarkeit: mindestens 24 Monate (ab Produktionsdatum)<\/p>\n<\/li>\n<li data-start=\"2749\" data-end=\"2782\">\n<p data-start=\"2751\" data-end=\"2782\">Verpackung: 25-kg-Sack<\/p>\n<\/li>\n<li data-start=\"2783\" data-end=\"2858\">\n<p data-start=\"2785\" data-end=\"2858\">Lagerung: k\u00fchl, trocken (&lt; 25 \u00b0C) und geruchsfrei lagern<\/p>\n<\/li>\n<\/ul>\n<p data-start=\"2860\" data-end=\"2966\"><a href=\"\/?page_id=7091\" target=\"_blank\" rel=\"noopener\">Angebot f\u00fcr Bio Magermilchpulver anfordern<\/a><\/p>\n<h3 data-start=\"2968\" data-end=\"2990\">Lieferung &amp; Service<\/h3>\n<ul data-start=\"2992\" data-end=\"3234\">\n<li data-start=\"2992\" data-end=\"3065\">\n<p data-start=\"2994\" data-end=\"3065\">Kostenlose Lieferung innerhalb der Niederlande und Belgiens bei Bestellungen \u00fcber 50 \u20ac<\/p>\n<\/li>\n<li data-start=\"3066\" data-end=\"3113\">\n<p data-start=\"3068\" data-end=\"3113\">Mengenrabatte bei gr\u00f6\u00dferen Abnahmemengen<\/p>\n<\/li>\n<li data-start=\"3114\" data-end=\"3234\">\n<p data-start=\"3116\" data-end=\"3234\">Kundenorientierter Service \u2014 BEST WAY Ingredients unterst\u00fctzt Sie bei der Auswahl des richtigen Milchpulvers f\u00fcr Ihre Anwendung<\/p>\n<\/li>\n<\/ul>\n<h3 data-start=\"3236\" data-end=\"3275\">Warum mit BEST WAY Ingredients arbeiten?<\/h3>\n<ul data-start=\"3277\" data-end=\"3598\">\n<li data-start=\"3277\" data-end=\"3368\">\n<p data-start=\"3279\" data-end=\"3368\">Erfahrung &amp; Zuverl\u00e4ssigkeit: seit vielen Jahren Lieferant hochwertiger Milchzutaten<\/p>\n<\/li>\n<li data-start=\"3369\" data-end=\"3448\">\n<p data-start=\"3371\" data-end=\"3448\">Gleichbleibende Qualit\u00e4t: hergestellt unter strengen Hygiene- und Qualit\u00e4tsstandards<\/p>\n<\/li>\n<li data-start=\"3449\" data-end=\"3598\">\n<p data-start=\"3451\" data-end=\"3598\">Komplettes Sortiment: neben Magermilchpulver bieten wir auch <a href=\"https:\/\/bestwayingredients.com\/de\/produkt\/bio-vollmilchpulver\/\">Bio Vollmilchpulver <\/a>an.<\/p>\n<\/li>\n<\/ul>\n<p><a href=\"\/?page_id=7082\" target=\"_blank\" rel=\"noopener\">Sehen Sie sich unser vollst\u00e4ndiges Sortiment an Milchpulvern an.<\/a><\/p>\n<p><em>M\u00f6chten Sie wissen, welche Charge und welches Mindesthaltbarkeitsdatum aktuell auf Lager sind?<\/em><br data-start=\"3607\" data-end=\"3610\" \/><em><a href=\"\/?page_id=7091\" target=\"_blank\" rel=\"noopener\">Kontaktieren<\/a> Sie uns gerne!<\/em><\/p>\n","protected":false},"excerpt":{"rendered":"<p><strong><span class=\"Y2IQFc\" lang=\"de\">0 % S\u00fc\u00dfstoffe<br \/>\n0 % Farbstoffe<br \/>\n0 % Aromen<br \/>\n0 % Verdickungsmittel<\/span><\/strong><\/p>\n<p><span style=\"color: #3366ff;\">\u2713<\/span> Enth\u00e4lt weniger als 1% Fett pro 100 Gramm<br \/>\n<span class=\"Y2IQFc\" lang=\"de\"><span style=\"color: #3366ff;\">\u2713<\/span> Passt zu einem gesunden Lebensstil<\/span><br \/>\n<span class=\"Y2IQFc\" lang=\"de\"><span style=\"color: #3366ff;\">\u2713<\/span> Lange Haltbarkeit<\/span><br \/>\n<span class=\"Y2IQFc\" lang=\"de\"><span style=\"color: #3366ff;\">\u2713<\/span> Platzsparend (muss gar nicht gek\u00fchlt werden)<\/span><br \/>\n<span style=\"color: #3366ff;\">\u2713<\/span> Vielseitig einsetzbar in zahlreichen (Back)rezepte<\/p>\n<p><em>Die Produktspezifikation finden Sie\u00a0<strong><a href=\"https:\/\/bestwayingredients.com\/wp-content\/uploads\/2026\/02\/ORGANIC-SMP-VERSION-010221.2.pdf\" target=\"_blank\" rel=\"noopener\"><span style=\"color: #3366ff;\">hier<\/span><\/a><br \/>\n<\/strong><\/em>Klicken Sie <a href=\"https:\/\/bestwayingredients.com\/wp-content\/uploads\/2026\/01\/BWI-ENG-NL-BIO-01.528-0004255.2025.001.pdf\" target=\"_blank\" rel=\"noopener\"><em><strong><span style=\"color: #3366ff;\">hier<\/span><\/strong><\/em><\/a> um unser BIO Zertifikat herunterzuladen.<\/p>\n","protected":false},"featured_media":7973,"template":"","meta":{"_acf_changed":false,"footnotes":""},"product_brand":[],"product_cat":[200],"product_tag":[],"class_list":{"0":"post-7990","1":"product","2":"type-product","3":"status-publish","4":"has-post-thumbnail","6":"product_cat-melkpaeder","8":"first","9":"instock","10":"taxable","11":"shipping-taxable","12":"purchasable","13":"product-type-variable"},"acf":[],"_links":{"self":[{"href":"https:\/\/bestwayingredients.com\/de\/wp-json\/wp\/v2\/product\/7990","targetHints":{"allow":["GET"]}}],"collection":[{"href":"https:\/\/bestwayingredients.com\/de\/wp-json\/wp\/v2\/product"}],"about":[{"href":"https:\/\/bestwayingredients.com\/de\/wp-json\/wp\/v2\/types\/product"}],"version-history":[{"count":8,"href":"https:\/\/bestwayingredients.com\/de\/wp-json\/wp\/v2\/product\/7990\/revisions"}],"predecessor-version":[{"id":50417,"href":"https:\/\/bestwayingredients.com\/de\/wp-json\/wp\/v2\/product\/7990\/revisions\/50417"}],"wp:featuredmedia":[{"embeddable":true,"href":"https:\/\/bestwayingredients.com\/de\/wp-json\/wp\/v2\/media\/7973"}],"wp:attachment":[{"href":"https:\/\/bestwayingredients.com\/de\/wp-json\/wp\/v2\/media?parent=7990"}],"wp:term":[{"taxonomy":"product_brand","embeddable":true,"href":"https:\/\/bestwayingredients.com\/de\/wp-json\/wp\/v2\/product_brand?post=7990"},{"taxonomy":"product_cat","embeddable":true,"href":"https:\/\/bestwayingredients.com\/de\/wp-json\/wp\/v2\/product_cat?post=7990"},{"taxonomy":"product_tag","embeddable":true,"href":"https:\/\/bestwayingredients.com\/de\/wp-json\/wp\/v2\/product_tag?post=7990"}],"curies":[{"name":"wp","href":"https:\/\/api.w.org\/{rel}","templated":true}]}}